{"id":3,"date":"2023-09-12T15:24:22","date_gmt":"2023-09-12T15:24:22","guid":{"rendered":"http:\/\/monocrom.com\/?page_id=3"},"modified":"2025-09-04T14:31:26","modified_gmt":"2025-09-04T14:31:26","slug":"politica-de-privacidad","status":"publish","type":"page","link":"https:\/\/monocrom.com\/es\/privacy-policy\/","title":{"rendered":"Pol\u00edtica de privacidad"},"content":{"rendered":"<div class=\"vce-row-container\" data-vce-boxed-width=\"true\">\r\n<div id=\"el-2f78a56d\" class=\"vce-row vce-row--col-gap-30 vce-row-equal-height vce-row-content--top\" data-vce-do-apply=\"all el-2f78a56d\">\r\n<div class=\"vce-row-content\" data-vce-element-content=\"true\">\r\n<div id=\"el-922437df\" class=\"vce-col vce-col--md-auto vce-col--xs-1 vce-col--xs-last vce-col--xs-first vce-col--sm-last vce-col--sm-first vce-col--md-last vce-col--lg-last vce-col--xl-last vce-col--md-first vce-col--lg-first vce-col--xl-first\">\r\n<div class=\"vce-col-inner\" data-vce-do-apply=\"border margin background  el-922437df\">\r\n<div class=\"vce-col-content\" data-vce-element-content=\"true\" data-vce-do-apply=\"padding el-922437df\">\r\n<div class=\"vce-text-block\">\r\n<div id=\"el-c0ecf8cb\" class=\"vce-text-block-wrapper vce\" data-vce-do-apply=\"all el-c0ecf8cb\">\r\n<div class=\"wpb_text_column wpb_content_element\">\r\n<div class=\"wpb_wrapper\">\r\n<h3 class=\"wp-block-heading\">1. Informaci\u00f3n para el usuario<\/h3>\r\n<p><br \/><strong>\u00bfQui\u00e9n es el responsable del tratamiento de sus datos personales?<\/strong><\/p>\r\n<p>MONOCROM SL es el RESPONSABLE del tratamiento de los datos personales del USUARIO y le informa que dichos datos ser\u00e1n tratados de conformidad con lo establecido en el Reglamento (UE) 2016\/679, de 27 de abril (GDPR) y la Ley Org\u00e1nica 3\/2018, de 5 de diciembre (LOPDGDD).<\/p>\r\n<p><strong>\u00bfPor qu\u00e9 tratamos sus datos personales?<\/strong><\/p>\r\n<p>Mantener una relaci\u00f3n comercial con el usuario. Las operaciones de tratamiento previstas son:<\/p>\r\n<p>Remitir comunicaciones comerciales publicitarias por correo electr\u00f3nico, fax, SMS, MMS, redes sociales o por cualquier otro medio electr\u00f3nico o f\u00edsico, presente o futuro, que posibilite realizar comunicaciones comerciales. Estas comunicaciones ser\u00e1n realizadas por parte del RESPONSABLE y estar\u00e1n relacionadas con sus productos y servicios, o de sus colaboradores o proveedores con los que \u00e9ste haya alcanzado alg\u00fan acuerdo de promoci\u00f3n. En este caso, los terceros nunca tendr\u00e1n acceso a los datos personales.<br \/>Realizar estudios de mercado y an\u00e1lisis estad\u00edsticos.<br \/>Tramitar encargos, solicitudes, responder consultas o cualquier tipo de petici\u00f3n que sea realizada por el USUARIO a trav\u00e9s de cualquiera de las formas de contacto disponibles en el sitio web del RESPONSABLE.<br \/>Enviar el bolet\u00edn online sobre novedades, ofertas y promociones en nuestra actividad.<br \/>\u00bfPor qu\u00e9 podemos tratar sus datos personales?<\/p>\r\n<p>Porque el tratamiento est\u00e1 legitimado por el art\u00edculo 6 del GDPR de la siguiente manera:<\/p>\r\n<p>Con el consentimiento del USUARIO: env\u00edo de comunicaciones comerciales y del bolet\u00edn informativo.<br \/>En inter\u00e9s leg\u00edtimo del RESPONSABLE: realizar estudios de mercado, an\u00e1lisis estad\u00edsticos, etc. y tramitar pedidos, solicitudes, etc. a petici\u00f3n del USUARIO.<br \/>\u00bfDurante cu\u00e1nto tiempo conservaremos sus datos personales?<\/p>\r\n<p>Los datos se conservar\u00e1n durante un plazo no superior al necesario para mantener la finalidad del tratamiento o mientras existan prescripciones legales que impongan su custodia, y cuando dicha finalidad deje de ser necesaria los datos se suprimir\u00e1n con las medidas de seguridad adecuadas para garantizar la anonimizaci\u00f3n de los datos o su destrucci\u00f3n total.<\/p>\r\n<p><strong>\u00bfA qui\u00e9n revelamos sus datos personales?<\/strong><\/p>\r\n<p>No est\u00e1 prevista la comunicaci\u00f3n de datos personales a terceros salvo obligaci\u00f3n legal o, en caso de ser necesario para el desarrollo y ejecuci\u00f3n de las finalidades del tratamiento, a nuestros proveedores de servicios relacionados con las comunicaciones, con los que el RESPONSABLE haya suscrito los contratos de confidencialidad y encargado del tratamiento exigidos por la normativa vigente en materia de privacidad.<\/p>\r\n<p><strong>\u00bfCu\u00e1les son sus derechos?<\/strong><\/p>\r\n<p>Los derechos del USUARIO son:<\/p>\r\n<p>Derecho a retirar el consentimiento en cualquier momento.<br \/>Derecho de acceso, rectificaci\u00f3n, portabilidad y supresi\u00f3n de sus datos, as\u00ed como la limitaci\u00f3n u oposici\u00f3n a los mismos.<br \/>procesamiento.<br \/>Derecho a presentar una reclamaci\u00f3n ante la Autoridad de Supervisi\u00f3n espa\u00f1ola (www.aepd.es) si considera que el<br \/>el tratamiento no se ajusta a la legislaci\u00f3n vigente.<br \/>Informaci\u00f3n de contacto para ejercer los derechos:<\/p>\r\n<p><a href=\"https:\/\/maps.app.goo.gl\/VdjP9NBt84e7G1KS9\">08800 Vilanova i la Geltr\u00fa<\/a><\/p>\r\n<div class=\"wpb_text_column wpb_content_element\">\r\n<div class=\"wpb_wrapper\">\r\n<p><a href=\"https:\/\/maps.app.goo.gl\/VdjP9NBt84e7G1KS9\">Barcelona, Espa\u00f1a<\/a><\/p>\r\n<p><a href=\"tel:+34 938 149 450\">T.+34 938 149 450<\/a><\/p>\r\n<p><a href=\"mailto:rgpd@monocrom.com\">rgpd@monocrom.com<\/a><\/p>\r\n<\/div>\r\n<\/div>\r\n<p>&nbsp;<\/p>\r\n<h3>2. Car\u00e1cter obligatorio o facultativo de la informaci\u00f3n facilitada por el usuario<\/h3>\r\n<p><br \/>Los USUARIOS, mediante la marcaci\u00f3n de las casillas correspondientes y la introducci\u00f3n de datos en los campos, marcados con un asterisco (*) en el formulario de contacto o formularios de descarga, aceptan expresamente y de forma libre e inequ\u00edvoca que sus datos son necesarios para que el proveedor pueda atender su solicitud, facilitando voluntariamente sus datos en los campos restantes. El USUARIO garantiza que los datos personales facilitados al RESPONSABLE son veraces y se hace responsable de comunicar al mismo cualquier modificaci\u00f3n de los mismos. El RESPONSABLE informa que todos los datos solicitados a trav\u00e9s del sitio web son obligatorios, ya que son necesarios para la prestaci\u00f3n de un servicio \u00f3ptimo al USUARIO. En caso de que no sean facilitados todos los datos, no se garantiza que la informaci\u00f3n y servicios facilitados sean completamente ajustados a las necesidades del Usuario.<\/p>\r\n<p>&nbsp;<\/p>\r\n<h3>3. 3. Medidas de seguridad<\/h3>\r\n<p><br \/>Que de conformidad con lo dispuesto en la normativa vigente en materia de protecci\u00f3n de datos de car\u00e1cter personal, el RESPONSABLE est\u00e1 cumpliendo con todo lo dispuesto en el GDPR y en la normativa LOPDGDD para el tratamiento de los datos personales de los que es responsable, y est\u00e1 cumpliendo manifiestamente con los principios descritos en el art\u00edculo 5 del GDPR, por los que son tratados de manera l\u00edcita, leal y transparente en relaci\u00f3n con el interesado y adecuados, pertinentes y limitados a lo necesario en relaci\u00f3n con los fines para los que son tratados.<\/p>\r\n<p>El RESPONSABLE garantiza que se han implementado todas las pol\u00edticas t\u00e9cnicas y organizativas apropiadas para aplicar las medidas de seguridad establecidas por el GDPR y la LOPDGDD con el fin de proteger los derechos y libertades de los USUARIOS y les ha comunicado la informaci\u00f3n adecuada para que puedan ejercerlos.<\/p>\r\n<p>Para m\u00e1s informaci\u00f3n sobre las garant\u00edas de privacidad, puede contactar con el RESPONSABLE a trav\u00e9s de MONOCROM SL. VILANOVETA, 6 - 08800 VILANOVA I LA GELTRU (Barcelona). Correo electr\u00f3nico: rgpd@monocrom.com<\/p>\r\n<p>&nbsp;<\/p>\r\n<\/div>\r\n<\/div>\r\n<div class=\"vc_empty_space\">\u00a0<\/div>\r\n<\/div>\r\n<\/div>\r\n<\/div>\r\n<\/div>\r\n<\/div>\r\n<\/div>\r\n<\/div>\r\n<\/div>","protected":false},"excerpt":{"rendered":"<p>1. User information Who is the controller of your personal data? MONOCROM SL is the CONTROLLER of the USER\u2019s personal data and informs him\/her that these data shall be processed<\/p>","protected":false},"author":16,"featured_media":0,"parent":0,"menu_order":0,"comment_status":"closed","ping_status":"closed","template":"","meta":{"_acf_changed":false,"footnotes":""},"class_list":["post-3","page","type-page","status-publish","hentry"],"acf":[],"_links":{"self":[{"href":"https:\/\/monocrom.com\/es\/wp-json\/wp\/v2\/pages\/3","targetHints":{"allow":["GET"]}}],"collection":[{"href":"https:\/\/monocrom.com\/es\/wp-json\/wp\/v2\/pages"}],"about":[{"href":"https:\/\/monocrom.com\/es\/wp-json\/wp\/v2\/types\/page"}],"author":[{"embeddable":true,"href":"https:\/\/monocrom.com\/es\/wp-json\/wp\/v2\/users\/16"}],"replies":[{"embeddable":true,"href":"https:\/\/monocrom.com\/es\/wp-json\/wp\/v2\/comments?post=3"}],"version-history":[{"count":0,"href":"https:\/\/monocrom.com\/es\/wp-json\/wp\/v2\/pages\/3\/revisions"}],"wp:attachment":[{"href":"https:\/\/monocrom.com\/es\/wp-json\/wp\/v2\/media?parent=3"}],"curies":[{"name":"wp","href":"https:\/\/api.w.org\/{rel}","templated":true}]}}