{"id":6541,"date":"2023-10-10T12:38:57","date_gmt":"2023-10-10T12:38:57","guid":{"rendered":"http:\/\/monocrom.com\/?page_id=6541"},"modified":"2025-05-07T11:21:46","modified_gmt":"2025-05-07T11:21:46","slug":"aviso-de-cookies","status":"publish","type":"page","link":"https:\/\/monocrom.com\/es\/cookies-advice\/","title":{"rendered":"Consejos sobre cookies"},"content":{"rendered":"<div class=\"wpb_text_column wpb_content_element\">\r\n<div class=\"wpb_wrapper\">\r\n<div class=\"wpb_text_column wpb_content_element\">\r\n<div class=\"wpb_wrapper\"><strong>Informaci\u00f3n sobre cookies<\/strong><\/div>\r\n<\/div>\r\n<div class=\"wpb_text_column wpb_content_element\">\r\n<div class=\"wpb_wrapper\">\r\n<p>Debido a la entrada en vigor de la modificaci\u00f3n de la \"Ley de Servicios de la Sociedad de la Informaci\u00f3n\" (LSSICE) establecida por el Real Decreto 13\/2012, es obligatorio obtener el consentimiento expreso del usuario de todas las p\u00e1ginas web que utilicen cookies no esenciales antes de navegar por ellas.<\/p>\r\n<\/div>\r\n<\/div>\r\n<\/div>\r\n<\/div>\r\n<div class=\"vc_empty_space\">\r\n<p><strong>\u00bfQu\u00e9 son las cookies?<\/strong><\/p>\r\n<p>Las cookies y otras tecnolog\u00edas similares, como los objetos locales compartidos, las flash cookies o los p\u00edxeles, son herramientas utilizadas por los servidores web para almacenar y recuperar informaci\u00f3n sobre sus visitantes, as\u00ed como para permitir el correcto funcionamiento del sitio.<\/p>\r\n<p>Mediante el uso de estos dispositivos, el servidor Web es capaz de recordar algunos datos relativos al usuario, como sus preferencias para ver las p\u00e1ginas del servidor, su nombre y contrase\u00f1a, los productos que m\u00e1s le interesan, etc.<\/p>\r\n<p><strong>Cookies afectadas por la normativa y cookies exentas de ella<\/strong><\/p>\r\n<p>Seg\u00fan la directiva de la UE, las cookies que requieren el consentimiento informado del usuario son las de an\u00e1lisis, publicidad y afiliaci\u00f3n, mientras que quedan exentas las cookies t\u00e9cnicas y las necesarias para el funcionamiento del sitio web o la prestaci\u00f3n de servicios expresamente solicitados por el usuario.<\/p>\r\n<p><strong>Tipos de galletas - En funci\u00f3n de su finalidad<\/strong><\/p>\r\n<p>Cookies t\u00e9cnicas y funcionales: permiten al usuario la navegaci\u00f3n a trav\u00e9s de una p\u00e1gina web, plataforma o aplicaci\u00f3n y la utilizaci\u00f3n de las diferentes opciones o servicios que en ella existan.<br \/>Cookies de an\u00e1lisis : permiten al responsable del tratamiento el seguimiento y an\u00e1lisis del comportamiento de los usuarios de los sitios web a los que est\u00e1n vinculadas. La informaci\u00f3n recogida mediante este tipo de cookies se utiliza en la medici\u00f3n de la actividad de los sitios web, aplicaci\u00f3n o plataforma y para la elaboraci\u00f3n de perfiles de navegaci\u00f3n de los usuarios de dichos sitios, aplicaciones y plataformas, con el fin de introducir mejoras en el an\u00e1lisis de los datos de uso que hacen los usuarios del servicio.<br \/>Cookies publicitarias : Son aqu\u00e9llas que permiten la gesti\u00f3n, de la forma m\u00e1s eficaz posible, de los espacios publicitarios que, en su caso, el editor haya incluido en una p\u00e1gina web, aplicaci\u00f3n o plataforma desde la que presta el servicio solicitado en base a datos como el contenido editado o la frecuencia en la que se muestran los anuncios.<br \/>Cookies de publicidad comportamental : recogen informaci\u00f3n sobre las preferencias y elecciones personales del usuario (retargeting ) para permitir la gesti\u00f3n, de la forma m\u00e1s eficaz posible, de los espacios publicitarios que, en su caso, el editor haya incluido en una p\u00e1gina web, aplicaci\u00f3n o plataforma desde la que presta el servicio solicitado.<br \/>Cookies sociales : establecidas por las plataformas de redes sociales en los servicios para permitir compartir contenidos con amigos y redes. Las plataformas de redes sociales tienen la capacidad de rastrear la actividad en l\u00ednea fuera de los Servicios. Esto puede afectar al contenido y los mensajes que se ven en otros servicios utilizados.<br \/>Cookies de afiliaci\u00f3n: permiten realizar un seguimiento de las visitas a trav\u00e9s de enlaces desde otros sitios web, con los que el sitio web establece acuerdos de afiliaci\u00f3n (empresas afiliadas).<br \/>Cookies de seguridad : almacenan informaci\u00f3n cifrada para evitar que los datos almacenados en ellas sean vulnerables a ataques malintencionados de terceros.<\/p>\r\n<p><br \/><strong>Seg\u00fan la propiedad<\/strong><\/p>\r\n<p>Cookies propias : se env\u00edan al equipo terminal del usuario desde un equipo o equipo gestionado por el propio editor y desde el que se presta el servicio solicitado por el usuario.<br \/>Cookies de terceros : Son aqu\u00e9llas que se env\u00edan al equipo terminal del usuario desde un equipo o poder que no es gestionado por el editor, sino por otra entidad que trata los datos obtenidos trav\u00e9s de las cookies.<\/p>\r\n<p><br \/><strong>En funci\u00f3n del periodo de almacenamiento<\/strong><\/p>\r\n<p>Cookies de sesi\u00f3n : son un tipo de cookies dise\u00f1adas para recoger y almacenar datos mientras el usuario accede a un sitio web.<br \/>Cookies permanentes : son un tipo de cookies en el que los datos siguen almacenados en el terminal y pueden ser accedidos y tratados durante un periodo definido por el responsable de la cookie, y que puede ir de unos minutos a varios a\u00f1os.<\/p>\r\n<p><br \/><strong>Cookies utilizadas en este sitio web<\/strong><\/p>\r\n<p>Desde este panel el usuario podr\u00e1 configurar las cookies que el sitio web puede instalar en su navegador, excepto las cookies t\u00e9cnicas o funcionales que son necesarias para la navegaci\u00f3n y la utilizaci\u00f3n de las diferentes opciones o servicios que se ofrecen. Las cookies seleccionadas indican que el usuario autoriza la instalaci\u00f3n en su navegador y el tratamiento de los datos en las condiciones establecidas en la Pol\u00edtica de Cookies.<br \/>El usuario puede marcar o desmarcar seg\u00fan desee aceptar o rechazar la instalaci\u00f3n de cookies.<\/p>\r\n<p>&nbsp;<\/p>\r\n<p><strong>C\u00f3mo gestionar las cookies desde su navegador<\/strong><\/p>\r\n<p>Eliminar las cookies de su dispositivo<br \/>Las cookies que ya est\u00e1n en un dispositivo pueden eliminarse borrando el historial del navegador, con lo que se eliminan las cookies de todos los sitios web visitados. Sin embargo, es posible que tambi\u00e9n se pierda parte de la informaci\u00f3n guardada (por ejemplo, datos de inicio de sesi\u00f3n o preferencias de sitios web).<br \/>Gestionar cookies espec\u00edficas del sitio<br \/>Para un control m\u00e1s preciso de las cookies espec\u00edficas del sitio, los usuarios pueden ajustar su configuraci\u00f3n de privacidad y cookies en su navegador.<br \/>Bloqueo de cookies<br \/>Aunque la mayor\u00eda de los navegadores modernos pueden configurarse para impedir la instalaci\u00f3n de cookies en un dispositivo, esto puede requerir el ajuste manual de ciertas preferencias cada vez que se visita un sitio o una p\u00e1gina. Adem\u00e1s, es posible que algunos servicios y funciones no funcionen correctamente (por ejemplo, el inicio de sesi\u00f3n en el perfil).<\/p>\r\n<p><br \/><strong>C\u00f3mo eliminar las cookies de los navegadores m\u00e1s comunes<\/strong><\/p>\r\n<p>Cromo<br \/>http:\/\/support.google.com\/chrome\/answer\/95647?hl=es<br \/>Internet Explorer<br \/>Versi\u00f3n 11 https:\/\/support.microsoft.com\/es-es\/help\/278835\/how-to-delete-cookie-files-in-internet-explorer<br \/>Firefox. Versi\u00f3n 65.0.1<br \/>https:\/\/www.mozilla.org\/es-ES\/privacy\/websites\/#cookies<br \/>Safari Versi\u00f3n 5.1<br \/>https:\/\/support.apple.com\/es-es\/guide\/safari\/sfri11471\/mac<br \/>\u00d3pera<br \/>https:\/\/help.opera.com\/en\/latest\/security-and-privacy\/#clearBrowsingData<\/p>\r\n<\/div>","protected":false},"excerpt":{"rendered":"<p>Information about cookies Due to the coming into force of the amendment to the \u00abLaw on Services of the Information Society\u00bb (LSSICE) established by Spanish Royal Decree 13\/2012, it is<\/p>","protected":false},"author":16,"featured_media":0,"parent":0,"menu_order":0,"comment_status":"closed","ping_status":"open","template":"","meta":{"_acf_changed":false,"footnotes":""},"class_list":["post-6541","page","type-page","status-publish","hentry"],"acf":[],"_links":{"self":[{"href":"https:\/\/monocrom.com\/es\/wp-json\/wp\/v2\/pages\/6541","targetHints":{"allow":["GET"]}}],"collection":[{"href":"https:\/\/monocrom.com\/es\/wp-json\/wp\/v2\/pages"}],"about":[{"href":"https:\/\/monocrom.com\/es\/wp-json\/wp\/v2\/types\/page"}],"author":[{"embeddable":true,"href":"https:\/\/monocrom.com\/es\/wp-json\/wp\/v2\/users\/16"}],"replies":[{"embeddable":true,"href":"https:\/\/monocrom.com\/es\/wp-json\/wp\/v2\/comments?post=6541"}],"version-history":[{"count":0,"href":"https:\/\/monocrom.com\/es\/wp-json\/wp\/v2\/pages\/6541\/revisions"}],"wp:attachment":[{"href":"https:\/\/monocrom.com\/es\/wp-json\/wp\/v2\/media?parent=6541"}],"curies":[{"name":"wp","href":"https:\/\/api.w.org\/{rel}","templated":true}]}}