{"id":6552,"date":"2023-10-10T13:33:26","date_gmt":"2023-10-10T13:33:26","guid":{"rendered":"http:\/\/monocrom.com\/?page_id=6552"},"modified":"2025-09-04T14:36:24","modified_gmt":"2025-09-04T14:36:24","slug":"aviso-legal","status":"publish","type":"page","link":"https:\/\/monocrom.com\/es\/legal-notice\/","title":{"rendered":"Menciones legales"},"content":{"rendered":"<div class=\"wpb_text_column wpb_content_element\">\r\n<div class=\"wpb_wrapper\">\r\n<div class=\"wpb_text_column wpb_content_element\">\r\n<div class=\"wpb_wrapper\">\r\n<p><strong>Servicios de la sociedad de la informaci\u00f3n ACT (LSSI)<\/strong><\/p>\r\n<p>MONOCROM SL, responsable del sitio web, en adelante EL RESPONSABLE, pone a disposici\u00f3n de los usuarios el presente documento, con el que pretende dar cumplimiento a las obligaciones dispuestas en la Ley 34\/2002, de 11 de julio, de Servicios de la Sociedad de la Informaci\u00f3n y del Comercio Electr\u00f3nico (LSSICE), BOE n\u00ba 166, as\u00ed como informar a todos los usuarios del sitio web respecto a cu\u00e1les son las condiciones de uso.<\/p>\r\n<p>Toda persona que acceda a este sitio web adquiere la condici\u00f3n de usuario, y como tal se compromete a la observancia y cumplimiento riguroso de las disposiciones aqu\u00ed dispuestas, as\u00ed como a cualquier otra disposici\u00f3n legal que fuera de aplicaci\u00f3n.<\/p>\r\n<p>MONOCROM SL se reserva el derecho a modificar cualquier tipo de informaci\u00f3n que pudiera aparecer en el sitio web, sin que exista obligaci\u00f3n de preavisar o poner en conocimiento de los usuarios dichas obligaciones, entendi\u00e9ndose como suficiente con la publicaci\u00f3n en el sitio web de MONOCROM SL.<\/p>\r\n<p><strong>1. 1. Datos de identificaci\u00f3n<\/strong><\/p>\r\n<p>Nombre de dominio: monocrom.com<br \/>Nombre comercial: MONOCROM SL<br \/>Nombre de la empresa: MONOCROM SL<br \/>NIF: B60355948<br \/>Domicilio social: Vilanoveta, 6 08800 Vilanova i la Geltru (Barcelona)<br \/>Tel\u00e9fono: 938149450<br \/>correo electr\u00f3nico: administration@monocrom.com<br \/>Inscrita en el Registro (Comercial\/P\u00fablico):<\/p>\r\n<p><strong>2. Derechos de propiedad intelectual e industrial<\/strong><\/p>\r\n<p>El sitio web, incluyendo a t\u00edtulo enunciativo pero no limitativo su programaci\u00f3n, edici\u00f3n, compilaci\u00f3n y dem\u00e1s elementos necesarios para su funcionamiento, los dise\u00f1os, logotipos, texto y\/o gr\u00e1ficos son propiedad del RESPONSABLE o, en su caso, dispone de licencia o autorizaci\u00f3n expresa por parte de los autores. Todos los contenidos del sitio web se encuentran debidamente protegidos por la normativa de propiedad intelectual e industrial, as\u00ed como inscritos en los registros p\u00fablicos correspondientes.<br \/>Independientemente de la finalidad para la que fueran destinados, la reproducci\u00f3n total o parcial, uso, explotaci\u00f3n, distribuci\u00f3n y comercializaci\u00f3n, requiere en todo caso de la autorizaci\u00f3n escrita previa por parte del TITULAR. Cualquier uso no autorizado previamente ser\u00e1 considerado un incumplimiento grave de los derechos de propiedad intelectual o industrial del autor. Los dise\u00f1os, logotipos, texto y\/o gr\u00e1ficos ajenos al RESPONSABLE y que pudieran aparecer en el sitio web, pertenecen a sus respectivos propietarios, siendo ellos mismos responsables de cualquier posible controversia que pudiera suscitarse respecto a los mismos. El TITULAR autoriza expresamente a que terceros puedan redirigir a los contenidos concretos del sitio web, y en todo caso redirigir al sitio web principal de monocrom.com. El TITULAR reconoce a favor de sus titulares los correspondientes derechos de propiedad industrial e intelectual, no implicando su sola menci\u00f3n o aparici\u00f3n en el sitio web la existencia de derechos o responsabilidad alguna sobre los mismos, como tampoco respaldo, patrocinio o recomendaci\u00f3n por parte del mismo. Para realizar cualquier tipo de observaci\u00f3n respecto a posibles incumplimientos de los derechos de propiedad intelectual o industrial, as\u00ed como sobre cualquiera de los contenidos del sitio web, puede hacerlo a trav\u00e9s del correo electr\u00f3nico fran.ruiz@monocrom.com.<\/p>\r\n<p><strong>3. Exenci\u00f3n de responsabilidad<\/strong><\/p>\r\n<p>El RESPONSABLE se exime de cualquier tipo de responsabilidad derivada de la informaci\u00f3n publicada en su sitio web siempre que esta informaci\u00f3n haya sido manipulada o introducida por un tercero ajeno al RESPONSABLE.<\/p>\r\n<p><strong>Uso de cookies<\/strong><br \/>Este sitio web utiliza cookies t\u00e9cnicas (peque\u00f1os archivos de informaci\u00f3n que el servidor env\u00eda al ordenador de quien accede a la p\u00e1gina) para llevar a cabo determinadas funciones que son consideradas necesarias para el correcto funcionamiento y visualizaci\u00f3n del sitio. En todo caso las cookies utilizadas tienen un car\u00e1cter temporal con la \u00fanica finalidad de hacer m\u00e1s eficaz la navegaci\u00f3n por el sitio web, y desaparecen al terminar la sesi\u00f3n del usuario. En ning\u00fan caso, estas cookies proporcionan por s\u00ed mismas datos de car\u00e1cter personal y no se utilizar\u00e1n para la recogida de los mismos.<br \/>Mediante el uso de las cookies resulta posible que el servidor donde se encuentra la web, reconozca el navegador web utilizado por el usuario con la finalidad de que la navegaci\u00f3n sea m\u00e1s sencilla, permitiendo, por ejemplo, el acceso a los usuarios que se hayan registrado previamente, acceder a las \u00e1reas, servicios, promociones o concursos reservados exclusivamente a ellos sin tener que registrarse en cada visita. Asimismo pueden ser utilizadas para medir la audiencia o par\u00e1metros del tr\u00e1fico, controlar el progreso y n\u00famero de entradas, etc. En estos casos, las cookies utilizadas son t\u00e9cnicamente no esenciales pero beneficiosas para el usuario. Este sitio web no instalar\u00e1 cookies no esenciales sin el previo consentimiento del usuario.<\/p>\r\n<p>Este sitio web utiliza cookies anal\u00edticas para habilitar la funci\u00f3n de control \u00fanico de visitantes y facilitarle la navegaci\u00f3n. Todos los usuarios que visitan el sitio web son informados del uso de estas cookies mediante un banner flotante. Si aceptan el tratamiento, se considera que est\u00e1n de acuerdo con su uso. Si se acepta su uso, el banner desaparecer\u00e1, aunque es posible revocar el consentimiento y obtener m\u00e1s informaci\u00f3n en cualquier momento consultando nuestra Pol\u00edtica de Cookies.<br \/>El navegador puede ser configurado por el usuario para ser avisado de la recepci\u00f3n de cookies y para impedir su instalaci\u00f3n en su equipo. Para m\u00e1s informaci\u00f3n, consulte las instrucciones de su navegador.<\/p>\r\n<p><strong>Pol\u00edtica de enlaces<\/strong><br \/>El usuario de este sitio web puede ser redirigido a contenidos de terceros sitios web. Dado que EL CONTROLADOR no puede controlar siempre los contenidos introducidos por los terceros en sus sitios web, \u00e9ste no asume ning\u00fan tipo de responsabilidad respecto a dichos contenidos. En todo caso, el RESPONSABLE proceder\u00e1 a la retirada inmediata de cualquier contenido que pudiera contravenir la legislaci\u00f3n nacional o internacional, la moral o el orden p\u00fablico, procediendo a la retirada inmediata de la redirecci\u00f3n a dicho sitio web, poniendo en conocimiento de las autoridades competentes el contenido en cuesti\u00f3n.<br \/>El RESPONSABLE no ser\u00e1 responsable de la informaci\u00f3n y contenidos que se encuentren, a t\u00edtulo enunciativo pero no limitativo, en foros, chats, generadores de blogs, comentarios, redes sociales o cualesquiera otro medio que permita a terceros publicar contenidos de forma independiente en la p\u00e1gina web del RESPONSABLE. No obstante, y de conformidad con lo dispuesto en las Leyes 11 y 16 de la LSSICE, los contenidos de terceros se ponen a disposici\u00f3n de todos los usuarios, autoridades y fuerzas de seguridad, colaborando de forma directa en la retirada o en su caso bloqueo de todos aquellos contenidos que pudieran afectar o contravenir la legislaci\u00f3n nacional, o internacional, derechos de terceros o la moral y el orden p\u00fablico. En caso de que el usuario considere que existe en el sitio web alg\u00fan contenido que pudiera ser susceptible de esta clasificaci\u00f3n, se ruega lo notifique de forma inmediata al administrador del sitio web.<br \/>Este sitio web ha sido revisado y probado para permitir su correcto funcionamiento. En principio, puede garantizarse el correcto funcionamiento los 365 d\u00edas del a\u00f1o, las 24 horas del d\u00eda. No obstante, el RESPONSABLE no descarta la posibilidad de que existan ciertos errores de programaci\u00f3n, o que acontezcan causas de fuerza mayor, cat\u00e1strofes naturales, huelgas, o circunstancias semejantes que hagan imposible el acceso a la p\u00e1gina web.<\/p>\r\n<p><strong>Direcciones IP<\/strong><br \/>Los servidores del sitio web pueden detectar autom\u00e1ticamente la direcci\u00f3n IP y el nombre de dominio utilizados por el usuario. Una direcci\u00f3n IP es un n\u00famero asignado autom\u00e1ticamente a un ordenador cuando \u00e9sta se conecta a Internet. Toda esta informaci\u00f3n es registrada en un sistema de log debidamente inscrito en el servidor que permite el posterior procesamiento de los datos con el fin de obtener mediciones \u00fanicamente estad\u00edsticas que nos permitan conocer el n\u00famero de p\u00e1ginas visitas, el n\u00famero de visitas realizadas a los servidores web, el orden de visitas, el punto de acceso, etc.<\/p>\r\n<p><strong>4. Legislaci\u00f3n y jurisdicci\u00f3n aplicables<\/strong><\/p>\r\n<p>Para la resoluci\u00f3n de todas las controversias o cuestiones relacionadas con el presente sitio web o de las actividades en \u00e9l desarrolladas, ser\u00e1 de aplicaci\u00f3n la legislaci\u00f3n espa\u00f1ola, a la que se someten expresamente las partes, siendo competentes para la resoluci\u00f3n de todos los conflictos derivados o relacionados con su uso los Juzgados y Tribunales m\u00e1s cercanos a VILANOVA I LA GELTRU.<\/p>\r\n<\/div>\r\n<\/div>\r\n<\/div>\r\n<\/div>","protected":false},"excerpt":{"rendered":"<p>Information society services ACT (LSSI) MONOCROM SL, the person responsible for the website, hereinafter the CONTROLLER, makes this document available to users, which is intended to comply with the obligations<\/p>","protected":false},"author":16,"featured_media":0,"parent":0,"menu_order":0,"comment_status":"closed","ping_status":"closed","template":"","meta":{"_acf_changed":false,"footnotes":""},"class_list":["post-6552","page","type-page","status-publish","hentry"],"acf":[],"_links":{"self":[{"href":"https:\/\/monocrom.com\/es\/wp-json\/wp\/v2\/pages\/6552","targetHints":{"allow":["GET"]}}],"collection":[{"href":"https:\/\/monocrom.com\/es\/wp-json\/wp\/v2\/pages"}],"about":[{"href":"https:\/\/monocrom.com\/es\/wp-json\/wp\/v2\/types\/page"}],"author":[{"embeddable":true,"href":"https:\/\/monocrom.com\/es\/wp-json\/wp\/v2\/users\/16"}],"replies":[{"embeddable":true,"href":"https:\/\/monocrom.com\/es\/wp-json\/wp\/v2\/comments?post=6552"}],"version-history":[{"count":0,"href":"https:\/\/monocrom.com\/es\/wp-json\/wp\/v2\/pages\/6552\/revisions"}],"wp:attachment":[{"href":"https:\/\/monocrom.com\/es\/wp-json\/wp\/v2\/media?parent=6552"}],"curies":[{"name":"wp","href":"https:\/\/api.w.org\/{rel}","templated":true}]}}