{"id":7546,"date":"2023-11-03T09:33:48","date_gmt":"2023-11-03T09:33:48","guid":{"rendered":"http:\/\/monocrom.com\/?page_id=7546"},"modified":"2025-09-02T10:39:35","modified_gmt":"2025-09-02T10:39:35","slug":"laseres-estado-solido-alta-energia","status":"publish","type":"page","link":"https:\/\/monocrom.com\/es\/high-energy-solid-state-lasers\/","title":{"rendered":"L\u00e1seres de estado s\u00f3lido de alta energ\u00eda"},"content":{"rendered":"<div class=\"wpb-content-wrapper\"><div class=\"vc_row wpb_row vc_row-fluid\"><div class=\"wpb_column vc_column_container vc_col-sm-12\"><div class=\"vc_column-inner\"><div class=\"wpb_wrapper\">\n\t<div class=\"wpb_text_column wpb_content_element\" >\n\t\t<div class=\"wpb_wrapper\">\n\t\t\t<div class=\"vc_row wpb_row section vc_row-fluid vc_inner vc_custom_1566225990402 grid_section\">\n<div class=\" section_inner clearfix\">\n<div class=\"section_inner_margin clearfix\">\n<div class=\"wpb_column vc_column_container vc_col-sm-12\">\n<div class=\"vc_column-inner\">\n<div class=\"wpb_wrapper\">\n<div class=\"wpb_text_column wpb_content_element \">\n<div class=\"wpb_wrapper\">\n<h1>High Energy Solid-State Lasers<\/h1>\n<p>&nbsp;<\/p>\n<\/div>\n<\/div>\n<\/div>\n<\/div>\n<\/div>\n<\/div>\n<\/div>\n<\/div>\n<div class=\"vc_row wpb_row section vc_row-fluid vc_inner vc_custom_1566225997323 grid_section\">\n<div class=\" section_inner clearfix\">\n<div class=\"section_inner_margin clearfix\">\n<div class=\"wpb_column vc_column_container vc_col-sm-6\">\n<div class=\"vc_column-inner\">\n<div class=\"wpb_wrapper\">\n<div class=\"vc_empty_space\"><\/div>\n<div class=\"wpb_text_column wpb_content_element \">\n<div class=\"wpb_wrapper\">\n<p>Our high-energy solid-state lasers take performance to the next level. Delivering <strong data-start=\"203\" data-end=\"220\">1 J per pulse<\/strong>, <strong data-start=\"222\" data-end=\"248\">300 Hz repetition rate<\/strong>, and an impressive <strong data-start=\"268\" data-end=\"294\">300 W of average power<\/strong>, they combine high energy, high speed, and high output in one system. With <strong data-start=\"370\" data-end=\"399\">peak power reaching 30 kW<\/strong>, this powerhouse stands as the \u201cbig brother\u201d of the family\u2014designed for applications where maximum performance is a must.<\/p>\n<\/div>\n<\/div>\n<\/div>\n<\/div>\n<\/div>\n<\/div>\n<\/div>\n<\/div>\n\n\t\t<\/div>\n\t<\/div>\n<\/div><\/div><\/div><\/div><div class=\"vc_row wpb_row vc_row-fluid\"><div class=\"wpb_column vc_column_container vc_col-sm-12\"><div class=\"vc_column-inner\"><div class=\"wpb_wrapper\">\n\t\t\t<section class=\"section-product-cards-carousel\" >\n\n\t\t\t\t\n\t\t\t\t<header >\n\n\t\t\t\t\t<h2 class=\"h1\">High Energy SSLs - modules<\/h2>\n\n\t\t\t\t\t\t\t\t\t\t<div class=\"owl-nav\">\n\t\t\t\t\t\t\t\t\t\t\t\t<a href=\"#products-cards-carousel-prev\" data-target=\"#69f6da255f524\" class=\"slider-prev\"><i class=\"fa fa-angle-left\"><\/i><\/a>\n\t\t\t\t\t\t<a href=\"#products-cards-carousel-next\" data-target=\"#69f6da255f524\" class=\"slider-next\"><i class=\"fa fa-angle-right\"><\/i><\/a>\n\t\t\t\t\t\t\t\t\t\t\t<\/div>\n\t\t\t\t\t\t\t\t\t<\/header>\n\n\t\t\t\t\n\t\t\t\t<div id=\"69f6da255f524\" data-ride=\"owl-carousel\" data-carousel-selector=\".product-cards-carousel\" data-carousel-options=\"{&quot;items&quot;:1,&quot;nav&quot;:false,&quot;slideSpeed&quot;:300,&quot;dots&quot;:true,&quot;rtl&quot;:false,&quot;paginationSpeed&quot;:400,&quot;navText&quot;:[&quot;&quot;,&quot;&quot;],&quot;margin&quot;:0,&quot;touchDrag&quot;:true,&quot;autoplay&quot;:false}\">\n\t\t\t\t\t<div class=\"woocommerce columns-6 product-cards-carousel owl-carousel\"><ul data-view=\"grid\" data-bs-toggle=\"regular-products\" class=\"products products list-unstyled row g-0 row-cols-2 row-cols-md-3 row-cols-lg-6 row-cols-xl-6 row-cols-xxl-4\"><li class=\"product-card post-7426 product type-product status-publish has-post-thumbnail product_cat-high-energy-solid-state-lasers product_cat-laser-modules product_tag-high-energy product_tag-laser product_tag-solid product_tag-ssl product_tag-state product_tag-x5400 pa_aerospace-defense-lidar-laser-technology pa_aerospace-defense-optical-pumping pa_medical-aesthetics-aesthetics-dermatology pa_medical-aesthetics-ophtalmology pa_medical-aesthetics-photodynamic-therapy pa_medical-aesthetics-spectroscopy pa_medical-aesthetics-urology pa_research-interferometry pa_research-optical-pumping first instock shipping-taxable product-type-simple\">\n\n\t<div class=\"product-outer product-item__outer\">\n\t<div class=\"product-inner\">\n\n\t\t\n\t\t<a class=\"card-media-left\" href=\"https:\/\/monocrom.com\/es\/product\/hien-puls-400-yag\/\" title=\"HiEN Pulse 400-YAG\">\n\t\t\t<img loading=\"lazy\" decoding=\"async\" width=\"300\" height=\"276\" src=\"https:\/\/monocrom.com\/wp-content\/uploads\/2023\/09\/High-Energy-Solid-Sate-Laser_-edited_static-block-300x276.jpg\" class=\"media-object attachment-woocommerce_thumbnail size-woocommerce_thumbnail\" alt=\"HiEN Puls x5400-YAG\" \/>\t\t<\/a>\n\n\t\t\n\t\t<div class=\"card-body\">\n\t\t\t<div class=\"card-body-inner\">\n\t\t\t<span class=\"loop-product-categories\"><a href=\"https:\/\/monocrom.com\/es\/product-category\/laser-modules\/high-energy-solid-state-lasers\/\" rel=\"tag\">High Energy Solid State Lasers<\/a>, <a href=\"https:\/\/monocrom.com\/es\/product-category\/laser-modules\/\" rel=\"tag\">Products<\/a><\/span><a href=\"https:\/\/monocrom.com\/es\/product\/hien-puls-400-yag\/\" class=\"woocommerce-LoopProduct-link woocommerce-loop-product__link\"><h2 class=\"woocommerce-loop-product__title\">HiEN Pulse 400-YAG<\/h2><\/a><div class=\"price-add-to-cart\">\n\t<span class=\"price\"><span class=\"electro-price\"><\/span><\/span>\n<div class=\"add-to-cart-wrap\" data-bs-toggle=\"tooltip\" data-bs-title=\"View Product\"><a href=\"https:\/\/monocrom.com\/es\/product\/hien-puls-400-yag\/\" class=\"button product_type_simple\">View Product<\/a><\/div>\t<span id=\"woocommerce_loop_add_to_cart_link_describedby_7426\" class=\"screen-reader-text\">\n\t\t\t<\/span>\n<\/div><!-- \/.price-add-to-cart -->\t\t\t<\/div>\n\t\t<\/div>\n\t\t<div class=\"hover-area\"><div class=\"action-buttons\"><\/div><\/div>\t<\/div>\n\t<\/div><!-- \/.product-outer -->\n<\/li>\n<li class=\"product-card post-7433 product type-product status-publish has-post-thumbnail product_cat-high-energy-solid-state-lasers product_cat-laser-modules product_tag-high-energy product_tag-laser product_tag-solid product_tag-ssl product_tag-state product_tag-x5400 product_tag-ylf pa_aerospace-defense-lidar-laser-technology pa_aerospace-defense-optical-pumping pa_medical-aesthetics-aesthetics-dermatology pa_medical-aesthetics-ophtalmology pa_medical-aesthetics-photodynamic-therapy pa_medical-aesthetics-spectroscopy pa_medical-aesthetics-urology pa_research-interferometry pa_research-optical-pumping  instock shipping-taxable product-type-simple\">\n\n\t<div class=\"product-outer product-item__outer\">\n\t<div class=\"product-inner\">\n\n\t\t\n\t\t<a class=\"card-media-left\" href=\"https:\/\/monocrom.com\/es\/product\/hien-puls-300-ylf\/\" title=\"HiEN Puls 300-YLF\">\n\t\t\t<img loading=\"lazy\" decoding=\"async\" width=\"300\" height=\"300\" src=\"https:\/\/monocrom.com\/wp-content\/uploads\/2023\/10\/YLF-300x300.jpg\" class=\"media-object attachment-woocommerce_thumbnail size-woocommerce_thumbnail\" alt=\"HiEN Puls 300-YLF\" srcset=\"https:\/\/monocrom.com\/wp-content\/uploads\/2023\/10\/YLF-300x300.jpg 300w, https:\/\/monocrom.com\/wp-content\/uploads\/2023\/10\/YLF-150x150.jpg 150w, https:\/\/monocrom.com\/wp-content\/uploads\/2023\/10\/YLF-100x100.jpg 100w\" sizes=\"auto, (max-width: 300px) 100vw, 300px\" \/>\t\t<\/a>\n\n\t\t\n\t\t<div class=\"card-body\">\n\t\t\t<div class=\"card-body-inner\">\n\t\t\t<span class=\"loop-product-categories\"><a href=\"https:\/\/monocrom.com\/es\/product-category\/laser-modules\/high-energy-solid-state-lasers\/\" rel=\"tag\">High Energy Solid State Lasers<\/a>, <a href=\"https:\/\/monocrom.com\/es\/product-category\/laser-modules\/\" rel=\"tag\">Products<\/a><\/span><a href=\"https:\/\/monocrom.com\/es\/product\/hien-puls-300-ylf\/\" class=\"woocommerce-LoopProduct-link woocommerce-loop-product__link\"><h2 class=\"woocommerce-loop-product__title\">HiEN Puls 300-YLF<\/h2><\/a><div class=\"price-add-to-cart\">\n\t<span class=\"price\"><span class=\"electro-price\"><\/span><\/span>\n<div class=\"add-to-cart-wrap\" data-bs-toggle=\"tooltip\" data-bs-title=\"View Product\"><a href=\"https:\/\/monocrom.com\/es\/product\/hien-puls-300-ylf\/\" class=\"button product_type_simple\">View Product<\/a><\/div>\t<span id=\"woocommerce_loop_add_to_cart_link_describedby_7433\" class=\"screen-reader-text\">\n\t\t\t<\/span>\n<\/div><!-- \/.price-add-to-cart -->\t\t\t<\/div>\n\t\t<\/div>\n\t\t<div class=\"hover-area\"><div class=\"action-buttons\"><\/div><\/div>\t<\/div>\n\t<\/div><!-- \/.product-outer -->\n<\/li>\n<\/ul>\n<\/div>\t\t\t\t<\/div>\n\n\t\t\t<\/section><\/div><\/div><\/div><\/div>\n<\/div>","protected":false},"excerpt":{"rendered":"Download datasheet\u00a0\u276f Laser parameters (1,2,3,4) HiEN Pulse 300-YLF Pulse energy [mJ] at 1053 nm at 526.5 nm at 351 nm &nbsp; 300 150 100 Pulse repetition rate [Hz] 100 Hz","protected":false},"author":16,"featured_media":0,"parent":0,"menu_order":0,"comment_status":"closed","ping_status":"closed","template":"","meta":{"_acf_changed":false,"footnotes":""},"class_list":["post-7546","page","type-page","status-publish","hentry"],"acf":[],"_links":{"self":[{"href":"https:\/\/monocrom.com\/es\/wp-json\/wp\/v2\/pages\/7546","targetHints":{"allow":["GET"]}}],"collection":[{"href":"https:\/\/monocrom.com\/es\/wp-json\/wp\/v2\/pages"}],"about":[{"href":"https:\/\/monocrom.com\/es\/wp-json\/wp\/v2\/types\/page"}],"author":[{"embeddable":true,"href":"https:\/\/monocrom.com\/es\/wp-json\/wp\/v2\/users\/16"}],"replies":[{"embeddable":true,"href":"https:\/\/monocrom.com\/es\/wp-json\/wp\/v2\/comments?post=7546"}],"version-history":[{"count":0,"href":"https:\/\/monocrom.com\/es\/wp-json\/wp\/v2\/pages\/7546\/revisions"}],"wp:attachment":[{"href":"https:\/\/monocrom.com\/es\/wp-json\/wp\/v2\/media?parent=7546"}],"curies":[{"name":"wp","href":"https:\/\/api.w.org\/{rel}","templated":true}]}}