{"id":7992,"date":"2023-11-16T09:42:30","date_gmt":"2023-11-16T09:42:30","guid":{"rendered":"http:\/\/monocrom.com\/?page_id=7992"},"modified":"2025-10-13T07:40:25","modified_gmt":"2025-10-13T07:40:25","slug":"clamping","status":"publish","type":"page","link":"https:\/\/monocrom.com\/es\/clamping\/","title":{"rendered":"Sujeci\u00f3n"},"content":{"rendered":"<div class=\"wpb-content-wrapper\"><div class=\"vc_row wpb_row vc_row-fluid\"><div class=\"wpb_column vc_column_container vc_col-sm-12\"><div class=\"vc_column-inner\"><div class=\"wpb_wrapper\">\n\t<div class=\"wpb_text_column wpb_content_element\" >\n\t\t<div class=\"wpb_wrapper\">\n\t\t\t<p><span style=\"color: #ffffff;\">Sujeci\u00f3n<\/span><\/p>\n\n\t\t<\/div>\n\t<\/div>\n<div class=\"vc_empty_space\"   style=\"height: 55px\"><span class=\"vc_empty_space_inner\"><\/span><\/div><\/div><\/div><\/div><\/div><div class=\"vc_row wpb_row vc_row-fluid about-features inner-top-md inner-bottom-sm\"><div class=\"wpb_column vc_column_container vc_col-sm-6\"><div class=\"vc_column-inner vc_custom_1457518924264\"><div class=\"wpb_wrapper\">\n\t<div class=\"wpb_text_column wpb_content_element vc_custom_1703234707667\" >\n\t\t<div class=\"wpb_wrapper\">\n\t\t\t<h1 class=\"align-top\" style=\"text-align: left;\">Tecnolog\u00eda Clamping \u2122<\/h1>\n<h3 class=\"align-top\" style=\"text-align: left;\">Montaje de barras l\u00e1ser sin soldaduras<\/h3>\n<h3 style=\"text-align: left;\"><span style=\"color: #000000;\">Patente EP1341275B1 - Para uso exclusivo de Monocrom S.L.<\/span><\/h3>\n\n\t\t<\/div>\n\t<\/div>\n\n\t<div class=\"wpb_text_column wpb_content_element vc_custom_1708936743122\" >\n\t\t<div class=\"wpb_wrapper\">\n\t\t\t<p style=\"text-align: left;\">Mientras que las barras soldadas presentan una serie de problemas como desajuste de la expansi\u00f3n t\u00e9rmica, proceso a alta temperatura, efecto de fatiga con la consiguiente reducci\u00f3n de la vida \u00fatil, nuestra tecnolog\u00eda Clamping supera todos estos problemas gracias a la eliminaci\u00f3n total del proceso de soldadura.<\/p>\n<p style=\"text-align: left;\"><strong>Las barras se sujetan entre dos electrodos como un s\u00e1ndwich<\/strong><\/p>\n<p style=\"text-align: left;\"><a href=\"https:\/\/monocrom.com\/wp-admin\/admin-ajax.php?action=frm_forms_preview&amp;form=clampingmonocrom&amp;theme=1\" target=\"_blank\" rel=\"noopener\"><span style=\"color: #3366ff;\">Descargar PDF - Tecnolog\u00eda Clamping<\/span><\/a><\/p>\n\n\t\t<\/div>\n\t<\/div>\n<\/div><\/div><\/div><div class=\"wpb_column vc_column_container vc_col-sm-6\"><div class=\"vc_column-inner vc_custom_1457518934943\"><div class=\"wpb_wrapper\"><div class=\"vc_empty_space\"   style=\"height: 32px\"><span class=\"vc_empty_space_inner\"><\/span><\/div>\n\t<div  class=\"wpb_single_image wpb_content_element vc_align_right wpb_content_element\">\n\t\t\n\t\t<figure class=\"wpb_wrapper vc_figure\">\n\t\t\t<div class=\"vc_single_image-wrapper   vc_box_border_grey\"><img loading=\"lazy\" decoding=\"async\" width=\"227\" height=\"246\" src=\"https:\/\/monocrom.com\/wp-content\/uploads\/2023\/11\/monocrom-clamping-mounting.jpg\" class=\"vc_single_image-img attachment-full\" alt=\"monocromos de sujeci\u00f3n\" title=\"monocromos de sujeci\u00f3n\" \/><\/div>\n\t\t<\/figure>\n\t<\/div>\n<\/div><\/div><\/div><\/div><div class=\"vc_row wpb_row vc_row-fluid\"><div class=\"wpb_column vc_column_container vc_col-sm-12\"><div class=\"vc_column-inner\"><div class=\"wpb_wrapper\"><div class=\"vc_empty_space\"   style=\"height: 22px\"><span class=\"vc_empty_space_inner\"><\/span><\/div><div class=\"vc_separator wpb_content_element vc_separator_align_center vc_sep_width_100 vc_sep_pos_align_center vc_separator_no_text vc_sep_color_grey wpb_content_element  wpb_content_element\" ><span class=\"vc_sep_holder vc_sep_holder_l\"><span class=\"vc_sep_line\"><\/span><\/span><span class=\"vc_sep_holder vc_sep_holder_r\"><span class=\"vc_sep_line\"><\/span><\/span>\n<\/div><\/div><\/div><\/div><\/div><div class=\"vc_row wpb_row vc_row-fluid about-features inner-top-md inner-bottom-sm\"><div class=\"wpb_column vc_column_container vc_col-sm-6\"><div class=\"vc_column-inner vc_custom_1457518924264\"><div class=\"wpb_wrapper\"><div class=\"vc_empty_space\"   style=\"height: 32px\"><span class=\"vc_empty_space_inner\"><\/span><\/div>\n\t<div  class=\"wpb_single_image wpb_content_element vc_align_left wpb_content_element\">\n\t\t\n\t\t<figure class=\"wpb_wrapper vc_figure\">\n\t\t\t<div class=\"vc_single_image-wrapper   vc_box_border_grey\"><img loading=\"lazy\" decoding=\"async\" width=\"300\" height=\"200\" src=\"https:\/\/monocrom.com\/wp-content\/uploads\/2023\/11\/extended-lifetime-300x200.jpg\" class=\"vc_single_image-img attachment-medium\" alt=\"Extended life-time \u2013 10000 h.\" title=\"vida \u00fatil prolongada\" srcset=\"https:\/\/monocrom.com\/wp-content\/uploads\/2023\/11\/extended-lifetime-300x200.jpg 300w, https:\/\/monocrom.com\/wp-content\/uploads\/2023\/11\/extended-lifetime-1024x683.jpg 1024w, https:\/\/monocrom.com\/wp-content\/uploads\/2023\/11\/extended-lifetime-768x512.jpg 768w, https:\/\/monocrom.com\/wp-content\/uploads\/2023\/11\/extended-lifetime-1536x1024.jpg 1536w, https:\/\/monocrom.com\/wp-content\/uploads\/2023\/11\/extended-lifetime-2048x1366.jpg 2048w, https:\/\/monocrom.com\/wp-content\/uploads\/2023\/11\/extended-lifetime-320x213.jpg 320w, https:\/\/monocrom.com\/wp-content\/uploads\/2023\/11\/extended-lifetime-480x320.jpg 480w, https:\/\/monocrom.com\/wp-content\/uploads\/2023\/11\/extended-lifetime-800x533.jpg 800w, https:\/\/monocrom.com\/wp-content\/uploads\/2023\/11\/extended-lifetime-270x180.jpg 270w, https:\/\/monocrom.com\/wp-content\/uploads\/2023\/11\/extended-lifetime-600x400.jpg 600w\" sizes=\"auto, (max-width: 300px) 100vw, 300px\" \/><\/div>\n\t\t<\/figure>\n\t<\/div>\n<\/div><\/div><\/div><div class=\"wpb_column vc_column_container vc_col-sm-6\"><div class=\"vc_column-inner vc_custom_1457518934943\"><div class=\"wpb_wrapper\">\n\t<div class=\"wpb_text_column wpb_content_element vc_custom_1701692684954\" >\n\t\t<div class=\"wpb_wrapper\">\n\t\t\t<h1 class=\"align-top\" style=\"text-align: left;\">Vida \u00fatil prolongada<\/h1>\n<h3 class=\"align-top\" style=\"text-align: left;\">10000 h. CW Ciclos on\/off 50% DC<\/h3>\n\n\t\t<\/div>\n\t<\/div>\n\n\t<div class=\"wpb_text_column wpb_content_element vc_custom_1701692697645\" >\n\t\t<div class=\"wpb_wrapper\">\n\t\t\t<p style=\"text-align: left;\">El proceso se realiza a temperatura ambiente evitando tensiones derivadas de la diferente dilataci\u00f3n t\u00e9rmica de los electrodos y la barra. La reducci\u00f3n de la tensi\u00f3n mec\u00e1nica minimiza el efecto sonrisa, mejorando la calidad del haz l\u00e1ser y aumentando considerablemente la vida \u00fatil del diodo l\u00e1ser.<\/p>\n\n\t\t<\/div>\n\t<\/div>\n<\/div><\/div><\/div><\/div><div class=\"vc_row wpb_row vc_row-fluid\"><div class=\"wpb_column vc_column_container vc_col-sm-12\"><div class=\"vc_column-inner\"><div class=\"wpb_wrapper\"><div class=\"vc_empty_space\"   style=\"height: 22px\"><span class=\"vc_empty_space_inner\"><\/span><\/div><div class=\"vc_separator wpb_content_element vc_separator_align_center vc_sep_width_100 vc_sep_pos_align_center vc_separator_no_text vc_sep_color_grey wpb_content_element  wpb_content_element\" ><span class=\"vc_sep_holder vc_sep_holder_l\"><span class=\"vc_sep_line\"><\/span><\/span><span class=\"vc_sep_holder vc_sep_holder_r\"><span class=\"vc_sep_line\"><\/span><\/span>\n<\/div><\/div><\/div><\/div><\/div><div class=\"vc_row wpb_row vc_row-fluid about-features inner-top-md inner-bottom-sm\"><div class=\"wpb_column vc_column_container vc_col-sm-6\"><div class=\"vc_column-inner vc_custom_1457518924264\"><div class=\"wpb_wrapper\">\n\t<div class=\"wpb_text_column wpb_content_element vc_custom_1701692719625\" >\n\t\t<div class=\"wpb_wrapper\">\n\t\t\t<h1 class=\"align-top\" style=\"text-align: left;\">Sin efecto \"sonrisa<\/h1>\n\n\t\t<\/div>\n\t<\/div>\n\n\t<div class=\"wpb_text_column wpb_content_element vc_custom_1701692733857\" >\n\t\t<div class=\"wpb_wrapper\">\n\t\t\t<p style=\"text-align: left;\">La sonrisa no es un problema cuando se utiliza el montaje de barra con abrazaderas.<\/p>\n<p style=\"text-align: left;\"><strong>Barra de sujeci\u00f3n \"smile\" = 0,1um<\/strong><\/p>\n\n\t\t<\/div>\n\t<\/div>\n<\/div><\/div><\/div><div class=\"wpb_column vc_column_container vc_col-sm-6\"><div class=\"vc_column-inner vc_custom_1457518934943\"><div class=\"wpb_wrapper\"><div class=\"vc_empty_space\"   style=\"height: 32px\"><span class=\"vc_empty_space_inner\"><\/span><\/div>\n\t<div  class=\"wpb_single_image wpb_content_element vc_align_right wpb_content_element\">\n\t\t\n\t\t<figure class=\"wpb_wrapper vc_figure\">\n\t\t\t<div class=\"vc_single_image-wrapper   vc_box_border_grey\"><img loading=\"lazy\" decoding=\"async\" width=\"454\" height=\"165\" src=\"https:\/\/monocrom.com\/wp-content\/uploads\/2023\/11\/monocrom-clamping-smile-effect-v2.jpg\" class=\"vc_single_image-img attachment-full\" alt=\"monocrom pinzamiento-efecto-sonrisa-v2\" title=\"monocrom pinzamiento-efecto-sonrisa-v2\" srcset=\"https:\/\/monocrom.com\/wp-content\/uploads\/2023\/11\/monocrom-clamping-smile-effect-v2.jpg 454w, https:\/\/monocrom.com\/wp-content\/uploads\/2023\/11\/monocrom-clamping-smile-effect-v2-300x109.jpg 300w, https:\/\/monocrom.com\/wp-content\/uploads\/2023\/11\/monocrom-clamping-smile-effect-v2-320x116.jpg 320w\" sizes=\"auto, (max-width: 454px) 100vw, 454px\" \/><\/div>\n\t\t<\/figure>\n\t<\/div>\n<\/div><\/div><\/div><\/div><div class=\"vc_row wpb_row vc_row-fluid\"><div class=\"wpb_column vc_column_container vc_col-sm-12\"><div class=\"vc_column-inner\"><div class=\"wpb_wrapper\"><div class=\"vc_empty_space\"   style=\"height: 22px\"><span class=\"vc_empty_space_inner\"><\/span><\/div><div class=\"vc_separator wpb_content_element vc_separator_align_center vc_sep_width_100 vc_sep_pos_align_center vc_separator_no_text vc_sep_color_grey wpb_content_element  wpb_content_element\" ><span class=\"vc_sep_holder vc_sep_holder_l\"><span class=\"vc_sep_line\"><\/span><\/span><span class=\"vc_sep_holder vc_sep_holder_r\"><span class=\"vc_sep_line\"><\/span><\/span>\n<\/div><\/div><\/div><\/div><\/div><div class=\"vc_row wpb_row vc_row-fluid about-features inner-top-md inner-bottom-sm\"><div class=\"wpb_column vc_column_container vc_col-sm-6\"><div class=\"vc_column-inner vc_custom_1457518924264\"><div class=\"wpb_wrapper\"><div class=\"vc_empty_space\"   style=\"height: 32px\"><span class=\"vc_empty_space_inner\"><\/span><\/div>\n\t<div  class=\"wpb_single_image wpb_content_element vc_align_left wpb_content_element\">\n\t\t\n\t\t<figure class=\"wpb_wrapper vc_figure\">\n\t\t\t<div class=\"vc_single_image-wrapper   vc_box_border_grey\"><img loading=\"lazy\" decoding=\"async\" width=\"300\" height=\"200\" src=\"https:\/\/monocrom.com\/wp-content\/uploads\/2023\/11\/Large-storage-Clamping-300x200.jpg\" class=\"vc_single_image-img attachment-medium\" alt=\"Gran almacenamiento Sujeci\u00f3n\" title=\"Gran almacenamiento Sujeci\u00f3n\" srcset=\"https:\/\/monocrom.com\/wp-content\/uploads\/2023\/11\/Large-storage-Clamping-300x200.jpg 300w, https:\/\/monocrom.com\/wp-content\/uploads\/2023\/11\/Large-storage-Clamping-1024x683.jpg 1024w, https:\/\/monocrom.com\/wp-content\/uploads\/2023\/11\/Large-storage-Clamping-768x512.jpg 768w, https:\/\/monocrom.com\/wp-content\/uploads\/2023\/11\/Large-storage-Clamping-1536x1024.jpg 1536w, https:\/\/monocrom.com\/wp-content\/uploads\/2023\/11\/Large-storage-Clamping-2048x1365.jpg 2048w, https:\/\/monocrom.com\/wp-content\/uploads\/2023\/11\/Large-storage-Clamping-320x213.jpg 320w, https:\/\/monocrom.com\/wp-content\/uploads\/2023\/11\/Large-storage-Clamping-480x320.jpg 480w, https:\/\/monocrom.com\/wp-content\/uploads\/2023\/11\/Large-storage-Clamping-800x533.jpg 800w, https:\/\/monocrom.com\/wp-content\/uploads\/2023\/11\/Large-storage-Clamping-270x180.jpg 270w, https:\/\/monocrom.com\/wp-content\/uploads\/2023\/11\/Large-storage-Clamping-600x400.jpg 600w\" sizes=\"auto, (max-width: 300px) 100vw, 300px\" \/><\/div>\n\t\t<\/figure>\n\t<\/div>\n<\/div><\/div><\/div><div class=\"wpb_column vc_column_container vc_col-sm-6\"><div class=\"vc_column-inner vc_custom_1457518934943\"><div class=\"wpb_wrapper\">\n\t<div class=\"wpb_text_column wpb_content_element vc_custom_1701692818257\" >\n\t\t<div class=\"wpb_wrapper\">\n\t\t\t<h1 class=\"align-top\" style=\"text-align: left;\">Amplia gama de temperaturas de funcionamiento y almacenamiento<\/h1>\n<p style=\"text-align: left;\">A alta temperatura, la desgasificaci\u00f3n de la soldadura puede producir la contaminaci\u00f3n de la barra l\u00e1ser. Si las barras se montan con abrazaderas, la temperatura de funcionamiento y almacenamiento puede aumentar.<\/p>\n<p style=\"text-align: left;\"><strong>Temperatura de almacenamiento: (60\u00baC,+85\u00baC)<\/strong><\/p>\n\n\t\t<\/div>\n\t<\/div>\n\n\t<div class=\"wpb_text_column wpb_content_element vc_custom_1701692829522\" >\n\t\t<div class=\"wpb_wrapper\">\n\t\t\t<p style=\"text-align: left;\">El proceso se realiza a temperatura ambiente evitando tensiones derivadas de la diferente dilataci\u00f3n t\u00e9rmica de los electrodos y la barra. La reducci\u00f3n de la tensi\u00f3n mec\u00e1nica minimiza el efecto sonrisa, mejorando la calidad del haz l\u00e1ser y aumentando considerablemente la vida \u00fatil del diodo l\u00e1ser.<\/p>\n\n\t\t<\/div>\n\t<\/div>\n<\/div><\/div><\/div><\/div><div class=\"vc_row wpb_row vc_row-fluid\"><div class=\"wpb_column vc_column_container vc_col-sm-12\"><div class=\"vc_column-inner\"><div class=\"wpb_wrapper\"><div class=\"vc_empty_space\"   style=\"height: 22px\"><span class=\"vc_empty_space_inner\"><\/span><\/div><div class=\"vc_separator wpb_content_element vc_separator_align_center vc_sep_width_100 vc_sep_pos_align_center vc_separator_no_text vc_sep_color_grey wpb_content_element  wpb_content_element\" ><span class=\"vc_sep_holder vc_sep_holder_l\"><span class=\"vc_sep_line\"><\/span><\/span><span class=\"vc_sep_holder vc_sep_holder_r\"><span class=\"vc_sep_line\"><\/span><\/span>\n<\/div><\/div><\/div><\/div><\/div><div class=\"vc_row wpb_row vc_row-fluid about-features inner-top-md inner-bottom-sm\"><div class=\"wpb_column vc_column_container vc_col-sm-6\"><div class=\"vc_column-inner vc_custom_1457518924264\"><div class=\"wpb_wrapper\">\n\t<div class=\"wpb_text_column wpb_content_element vc_custom_1701692890504\" >\n\t\t<div class=\"wpb_wrapper\">\n\t\t\t<h1 class=\"align-top\" style=\"text-align: left;\">Alta eficacia de refrigeraci\u00f3n<\/h1>\n\n\t\t<\/div>\n\t<\/div>\n\n\t<div class=\"wpb_text_column wpb_content_element vc_custom_1701692901090\" >\n\t\t<div class=\"wpb_wrapper\">\n\t\t\t<div class=\"wpb_text_column wpb_content_element\">\n<div class=\"wpb_wrapper\">\n<p style=\"text-align: left;\">La t\u00e9cnica sin soldadura permite utilizar electrodos de alta conductividad t\u00e9rmica. Adem\u00e1s, tanto los electrodos an\u00f3dicos como los cat\u00f3dicos act\u00faan como disipadores de calor. No hay barrera t\u00e9rmica entre la barra l\u00e1ser y los electrodos.<\/p>\n<\/div>\n<\/div>\n<div class=\"vc_empty_space\" style=\"text-align: left;\"><\/div>\n<div class=\"wpb_text_column wpb_content_element\">\n<div class=\"wpb_wrapper\">\n<p style=\"text-align: left;\"><strong>Macrocanales reales - canales milim\u00e9tricos<\/strong><\/p>\n<\/div>\n<\/div>\n\n\t\t<\/div>\n\t<\/div>\n<\/div><\/div><\/div><div class=\"wpb_column vc_column_container vc_col-sm-6\"><div class=\"vc_column-inner vc_custom_1457518934943\"><div class=\"wpb_wrapper\"><div class=\"vc_empty_space\"   style=\"height: 32px\"><span class=\"vc_empty_space_inner\"><\/span><\/div>\n\t<div  class=\"wpb_single_image wpb_content_element vc_align_right wpb_content_element\">\n\t\t\n\t\t<figure class=\"wpb_wrapper vc_figure\">\n\t\t\t<div class=\"vc_single_image-wrapper   vc_box_border_grey\"><img loading=\"lazy\" decoding=\"async\" width=\"300\" height=\"199\" src=\"https:\/\/monocrom.com\/wp-content\/uploads\/2023\/12\/cooling_clamping-300x199.jpg\" class=\"vc_single_image-img attachment-medium\" alt=\"sujeci\u00f3n_enfriamiento\" title=\"sujeci\u00f3n_enfriamiento\" srcset=\"https:\/\/monocrom.com\/wp-content\/uploads\/2023\/12\/cooling_clamping-300x199.jpg 300w, https:\/\/monocrom.com\/wp-content\/uploads\/2023\/12\/cooling_clamping-1024x680.jpg 1024w, https:\/\/monocrom.com\/wp-content\/uploads\/2023\/12\/cooling_clamping-768x510.jpg 768w, https:\/\/monocrom.com\/wp-content\/uploads\/2023\/12\/cooling_clamping-1536x1020.jpg 1536w, https:\/\/monocrom.com\/wp-content\/uploads\/2023\/12\/cooling_clamping-2048x1360.jpg 2048w, https:\/\/monocrom.com\/wp-content\/uploads\/2023\/12\/cooling_clamping-320x212.jpg 320w, https:\/\/monocrom.com\/wp-content\/uploads\/2023\/12\/cooling_clamping-480x319.jpg 480w, https:\/\/monocrom.com\/wp-content\/uploads\/2023\/12\/cooling_clamping-800x531.jpg 800w, https:\/\/monocrom.com\/wp-content\/uploads\/2023\/12\/cooling_clamping-270x180.jpg 270w, https:\/\/monocrom.com\/wp-content\/uploads\/2023\/12\/cooling_clamping-600x398.jpg 600w\" sizes=\"auto, (max-width: 300px) 100vw, 300px\" \/><\/div>\n\t\t<\/figure>\n\t<\/div>\n<\/div><\/div><\/div><\/div><div class=\"vc_row wpb_row vc_row-fluid\"><div class=\"wpb_column vc_column_container vc_col-sm-12\"><div class=\"vc_column-inner\"><div class=\"wpb_wrapper\"><div class=\"vc_empty_space\"   style=\"height: 22px\"><span class=\"vc_empty_space_inner\"><\/span><\/div><div class=\"vc_separator wpb_content_element vc_separator_align_center vc_sep_width_100 vc_sep_pos_align_center vc_separator_no_text vc_sep_color_grey wpb_content_element  wpb_content_element\" ><span class=\"vc_sep_holder vc_sep_holder_l\"><span class=\"vc_sep_line\"><\/span><\/span><span class=\"vc_sep_holder vc_sep_holder_r\"><span class=\"vc_sep_line\"><\/span><\/span>\n<\/div><\/div><\/div><\/div><\/div><div class=\"vc_row wpb_row vc_row-fluid about-features inner-top-md inner-bottom-sm\"><div class=\"wpb_column vc_column_container vc_col-sm-6\"><div class=\"vc_column-inner vc_custom_1457518924264\"><div class=\"wpb_wrapper\"><div class=\"vc_empty_space\"   style=\"height: 32px\"><span class=\"vc_empty_space_inner\"><\/span><\/div>\n\t<div  class=\"wpb_single_image wpb_content_element vc_align_left wpb_content_element\">\n\t\t\n\t\t<figure class=\"wpb_wrapper vc_figure\">\n\t\t\t<div class=\"vc_single_image-wrapper   vc_box_border_grey\"><img loading=\"lazy\" decoding=\"async\" width=\"300\" height=\"226\" src=\"https:\/\/monocrom.com\/wp-content\/uploads\/2023\/12\/reliability_clamping-300x226.jpg\" class=\"vc_single_image-img attachment-medium\" alt=\"fiabilidad_fijaci\u00f3n\" title=\"fiabilidad_fijaci\u00f3n\" srcset=\"https:\/\/monocrom.com\/wp-content\/uploads\/2023\/12\/reliability_clamping-300x226.jpg 300w, https:\/\/monocrom.com\/wp-content\/uploads\/2023\/12\/reliability_clamping-1024x770.jpg 1024w, https:\/\/monocrom.com\/wp-content\/uploads\/2023\/12\/reliability_clamping-768x577.jpg 768w, https:\/\/monocrom.com\/wp-content\/uploads\/2023\/12\/reliability_clamping-1536x1155.jpg 1536w, https:\/\/monocrom.com\/wp-content\/uploads\/2023\/12\/reliability_clamping-2048x1540.jpg 2048w, https:\/\/monocrom.com\/wp-content\/uploads\/2023\/12\/reliability_clamping-320x241.jpg 320w, https:\/\/monocrom.com\/wp-content\/uploads\/2023\/12\/reliability_clamping-480x361.jpg 480w, https:\/\/monocrom.com\/wp-content\/uploads\/2023\/12\/reliability_clamping-800x601.jpg 800w, https:\/\/monocrom.com\/wp-content\/uploads\/2023\/12\/reliability_clamping-600x451.jpg 600w\" sizes=\"auto, (max-width: 300px) 100vw, 300px\" \/><\/div>\n\t\t<\/figure>\n\t<\/div>\n<\/div><\/div><\/div><div class=\"wpb_column vc_column_container vc_col-sm-6\"><div class=\"vc_column-inner vc_custom_1457518934943\"><div class=\"wpb_wrapper\">\n\t<div class=\"wpb_text_column wpb_content_element vc_custom_1701694730246\" >\n\t\t<div class=\"wpb_wrapper\">\n\t\t\t<h1 class=\"align-top\" style=\"text-align: left;\">\u00a0Alta fiabilidad<\/h1>\n<p style=\"text-align: left;\">Las barras l\u00e1ser con abrazaderas (simples o apiladas) muestran una excelente fiabilidad operando en todos los modos de funcionamiento posibles, desde pulsos muy cortos a alta velocidad de repetici\u00f3n, hasta condiciones de onda continua.<\/p>\n\n\t\t<\/div>\n\t<\/div>\n\n\t<div class=\"wpb_text_column wpb_content_element vc_custom_1701694680490\" >\n\t\t<div class=\"wpb_wrapper\">\n\t\t\t<p style=\"text-align: left;\">El proceso se realiza a temperatura ambiente evitando tensiones derivadas de la diferente dilataci\u00f3n t\u00e9rmica de los electrodos y la barra. La reducci\u00f3n de la tensi\u00f3n mec\u00e1nica minimiza el efecto sonrisa, mejorando la calidad del haz l\u00e1ser y aumentando considerablemente la vida \u00fatil del diodo l\u00e1ser.<\/p>\n\n\t\t<\/div>\n\t<\/div>\n<\/div><\/div><\/div><\/div><div class=\"vc_row wpb_row vc_row-fluid\"><div class=\"wpb_column vc_column_container vc_col-sm-12\"><div class=\"vc_column-inner\"><div class=\"wpb_wrapper\"><div class=\"vc_empty_space\"   style=\"height: 55px\"><span class=\"vc_empty_space_inner\"><\/span><\/div><div class=\"vc_separator wpb_content_element vc_separator_align_center vc_sep_width_100 vc_sep_pos_align_center vc_separator_no_text vc_sep_color_grey wpb_content_element  wpb_content_element\" ><span class=\"vc_sep_holder vc_sep_holder_l\"><span class=\"vc_sep_line\"><\/span><\/span><span class=\"vc_sep_holder vc_sep_holder_r\"><span class=\"vc_sep_line\"><\/span><\/span>\n<\/div><\/div><\/div><\/div><\/div><div class=\"vc_row wpb_row vc_row-fluid about-features inner-top-md inner-bottom-sm\"><div class=\"wpb_column vc_column_container vc_col-sm-6\"><div class=\"vc_column-inner vc_custom_1457518924264\"><div class=\"wpb_wrapper\">\n\t<div class=\"wpb_text_column wpb_content_element vc_custom_1701695472508\" >\n\t\t<div class=\"wpb_wrapper\">\n\t\t\t<h1 class=\"align-top\" style=\"text-align: left;\">Versatilidad de los envases<\/h1>\n\n\t\t<\/div>\n\t<\/div>\n\n\t<div class=\"wpb_text_column wpb_content_element vc_custom_1760338892377\" >\n\t\t<div class=\"wpb_wrapper\">\n\t\t\t<div class=\"wpb_text_column wpb_content_element\">\n<div class=\"wpb_wrapper\">\n<div class=\"wpb_text_column wpb_content_element\">\n<div class=\"wpb_wrapper\">\n<p style=\"text-align: left;\">Desde la arquitectura est\u00e1ndar hasta los dise\u00f1os personalizados y las soluciones de alta potencia, la tecnolog\u00eda de sujeci\u00f3n Monocrom ha demostrado ser muy vers\u00e1til.<\/p>\n<\/div>\n<\/div>\n<div class=\"separator normal\" style=\"text-align: left;\">Peak power at CW up to 250 W\/bar<\/div>\n<div class=\"separator normal\" style=\"text-align: left;\">Peak power at high repetition rate up to 600 W\/bar<\/div>\n<div class=\"separator normal\" style=\"text-align: left;\">\n<p>Pulse energy &lt; 10 J\/bar at low repetition rate and millisecond long pulses<\/p>\n<\/div>\n<\/div>\n<\/div>\n\n\t\t<\/div>\n\t<\/div>\n<\/div><\/div><\/div><div class=\"wpb_column vc_column_container vc_col-sm-6\"><div class=\"vc_column-inner vc_custom_1457518934943\"><div class=\"wpb_wrapper\"><div class=\"vc_empty_space\"   style=\"height: 32px\"><span class=\"vc_empty_space_inner\"><\/span><\/div>\n\t<div  class=\"wpb_single_image wpb_content_element vc_align_right wpb_content_element\">\n\t\t\n\t\t<figure class=\"wpb_wrapper vc_figure\">\n\t\t\t<div class=\"vc_single_image-wrapper   vc_box_border_grey\"><img loading=\"lazy\" decoding=\"async\" width=\"680\" height=\"306\" src=\"https:\/\/monocrom.com\/wp-content\/uploads\/2023\/11\/monocrom-clamping-packaging.png\" class=\"vc_single_image-img attachment-full\" alt=\"Versatilidad de los envases\" title=\"embalaje-monocrom\u00e1tico\" srcset=\"https:\/\/monocrom.com\/wp-content\/uploads\/2023\/11\/monocrom-clamping-packaging.png 680w, https:\/\/monocrom.com\/wp-content\/uploads\/2023\/11\/monocrom-clamping-packaging-300x135.png 300w, https:\/\/monocrom.com\/wp-content\/uploads\/2023\/11\/monocrom-clamping-packaging-320x144.png 320w, https:\/\/monocrom.com\/wp-content\/uploads\/2023\/11\/monocrom-clamping-packaging-480x216.png 480w, https:\/\/monocrom.com\/wp-content\/uploads\/2023\/11\/monocrom-clamping-packaging-600x270.png 600w\" sizes=\"auto, (max-width: 680px) 100vw, 680px\" \/><\/div>\n\t\t<\/figure>\n\t<\/div>\n<\/div><\/div><\/div><\/div><div class=\"vc_row wpb_row vc_row-fluid\"><div class=\"wpb_column vc_column_container vc_col-sm-12\"><div class=\"vc_column-inner\"><div class=\"wpb_wrapper\">\n\t<div class=\"wpb_raw_code wpb_raw_html wpb_content_element\" >\n\t\t<div class=\"wpb_wrapper\">\n\t\t\t<style type=\"text\/css\">.page .entry-header.header-with-cover-image { background-position: center -157px; }<\/style>\n\t\t<\/div>\n\t<\/div>\n<\/div><\/div><\/div><\/div>\n<\/div>","protected":false},"excerpt":{"rendered":"Clamping Clamping \u2122 Technology Solder-free laser bar mounting Patent EP1341275B1 - For exclusive use of Monocrom S.L. While soldered bars present a serie of problems as thermal expansion mismatch, high","protected":false},"author":16,"featured_media":8374,"parent":0,"menu_order":0,"comment_status":"closed","ping_status":"closed","template":"","meta":{"_acf_changed":false,"footnotes":""},"class_list":["post-7992","page","type-page","status-publish","has-post-thumbnail","hentry"],"acf":[],"_links":{"self":[{"href":"https:\/\/monocrom.com\/es\/wp-json\/wp\/v2\/pages\/7992","targetHints":{"allow":["GET"]}}],"collection":[{"href":"https:\/\/monocrom.com\/es\/wp-json\/wp\/v2\/pages"}],"about":[{"href":"https:\/\/monocrom.com\/es\/wp-json\/wp\/v2\/types\/page"}],"author":[{"embeddable":true,"href":"https:\/\/monocrom.com\/es\/wp-json\/wp\/v2\/users\/16"}],"replies":[{"embeddable":true,"href":"https:\/\/monocrom.com\/es\/wp-json\/wp\/v2\/comments?post=7992"}],"version-history":[{"count":0,"href":"https:\/\/monocrom.com\/es\/wp-json\/wp\/v2\/pages\/7992\/revisions"}],"wp:featuredmedia":[{"embeddable":true,"href":"https:\/\/monocrom.com\/es\/wp-json\/wp\/v2\/media\/8374"}],"wp:attachment":[{"href":"https:\/\/monocrom.com\/es\/wp-json\/wp\/v2\/media?parent=7992"}],"curies":[{"name":"wp","href":"https:\/\/api.w.org\/{rel}","templated":true}]}}