{"id":8067,"date":"2023-11-20T10:12:33","date_gmt":"2023-11-20T10:12:33","guid":{"rendered":"http:\/\/monocrom.com\/?page_id=8067"},"modified":"2026-01-19T11:58:59","modified_gmt":"2026-01-19T11:58:59","slug":"medicina-y-estetica","status":"publish","type":"page","link":"https:\/\/monocrom.com\/es\/markets\/medical-and-aesthetics\/","title":{"rendered":"Medicina y est\u00e9tica"},"content":{"rendered":"<div class=\"wpb-content-wrapper\"><div class=\"vc_row wpb_row vc_row-fluid\"><div class=\"wpb_column vc_column_container vc_col-sm-12\"><div class=\"vc_column-inner\"><div class=\"wpb_wrapper\"><div class=\"vc_empty_space\"   style=\"height: 55px\"><span class=\"vc_empty_space_inner\"><\/span><\/div>\n\t<div class=\"wpb_text_column wpb_content_element\" >\n\t\t<div class=\"wpb_wrapper\">\n\t\t\t<div class=\"wpb_text_column wpb_content_element\">\n<div class=\"wpb_wrapper\">\n<p>Monocrom desarrolla tecnolog\u00eda l\u00e1ser m\u00e9dica y est\u00e9tica de diodos fiable y altamente eficaz para la industria sanitaria y de las ciencias de la vida. Realizamos una investigaci\u00f3n constante y avanzada en nuevas aplicaciones en el campo de la Medicina, que nos permite abrir la puerta a nuevas posibilidades de tratamientos y terapias asistidas por l\u00e1ser.<\/p>\n<\/div>\n<\/div>\n<div class=\"vc_empty_space\"><\/div>\n<div class=\"wpb_text_column wpb_content_element\">\n<div class=\"wpb_wrapper\">\n<p>Contamos con m\u00e1s de 25 a\u00f1os de experiencia en el dise\u00f1o y desarrollo de l\u00e1seres para el sector m\u00e9dico y est\u00e9tico, en una amplia gama de aplicaciones y \u00e1reas que van desde el tratamiento de varices y la litotricia por l\u00e1ser hasta la cirug\u00eda ocular por l\u00e1ser. En la actualidad, nuestros l\u00e1seres m\u00e9dicos se utilizan ampliamente en dispositivos y equipos m\u00e9dicos y su demanda crece r\u00e1pidamente gracias a sus caracter\u00edsticas \u00fanicas, su alta calidad y su extraordinario rendimiento.<\/p>\n<\/div>\n<\/div>\n<div class=\"vc_empty_space\"><\/div>\n<div class=\"wpb_text_column wpb_content_element\">\n<div class=\"wpb_wrapper\">\n<p>Monocrom es un fabricante OEM. pero tambi\u00e9n ofrece productos est\u00e1ndar en plazos de entrega cortos. Nos adaptamos a las necesidades de los clientes con un alto grado de flexibilidad y versatilidad para sus desarrollos.<\/p>\n<\/div>\n<\/div>\n\n\t\t<\/div>\n\t<\/div>\n<\/div><\/div><\/div><\/div><div class=\"vc_row wpb_row vc_row-fluid\"><div class=\"wpb_column vc_column_container vc_col-sm-12\"><div class=\"vc_column-inner\"><div class=\"wpb_wrapper\"><div class=\"vc_empty_space\"   style=\"height: 32px\"><span class=\"vc_empty_space_inner\"><\/span><\/div>\n\t<div class=\"wpb_text_column wpb_content_element\" >\n\t\t<div class=\"wpb_wrapper\">\n\t\t\t<h2 class=\"contact-page-title\">Industrias y sectores<\/h2>\n\n\t\t<\/div>\n\t<\/div>\n<div class=\"vc_empty_space\"   style=\"height: 22px\"><span class=\"vc_empty_space_inner\"><\/span><\/div><\/div><\/div><\/div><\/div><div class=\"vc_row wpb_row vc_row-fluid\"><div class=\"wpb_column vc_column_container vc_col-sm-1\/5\"><div class=\"vc_column-inner\"><div class=\"wpb_wrapper\">\n\t<div class=\"wpb_text_column wpb_content_element\" >\n\t\t<div class=\"wpb_wrapper\">\n\t\t\t<h3 style=\"text-align: center;\"><a href=\"https:\/\/monocrom.com\/es\/estetica-y-dermatologia\/\">Est\u00e9tico y Dermatolog\u00eda<\/a><\/h3>\n\n\t\t<\/div>\n\t<\/div>\n\n\t<div  class=\"wpb_single_image wpb_content_element vc_align_left wpb_content_element\">\n\t\t\n\t\t<figure class=\"wpb_wrapper vc_figure\">\n\t\t\t<a href=\"https:\/\/monocrom.com\/es\/mercados\/medicina-y-estetica\/\" target=\"_self\" class=\"vc_single_image-wrapper   vc_box_border_grey\"><img loading=\"lazy\" decoding=\"async\" width=\"300\" height=\"203\" src=\"https:\/\/monocrom.com\/wp-content\/uploads\/2024\/06\/pointer-300x203.jpg\" class=\"vc_single_image-img attachment-medium\" alt=\"\" title=\"puntero\" srcset=\"https:\/\/monocrom.com\/wp-content\/uploads\/2024\/06\/pointer-300x203.jpg 300w, https:\/\/monocrom.com\/wp-content\/uploads\/2024\/06\/pointer-320x217.jpg 320w, https:\/\/monocrom.com\/wp-content\/uploads\/2024\/06\/pointer-480x325.jpg 480w, https:\/\/monocrom.com\/wp-content\/uploads\/2024\/06\/pointer.jpg 600w\" sizes=\"auto, (max-width: 300px) 100vw, 300px\" \/><\/a>\n\t\t<\/figure>\n\t<\/div>\n<\/div><\/div><\/div><div class=\"wpb_column vc_column_container vc_col-sm-1\/5\"><div class=\"vc_column-inner\"><div class=\"wpb_wrapper\">\n\t<div class=\"wpb_text_column wpb_content_element\" >\n\t\t<div class=\"wpb_wrapper\">\n\t\t\t<h3 style=\"text-align: center;\"><a href=\"https:\/\/monocrom.com\/es\/mercados\/medicina-y-estetica\/urologia\/\">Urolog\u00eda<\/a><\/h3>\n\n\t\t<\/div>\n\t<\/div>\n\n\t<div  class=\"wpb_single_image wpb_content_element vc_align_left wpb_content_element\">\n\t\t\n\t\t<figure class=\"wpb_wrapper vc_figure\">\n\t\t\t<a href=\"https:\/\/monocrom.com\/es\/mercados\/medicina-y-estetica\/urologia\/\" target=\"_self\" class=\"vc_single_image-wrapper   vc_box_border_grey\"><img loading=\"lazy\" decoding=\"async\" width=\"300\" height=\"203\" src=\"https:\/\/monocrom.com\/wp-content\/uploads\/2024\/06\/pulmon-300x203.jpg\" class=\"vc_single_image-img attachment-medium\" alt=\"\" title=\"pulm\u00f3n\" srcset=\"https:\/\/monocrom.com\/wp-content\/uploads\/2024\/06\/pulmon-300x203.jpg 300w, https:\/\/monocrom.com\/wp-content\/uploads\/2024\/06\/pulmon-320x217.jpg 320w, https:\/\/monocrom.com\/wp-content\/uploads\/2024\/06\/pulmon-480x325.jpg 480w, https:\/\/monocrom.com\/wp-content\/uploads\/2024\/06\/pulmon.jpg 600w\" sizes=\"auto, (max-width: 300px) 100vw, 300px\" \/><\/a>\n\t\t<\/figure>\n\t<\/div>\n<\/div><\/div><\/div><div class=\"wpb_column vc_column_container vc_col-sm-1\/5\"><div class=\"vc_column-inner\"><div class=\"wpb_wrapper\">\n\t<div class=\"wpb_text_column wpb_content_element\" >\n\t\t<div class=\"wpb_wrapper\">\n\t\t\t<h3 style=\"text-align: center;\"><a href=\"https:\/\/monocrom.com\/es\/espectroscopia\/\">Espectroscopia<\/a><\/h3>\n\n\t\t<\/div>\n\t<\/div>\n\n\t<div  class=\"wpb_single_image wpb_content_element vc_align_left wpb_content_element\">\n\t\t\n\t\t<figure class=\"wpb_wrapper vc_figure\">\n\t\t\t<a href=\"https:\/\/monocrom.com\/es\/mercados\/investigacion\/espectroscopia\/\" target=\"_self\" class=\"vc_single_image-wrapper   vc_box_border_grey\"><img loading=\"lazy\" decoding=\"async\" width=\"300\" height=\"203\" src=\"https:\/\/monocrom.com\/wp-content\/uploads\/2024\/06\/spectroscopy-300x203.jpg\" class=\"vc_single_image-img attachment-medium\" alt=\"\" title=\"espectroscopia\" srcset=\"https:\/\/monocrom.com\/wp-content\/uploads\/2024\/06\/spectroscopy-300x203.jpg 300w, https:\/\/monocrom.com\/wp-content\/uploads\/2024\/06\/spectroscopy-320x217.jpg 320w, https:\/\/monocrom.com\/wp-content\/uploads\/2024\/06\/spectroscopy-480x325.jpg 480w, https:\/\/monocrom.com\/wp-content\/uploads\/2024\/06\/spectroscopy.jpg 600w\" sizes=\"auto, (max-width: 300px) 100vw, 300px\" \/><\/a>\n\t\t<\/figure>\n\t<\/div>\n<\/div><\/div><\/div><div class=\"wpb_column vc_column_container vc_col-sm-1\/5\"><div class=\"vc_column-inner\"><div class=\"wpb_wrapper\">\n\t<div class=\"wpb_text_column wpb_content_element\" >\n\t\t<div class=\"wpb_wrapper\">\n\t\t\t<h3 style=\"text-align: center;\"><a href=\"https:\/\/monocrom.com\/es\/oftalmologia\/\">Oftalmolog\u00eda<\/a><\/h3>\n\n\t\t<\/div>\n\t<\/div>\n\n\t<div  class=\"wpb_single_image wpb_content_element vc_align_left wpb_content_element\">\n\t\t\n\t\t<figure class=\"wpb_wrapper vc_figure\">\n\t\t\t<a href=\"https:\/\/monocrom.com\/es\/mercados\/medicina-y-estetica\/oftalmologia\/\" target=\"_self\" class=\"vc_single_image-wrapper   vc_box_border_grey\"><img loading=\"lazy\" decoding=\"async\" width=\"300\" height=\"200\" src=\"https:\/\/monocrom.com\/wp-content\/uploads\/2023\/11\/ophthalmology-2_1548493877-min-300x200.jpg\" class=\"vc_single_image-img attachment-medium\" alt=\"Oftalmolog\u00eda\" title=\"ophthalmology-2_1548493877-min\" srcset=\"https:\/\/monocrom.com\/wp-content\/uploads\/2023\/11\/ophthalmology-2_1548493877-min-300x200.jpg 300w, https:\/\/monocrom.com\/wp-content\/uploads\/2023\/11\/ophthalmology-2_1548493877-min-1024x683.jpg 1024w, https:\/\/monocrom.com\/wp-content\/uploads\/2023\/11\/ophthalmology-2_1548493877-min-768x512.jpg 768w, https:\/\/monocrom.com\/wp-content\/uploads\/2023\/11\/ophthalmology-2_1548493877-min-320x213.jpg 320w, https:\/\/monocrom.com\/wp-content\/uploads\/2023\/11\/ophthalmology-2_1548493877-min-480x320.jpg 480w, https:\/\/monocrom.com\/wp-content\/uploads\/2023\/11\/ophthalmology-2_1548493877-min-800x533.jpg 800w, https:\/\/monocrom.com\/wp-content\/uploads\/2023\/11\/ophthalmology-2_1548493877-min-270x180.jpg 270w, https:\/\/monocrom.com\/wp-content\/uploads\/2023\/11\/ophthalmology-2_1548493877-min-600x400.jpg 600w, https:\/\/monocrom.com\/wp-content\/uploads\/2023\/11\/ophthalmology-2_1548493877-min.jpg 1500w\" sizes=\"auto, (max-width: 300px) 100vw, 300px\" \/><\/a>\n\t\t<\/figure>\n\t<\/div>\n<\/div><\/div><\/div><div class=\"wpb_column vc_column_container vc_col-sm-1\/5\"><div class=\"vc_column-inner\"><div class=\"wpb_wrapper\">\n\t<div class=\"wpb_text_column wpb_content_element\" >\n\t\t<div class=\"wpb_wrapper\">\n\t\t\t<h3 style=\"text-align: center;\"><a href=\"https:\/\/monocrom.com\/es\/terapia-fotodinamica\/\">Terapia fotodin\u00e1mica<\/a><\/h3>\n\n\t\t<\/div>\n\t<\/div>\n\n\t<div  class=\"wpb_single_image wpb_content_element vc_align_left wpb_content_element\">\n\t\t\n\t\t<figure class=\"wpb_wrapper vc_figure\">\n\t\t\t<a href=\"https:\/\/monocrom.com\/es\/terapia-fotodinamica\/\" target=\"_self\" class=\"vc_single_image-wrapper   vc_box_border_grey\"><img loading=\"lazy\" decoding=\"async\" width=\"300\" height=\"203\" src=\"https:\/\/monocrom.com\/wp-content\/uploads\/2024\/06\/cells-300x203.jpg\" class=\"vc_single_image-img attachment-medium\" alt=\"\" title=\"c\u00e9lulas\" srcset=\"https:\/\/monocrom.com\/wp-content\/uploads\/2024\/06\/cells-300x203.jpg 300w, https:\/\/monocrom.com\/wp-content\/uploads\/2024\/06\/cells-320x217.jpg 320w, https:\/\/monocrom.com\/wp-content\/uploads\/2024\/06\/cells-480x325.jpg 480w, https:\/\/monocrom.com\/wp-content\/uploads\/2024\/06\/cells.jpg 600w\" sizes=\"auto, (max-width: 300px) 100vw, 300px\" \/><\/a>\n\t\t<\/figure>\n\t<\/div>\n<\/div><\/div><\/div><\/div>\n<\/div>","protected":false},"excerpt":{"rendered":"Monocrom develops reliable and\u00a0 highly effective diode Medical &amp; Aesthetics laser technology for the Healthcare and Life-science industry. We perform a constant, advanced research in new applications in the field","protected":false},"author":16,"featured_media":8068,"parent":8338,"menu_order":0,"comment_status":"closed","ping_status":"closed","template":"","meta":{"_acf_changed":false,"footnotes":""},"class_list":["post-8067","page","type-page","status-publish","has-post-thumbnail","hentry"],"acf":[],"_links":{"self":[{"href":"https:\/\/monocrom.com\/es\/wp-json\/wp\/v2\/pages\/8067","targetHints":{"allow":["GET"]}}],"collection":[{"href":"https:\/\/monocrom.com\/es\/wp-json\/wp\/v2\/pages"}],"about":[{"href":"https:\/\/monocrom.com\/es\/wp-json\/wp\/v2\/types\/page"}],"author":[{"embeddable":true,"href":"https:\/\/monocrom.com\/es\/wp-json\/wp\/v2\/users\/16"}],"replies":[{"embeddable":true,"href":"https:\/\/monocrom.com\/es\/wp-json\/wp\/v2\/comments?post=8067"}],"version-history":[{"count":1,"href":"https:\/\/monocrom.com\/es\/wp-json\/wp\/v2\/pages\/8067\/revisions"}],"predecessor-version":[{"id":12019,"href":"https:\/\/monocrom.com\/es\/wp-json\/wp\/v2\/pages\/8067\/revisions\/12019"}],"up":[{"embeddable":true,"href":"https:\/\/monocrom.com\/es\/wp-json\/wp\/v2\/pages\/8338"}],"wp:featuredmedia":[{"embeddable":true,"href":"https:\/\/monocrom.com\/es\/wp-json\/wp\/v2\/media\/8068"}],"wp:attachment":[{"href":"https:\/\/monocrom.com\/es\/wp-json\/wp\/v2\/media?parent=8067"}],"curies":[{"name":"wp","href":"https:\/\/api.w.org\/{rel}","templated":true}]}}