{"id":8103,"date":"2023-11-21T08:25:27","date_gmt":"2023-11-21T08:25:27","guid":{"rendered":"http:\/\/monocrom.com\/?page_id=8103"},"modified":"2023-12-13T09:12:20","modified_gmt":"2023-12-13T09:12:20","slug":"aeroespacial-y-defensa","status":"publish","type":"page","link":"https:\/\/monocrom.com\/es\/markets\/aerospace-and-defense\/","title":{"rendered":"Aeroespacial y defensa"},"content":{"rendered":"<div class=\"wpb-content-wrapper\"><div class=\"vc_row wpb_row vc_row-fluid\"><div class=\"wpb_column vc_column_container vc_col-sm-12\"><div class=\"vc_column-inner\"><div class=\"wpb_wrapper\"><div class=\"vc_empty_space\"   style=\"height: 55px\"><span class=\"vc_empty_space_inner\"><\/span><\/div><\/div><\/div><\/div><\/div><div class=\"vc_row wpb_row vc_row-fluid\"><div class=\"wpb_column vc_column_container vc_col-sm-8\"><div class=\"vc_column-inner\"><div class=\"wpb_wrapper\">\n\t<div class=\"wpb_text_column wpb_content_element\" >\n\t\t<div class=\"wpb_wrapper\">\n\t\t\t<div class=\"wpb_text_column wpb_content_element\">\n<div class=\"wpb_wrapper\">\n<p>Monocrom lleva m\u00e1s de 20 a\u00f1os suministrando tecnolog\u00eda l\u00e1ser para la industria aeroespacial y de defensa. Ofrecemos <strong>Fuentes LiDAR<\/strong>,\u00a0<strong>Adquisici\u00f3n de objetivos<\/strong>\u00a0y\u00a0<strong>Tecnolog\u00eda de guiado l\u00e1ser<\/strong>,\u00a0<strong>Deslumbradores l\u00e1ser<\/strong>as\u00ed como eficiente\u00a0<strong>Fuentes de bombeo<\/strong>\u00a0con un rendimiento excepcional en t\u00e9rminos de precisi\u00f3n, fiabilidad y durabilidad.<\/p>\n<\/div>\n<\/div>\n<div class=\"vc_empty_space\"><\/div>\n<div class=\"wpb_text_column wpb_content_element\">\n<div class=\"wpb_wrapper\">\n<p>Podemos suministrarle fuentes de bombeo de diodos, un sistema l\u00e1ser de estado s\u00f3lido completo o conjuntos de barras l\u00e1ser con diferentes arquitecturas seg\u00fan sus necesidades y requisitos t\u00e9cnicos. Garantizamos un alto grado de flexibilidad y versatilidad para sus desarrollos, as\u00ed como el cumplimiento de la norma militar MIL-STD-810.<\/p>\n<\/div>\n<\/div>\n<div class=\"vc_empty_space\">Una s\u00f3lida experiencia en f\u00edsica l\u00e1ser y dise\u00f1o mec\u00e1nico, junto con el uso de tecnolog\u00edas exclusivas de la empresa, nos permiten llevar a cabo cualquier desarrollo de producto: desde un simple dispositivo l\u00e1ser de punter\u00eda hasta un complejo l\u00e1ser de estado s\u00f3lido bombeado por diodo para la exploraci\u00f3n del espacio exterior.<\/div>\n\n\t\t<\/div>\n\t<\/div>\n<\/div><\/div><\/div><div class=\"wpb_column vc_column_container vc_col-sm-4\"><div class=\"vc_column-inner\"><div class=\"wpb_wrapper\"><div class=\"vc_empty_space\"   style=\"height: 32px\"><span class=\"vc_empty_space_inner\"><\/span><\/div>\n\t<div  class=\"wpb_single_image wpb_content_element vc_align_left wpb_content_element\">\n\t\t\n\t\t<figure class=\"wpb_wrapper vc_figure\">\n\t\t\t<div class=\"vc_single_image-wrapper   vc_box_border_grey\"><img loading=\"lazy\" decoding=\"async\" data-vc-zoom=\"https:\/\/monocrom.com\/wp-content\/uploads\/2023\/11\/monocrom-defense-products.jpg\" width=\"751\" height=\"292\" src=\"https:\/\/monocrom.com\/wp-content\/uploads\/2023\/11\/monocrom-defense-products.jpg\" class=\"vc_single_image-img attachment-full\" alt=\"monocrom-defense-products\" title=\"monocrom-defense-products\" srcset=\"https:\/\/monocrom.com\/wp-content\/uploads\/2023\/11\/monocrom-defense-products.jpg 751w, https:\/\/monocrom.com\/wp-content\/uploads\/2023\/11\/monocrom-defense-products-300x117.jpg 300w, https:\/\/monocrom.com\/wp-content\/uploads\/2023\/11\/monocrom-defense-products-320x124.jpg 320w, https:\/\/monocrom.com\/wp-content\/uploads\/2023\/11\/monocrom-defense-products-480x187.jpg 480w, https:\/\/monocrom.com\/wp-content\/uploads\/2023\/11\/monocrom-defense-products-600x233.jpg 600w\" sizes=\"auto, (max-width: 751px) 100vw, 751px\" \/><\/div>\n\t\t<\/figure>\n\t<\/div>\n<\/div><\/div><\/div><\/div><div class=\"vc_row wpb_row vc_row-fluid\"><div class=\"wpb_column vc_column_container vc_col-sm-12\"><div class=\"vc_column-inner\"><div class=\"wpb_wrapper\"><div class=\"vc_empty_space\"   style=\"height: 32px\"><span class=\"vc_empty_space_inner\"><\/span><\/div><\/div><\/div><\/div><\/div><div class=\"vc_row wpb_row vc_row-fluid\"><div class=\"wpb_column vc_column_container vc_col-sm-4\"><div class=\"vc_column-inner\"><div class=\"wpb_wrapper\">\n\t<div class=\"wpb_text_column wpb_content_element\" >\n\t\t<div class=\"wpb_wrapper\">\n\t\t\t<h2 style=\"text-align: center;\"><span style=\"color: #0000ff;\"><a style=\"color: #0000ff;\" href=\"https:\/\/monocrom.com\/es\/mercados\/aeroespacial-y-defensa\/adquisicion-de-objetivos-de-seguridad\/\">Seguridad y adquisici\u00f3n de objetivos<\/a><\/span><\/h2>\n\n\t\t<\/div>\n\t<\/div>\n\n\t<div  class=\"wpb_single_image wpb_content_element vc_align_center wpb_content_element\">\n\t\t\n\t\t<figure class=\"wpb_wrapper vc_figure\">\n\t\t\t<div class=\"vc_single_image-wrapper   vc_box_border_grey\"><img loading=\"lazy\" decoding=\"async\" width=\"150\" height=\"150\" src=\"https:\/\/monocrom.com\/wp-content\/uploads\/2023\/11\/security-and-target-aquisition-300x300-1-150x150.png\" class=\"vc_single_image-img attachment-thumbnail\" alt=\"Seguridad y adquisici\u00f3n de objetivos\" title=\"seguridad y adquisici\u00f3n de objetivos-300x300\" srcset=\"https:\/\/monocrom.com\/wp-content\/uploads\/2023\/11\/security-and-target-aquisition-300x300-1-150x150.png 150w, https:\/\/monocrom.com\/wp-content\/uploads\/2023\/11\/security-and-target-aquisition-300x300-1-100x100.png 100w, https:\/\/monocrom.com\/wp-content\/uploads\/2023\/11\/security-and-target-aquisition-300x300-1.png 300w\" sizes=\"auto, (max-width: 150px) 100vw, 150px\" \/><\/div>\n\t\t<\/figure>\n\t<\/div>\n<\/div><\/div><\/div><div class=\"wpb_column vc_column_container vc_col-sm-4\"><div class=\"vc_column-inner\"><div class=\"wpb_wrapper\">\n\t<div class=\"wpb_text_column wpb_content_element\" >\n\t\t<div class=\"wpb_wrapper\">\n\t\t\t<h2 style=\"text-align: center;\"><span style=\"color: #0000ff;\"><a style=\"color: #0000ff;\" href=\"https:\/\/monocrom.com\/es\/mercados\/industrial\/bombeo-optico\/\">Bombeo \u00f3ptico<\/a><\/span><\/h2>\n\n\t\t<\/div>\n\t<\/div>\n\n\t<div  class=\"wpb_single_image wpb_content_element vc_align_center wpb_content_element\">\n\t\t\n\t\t<figure class=\"wpb_wrapper vc_figure\">\n\t\t\t<div class=\"vc_single_image-wrapper   vc_box_border_grey\"><img loading=\"lazy\" decoding=\"async\" width=\"300\" height=\"169\" src=\"https:\/\/monocrom.com\/wp-content\/uploads\/2023\/11\/Optical-pumping-industrial-300x169.jpg\" class=\"vc_single_image-img attachment-medium\" alt=\"Bombeo \u00f3ptico industrial\" title=\"Bombeo \u00f3ptico industrial\" srcset=\"https:\/\/monocrom.com\/wp-content\/uploads\/2023\/11\/Optical-pumping-industrial-300x169.jpg 300w, https:\/\/monocrom.com\/wp-content\/uploads\/2023\/11\/Optical-pumping-industrial-1024x576.jpg 1024w, https:\/\/monocrom.com\/wp-content\/uploads\/2023\/11\/Optical-pumping-industrial-768x432.jpg 768w, https:\/\/monocrom.com\/wp-content\/uploads\/2023\/11\/Optical-pumping-industrial-1536x864.jpg 1536w, https:\/\/monocrom.com\/wp-content\/uploads\/2023\/11\/Optical-pumping-industrial-2048x1152.jpg 2048w, https:\/\/monocrom.com\/wp-content\/uploads\/2023\/11\/Optical-pumping-industrial-320x180.jpg 320w, https:\/\/monocrom.com\/wp-content\/uploads\/2023\/11\/Optical-pumping-industrial-480x270.jpg 480w, https:\/\/monocrom.com\/wp-content\/uploads\/2023\/11\/Optical-pumping-industrial-800x450.jpg 800w, https:\/\/monocrom.com\/wp-content\/uploads\/2023\/11\/Optical-pumping-industrial-600x338.jpg 600w\" sizes=\"auto, (max-width: 300px) 100vw, 300px\" \/><\/div>\n\t\t<\/figure>\n\t<\/div>\n<\/div><\/div><\/div><div class=\"wpb_column vc_column_container vc_col-sm-4\"><div class=\"vc_column-inner\"><div class=\"wpb_wrapper\">\n\t<div class=\"wpb_text_column wpb_content_element\" >\n\t\t<div class=\"wpb_wrapper\">\n\t\t\t<h2 style=\"text-align: center;\"><span style=\"color: #0000ff;\"><a style=\"color: #0000ff;\" href=\"https:\/\/monocrom.com\/es\/mercados\/aeroespacial-y-defensa\/tecnologia-laser-lidar\/\">LiDAR<\/a><\/span><\/h2>\n\n\t\t<\/div>\n\t<\/div>\n\n\t<div  class=\"wpb_single_image wpb_content_element vc_align_center wpb_content_element\">\n\t\t\n\t\t<figure class=\"wpb_wrapper vc_figure\">\n\t\t\t<div class=\"vc_single_image-wrapper   vc_box_border_grey\"><img loading=\"lazy\" decoding=\"async\" width=\"300\" height=\"120\" src=\"https:\/\/monocrom.com\/wp-content\/uploads\/2023\/11\/monocrom-lidar-bg-300x120.jpg\" class=\"vc_single_image-img attachment-medium\" alt=\"Tecnolog\u00eda l\u00e1ser LIDAR\" title=\"Tecnolog\u00eda l\u00e1ser LIDAR\" srcset=\"https:\/\/monocrom.com\/wp-content\/uploads\/2023\/11\/monocrom-lidar-bg-300x120.jpg 300w, https:\/\/monocrom.com\/wp-content\/uploads\/2023\/11\/monocrom-lidar-bg-1024x408.jpg 1024w, https:\/\/monocrom.com\/wp-content\/uploads\/2023\/11\/monocrom-lidar-bg-768x306.jpg 768w, https:\/\/monocrom.com\/wp-content\/uploads\/2023\/11\/monocrom-lidar-bg-1536x612.jpg 1536w, https:\/\/monocrom.com\/wp-content\/uploads\/2023\/11\/monocrom-lidar-bg-320x128.jpg 320w, https:\/\/monocrom.com\/wp-content\/uploads\/2023\/11\/monocrom-lidar-bg-480x191.jpg 480w, https:\/\/monocrom.com\/wp-content\/uploads\/2023\/11\/monocrom-lidar-bg-800x319.jpg 800w, https:\/\/monocrom.com\/wp-content\/uploads\/2023\/11\/monocrom-lidar-bg-600x239.jpg 600w, https:\/\/monocrom.com\/wp-content\/uploads\/2023\/11\/monocrom-lidar-bg.jpg 2000w\" sizes=\"auto, (max-width: 300px) 100vw, 300px\" \/><\/div>\n\t\t<\/figure>\n\t<\/div>\n<\/div><\/div><\/div><\/div>\n<\/div>","protected":false},"excerpt":{"rendered":"Monocrom has been supplying laser technology for the Aerospace &amp; Defense Industry for over 20 years already. We offer LiDAR Sources,\u00a0Target Aquisition\u00a0and\u00a0Laser Guidance Technology,\u00a0Laser Dazzlers, as well as, efficient\u00a0Pumping Sources\u00a0with","protected":false},"author":16,"featured_media":8108,"parent":8338,"menu_order":0,"comment_status":"closed","ping_status":"closed","template":"","meta":{"_acf_changed":false,"footnotes":""},"class_list":["post-8103","page","type-page","status-publish","has-post-thumbnail","hentry"],"acf":[],"_links":{"self":[{"href":"https:\/\/monocrom.com\/es\/wp-json\/wp\/v2\/pages\/8103","targetHints":{"allow":["GET"]}}],"collection":[{"href":"https:\/\/monocrom.com\/es\/wp-json\/wp\/v2\/pages"}],"about":[{"href":"https:\/\/monocrom.com\/es\/wp-json\/wp\/v2\/types\/page"}],"author":[{"embeddable":true,"href":"https:\/\/monocrom.com\/es\/wp-json\/wp\/v2\/users\/16"}],"replies":[{"embeddable":true,"href":"https:\/\/monocrom.com\/es\/wp-json\/wp\/v2\/comments?post=8103"}],"version-history":[{"count":0,"href":"https:\/\/monocrom.com\/es\/wp-json\/wp\/v2\/pages\/8103\/revisions"}],"up":[{"embeddable":true,"href":"https:\/\/monocrom.com\/es\/wp-json\/wp\/v2\/pages\/8338"}],"wp:featuredmedia":[{"embeddable":true,"href":"https:\/\/monocrom.com\/es\/wp-json\/wp\/v2\/media\/8108"}],"wp:attachment":[{"href":"https:\/\/monocrom.com\/es\/wp-json\/wp\/v2\/media?parent=8103"}],"curies":[{"name":"wp","href":"https:\/\/api.w.org\/{rel}","templated":true}]}}