{"id":8246,"date":"2023-11-22T13:58:47","date_gmt":"2023-11-22T13:58:47","guid":{"rendered":"http:\/\/monocrom.com\/?page_id=8246"},"modified":"2024-04-18T12:57:12","modified_gmt":"2024-04-18T12:57:12","slug":"tecnologia-laser-para-el-tratamiento-vascular","status":"publish","type":"page","link":"https:\/\/monocrom.com\/es\/markets\/medical-and-aesthetics\/aesthetics-dermatology\/laser-technology-for-vascular-treatment\/","title":{"rendered":"Tecnolog\u00eda l\u00e1ser para el tratamiento vascular"},"content":{"rendered":"<div class=\"wpb-content-wrapper\"><div class=\"vc_row wpb_row vc_row-fluid\"><div class=\"wpb_column vc_column_container vc_col-sm-12\"><div class=\"vc_column-inner\"><div class=\"wpb_wrapper\"><div class=\"vc_empty_space\"   style=\"height: 55px\"><span class=\"vc_empty_space_inner\"><\/span><\/div><\/div><\/div><\/div><\/div><div class=\"vc_row wpb_row vc_row-fluid\"><div class=\"wpb_column vc_column_container vc_col-sm-12\"><div class=\"vc_column-inner\"><div class=\"wpb_wrapper\">\n\t<div class=\"wpb_text_column wpb_content_element\" >\n\t\t<div class=\"wpb_wrapper\">\n\t\t\t<div class=\"wpb_text_column wpb_content_element\">\n<div class=\"wpb_wrapper\">\n<p>Tecnolog\u00eda l\u00e1ser para el Tratamiento Vascular tales malformaciones y problemas cut\u00e1neos que son m\u00e1s que un problema est\u00e9tico teniendo su origen en el sistema circulatorio que suministra a nuestra piel el ox\u00edgeno y los nutrientes que necesita. El tratamiento de afecciones vasculares con tecnolog\u00eda basada en l\u00e1ser es un m\u00e9todo muy eficaz y seguro que proporciona excelentes resultados en la lesi\u00f3n tratada con un da\u00f1o m\u00ednimo al tejido sano circundante.<\/p>\n<\/div>\n<\/div>\n<div class=\"vc_empty_space\">Nuestro l\u00e1ser de fibra MP532 para tratamiento vascular ofrece un tratamiento asequible y muy eficaz para muchos trastornos vasculares diferentes, reduciendo los riesgos para la salud y mejorando una correcta circulaci\u00f3n sangu\u00ednea para obtener beneficios de bienestar a largo plazo.<\/div>\n\n\t\t<\/div>\n\t<\/div>\n<div class=\"vc_empty_space\"   style=\"height: 32px\"><span class=\"vc_empty_space_inner\"><\/span><\/div><\/div><\/div><\/div><\/div><div class=\"vc_row wpb_row vc_row-fluid\"><div class=\"wpb_column vc_column_container vc_col-sm-6\"><div class=\"vc_column-inner\"><div class=\"wpb_wrapper\">\n\t<div class=\"wpb_text_column wpb_content_element\" >\n\t\t<div class=\"wpb_wrapper\">\n\t\t\t<h2>\u00bfC\u00f3mo funciona?<\/h2>\n<div class=\"wpb_text_column wpb_content_element\">\n<div class=\"wpb_wrapper\">\n<p>Nuestro l\u00e1ser de fibra MP532 funciona con tecnolog\u00eda multitrayectoria, ofrece una gran estabilidad de potencia y requiere un bajo mantenimiento. Un l\u00e1ser que muy posiblemente podr\u00eda llevar su dispositivo vascular al siguiente nivel.<\/p>\n<\/div>\n<\/div>\n<div class=\"vc_empty_space\">La terapia vascular es un tratamiento no quir\u00fargico y m\u00ednimamente invasivo para eliminar las venas no deseadas. Los l\u00e1seres vasculares eliminan los vasos sangu\u00edneos da\u00f1ados mediante el principio de fotocoagulaci\u00f3n y fototerm\u00f3lisis. El rayo l\u00e1ser penetra en la superficie de la piel sin da\u00f1arla y se transforma en calor al ser absorbido por la hemoglobina de los vasos lesionados. El calor aplicado coagula los vasos y facilita la absorci\u00f3n del co\u00e1gulo por el propio organismo. El tratamiento vascular con l\u00e1ser no da\u00f1a la piel ni los tejidos y los pacientes no deben esperar tiempo de inactividad ni de cicatrizaci\u00f3n.<\/div>\n\n\t\t<\/div>\n\t<\/div>\n<div class=\"vc_row wpb_row vc_inner vc_row-fluid\"><div class=\"wpb_column vc_column_container vc_col-sm-6\"><div class=\"vc_column-inner\"><div class=\"wpb_wrapper\">\n\t<div class=\"wpb_text_column wpb_content_element\" >\n\t\t<div class=\"wpb_wrapper\">\n\t\t\t<p><strong>Indicado para:\u00a0<\/strong><\/p>\n<ul>\n<li>Malformaciones vasculares<\/li>\n<li>Varices<\/li>\n<\/ul>\n\n\t\t<\/div>\n\t<\/div>\n<\/div><\/div><\/div><div class=\"wpb_column vc_column_container vc_col-sm-6\"><div class=\"vc_column-inner\"><div class=\"wpb_wrapper\">\n\t<div class=\"wpb_text_column wpb_content_element\" >\n\t\t<div class=\"wpb_wrapper\">\n\t\t\t<p><strong>Ventajas:<\/strong><\/p>\n<ul>\n<li>Gran estabilidad de potencia<\/li>\n<li>Bajo nivel de mantenimiento<\/li>\n<li>Tratan eficazmente muchos tipos de lesiones vasculares<\/li>\n<li>Precisi\u00f3n excepcional con da\u00f1os m\u00ednimos en las estructuras cut\u00e1neas normales circundantes<\/li>\n<li>Fiable y seguro para el paciente<\/li>\n<\/ul>\n\n\t\t<\/div>\n\t<\/div>\n<\/div><\/div><\/div><\/div><\/div><\/div><\/div><div class=\"wpb_column vc_column_container vc_col-sm-6\"><div class=\"vc_column-inner\"><div class=\"wpb_wrapper\">\n\t<div  class=\"wpb_single_image wpb_content_element vc_align_center wpb_content_element\">\n\t\t\n\t\t<figure class=\"wpb_wrapper vc_figure\">\n\t\t\t<div class=\"vc_single_image-wrapper   vc_box_border_grey\"><img loading=\"lazy\" decoding=\"async\" data-vc-zoom=\"https:\/\/monocrom.com\/wp-content\/uploads\/2023\/11\/Vascular-lasers-bg-2-1024x757.jpg\" width=\"1900\" height=\"1404\" src=\"https:\/\/monocrom.com\/wp-content\/uploads\/2023\/11\/Vascular-lasers-bg-2.jpg\" class=\"vc_single_image-img attachment-full\" alt=\"\" title=\"Malformaciones vesculares\" srcset=\"https:\/\/monocrom.com\/wp-content\/uploads\/2023\/11\/Vascular-lasers-bg-2.jpg 1900w, https:\/\/monocrom.com\/wp-content\/uploads\/2023\/11\/Vascular-lasers-bg-2-300x222.jpg 300w, https:\/\/monocrom.com\/wp-content\/uploads\/2023\/11\/Vascular-lasers-bg-2-1024x757.jpg 1024w, https:\/\/monocrom.com\/wp-content\/uploads\/2023\/11\/Vascular-lasers-bg-2-768x568.jpg 768w, https:\/\/monocrom.com\/wp-content\/uploads\/2023\/11\/Vascular-lasers-bg-2-1536x1135.jpg 1536w, https:\/\/monocrom.com\/wp-content\/uploads\/2023\/11\/Vascular-lasers-bg-2-320x236.jpg 320w, https:\/\/monocrom.com\/wp-content\/uploads\/2023\/11\/Vascular-lasers-bg-2-480x355.jpg 480w, https:\/\/monocrom.com\/wp-content\/uploads\/2023\/11\/Vascular-lasers-bg-2-800x591.jpg 800w, https:\/\/monocrom.com\/wp-content\/uploads\/2023\/11\/Vascular-lasers-bg-2-600x443.jpg 600w\" sizes=\"auto, (max-width: 1900px) 100vw, 1900px\" \/><\/div>\n\t\t<\/figure>\n\t<\/div>\n<\/div><\/div><\/div><\/div><div class=\"vc_row wpb_row vc_row-fluid\"><div class=\"wpb_column vc_column_container vc_col-sm-12\"><div class=\"vc_column-inner\"><div class=\"wpb_wrapper\"><div class=\"vc_empty_space\"   style=\"height: 32px\"><span class=\"vc_empty_space_inner\"><\/span><\/div><div class=\"vc_row wpb_row vc_inner vc_row-fluid\"><div class=\"wpb_column vc_column_container vc_col-sm-12\"><div class=\"vc_column-inner\"><div class=\"wpb_wrapper\">\n\t<div class=\"wpb_text_column wpb_content_element\" >\n\t\t<div class=\"wpb_wrapper\">\n\t\t\t<h3>Nuestro m\u00f3dulo<\/h3>\n\n\t\t<\/div>\n\t<\/div>\n<\/div><\/div><\/div><\/div><div class=\"vc_separator wpb_content_element vc_separator_align_center vc_sep_width_10 vc_sep_pos_align_left vc_separator_no_text vc_sep_color_pink wpb_content_element  wpb_content_element\" ><span class=\"vc_sep_holder vc_sep_holder_l\"><span class=\"vc_sep_line\"><\/span><\/span><span class=\"vc_sep_holder vc_sep_holder_r\"><span class=\"vc_sep_line\"><\/span><\/span>\n<\/div><div class=\"products-carousel-tabs\" >\n\n\t<ul class=\"nav nav-inline\">\n\n\t\t\t<li class=\"nav-item\">\n\t\t\t<a class=\"nav-link active\" href=\"#home-tab-69db5b6939814-0\" data-bs-toggle=\"tab\">\n\t\t\t\t\t\t\t<\/a>\n\t\t<\/li>\n\n\t\n\t<\/ul>\n\n\t<div class=\"tab-content\">\n\n\t\t\n\t\t<div class=\"tab-pane active\" id=\"home-tab-69db5b6939814-0\" role=\"tabpanel\">\n\n\t\t<div class=\"woocommerce columns-3\"><ul data-view=\"grid\" data-bs-toggle=\"regular-products\" class=\"products products list-unstyled row g-0 row-cols-2 row-cols-md-3 row-cols-lg-3 row-cols-xl-3 row-cols-xxl-5\"><li class=\"product type-product post-6635 status-publish first instock product_cat-laser-modules product_cat-diode-pumped-solid-state-lasers product_cat-pumping-sources product_tag-331 product_tag-diode product_tag-green product_tag-laser product_tag-mp product_tag-mp532 product_tag-multi-path product_tag-multipath product_tag-photocoagulation product_tag-pumped product_tag-pumping has-post-thumbnail shipping-taxable product-type-simple\">\n\t<div class=\"product-outer product-item__outer\"><div class=\"product-inner product-item__inner\"><div class=\"product-loop-header product-item__header\"><span class=\"loop-product-categories\"><a href=\"https:\/\/monocrom.com\/es\/product-category\/laser-modules\/\" rel=\"tag\">Productos<\/a>, <a href=\"https:\/\/monocrom.com\/es\/product-category\/laser-modules\/diode-pumped-solid-state-lasers\/\" rel=\"tag\">L\u00e1seres de estado s\u00f3lido bombeados por diodos<\/a>, <a href=\"https:\/\/monocrom.com\/es\/product-category\/laser-modules\/pumping-sources\/\" rel=\"tag\">Fuentes de bombeo<\/a><\/span><a href=\"https:\/\/monocrom.com\/es\/product\/multipath-532-photocoagulation-laser\/\" class=\"woocommerce-LoopProduct-link woocommerce-loop-product__link\"><h2 class=\"woocommerce-loop-product__title\">Multi-Path\u00ae 532: L\u00e1ser de fotocoagulaci\u00f3n<\/h2><div class=\"product-thumbnail product-item__thumbnail\"><img loading=\"lazy\" decoding=\"async\" width=\"300\" height=\"300\" src=\"https:\/\/monocrom.com\/wp-content\/uploads\/2023\/10\/532-Reto_1-1-300x300.jpg\" class=\"attachment-woocommerce_thumbnail size-woocommerce_thumbnail\" alt=\"Multi-Path\u00ae 532: L\u00e1ser de fotocoagulaci\u00f3n\" \/><\/div><\/a><\/div><!-- \/.product-loop-header --><div class=\"product-loop-body product-item__body\"><span class=\"loop-product-categories\"><a href=\"https:\/\/monocrom.com\/es\/product-category\/laser-modules\/\" rel=\"tag\">Productos<\/a>, <a href=\"https:\/\/monocrom.com\/es\/product-category\/laser-modules\/diode-pumped-solid-state-lasers\/\" rel=\"tag\">L\u00e1seres de estado s\u00f3lido bombeados por diodos<\/a>, <a href=\"https:\/\/monocrom.com\/es\/product-category\/laser-modules\/pumping-sources\/\" rel=\"tag\">Fuentes de bombeo<\/a><\/span><a href=\"https:\/\/monocrom.com\/es\/product\/multipath-532-photocoagulation-laser\/\" class=\"woocommerce-LoopProduct-link woocommerce-loop-product__link\"><h2 class=\"woocommerce-loop-product__title\">Multi-Path\u00ae 532: L\u00e1ser de fotocoagulaci\u00f3n<\/h2>\t\t<div class=\"product-rating\">\n\t\t\t<div class=\"star-rating\" title=\"Rated 0 out of 5\"><span style=\"width:0%\"><strong class=\"rating\">0<\/strong> out of 5<\/span><\/div> (0)\n\t\t<\/div>\n\t\t\t\t<div class=\"product-short-description\">\n\t\t\t<p>Multi-Path 532: Photocoagulation Laser<\/p>\n<ul>\n<li>l\u00e1ser verde de estado s\u00f3lido bombeado por diodo<\/li>\n<li>longitud de onda: 532 nm<\/li>\n<li>potencia de pico en CW: hasta 4W<\/li>\n<li>potencia m\u00e1xima en QCW: hasta 8 W<\/li>\n<li>calidad del haz: M\u00b2&lt;1.4<\/li>\n<li>Energ\u00eda a la carta<\/li>\n<li>Multi-path technology<\/li>\n<\/ul>\n\t\t<\/div>\n\t\t\t\t<div class=\"product-sku\">SKU: MP 532<\/div><\/a><\/div><!-- \/.product-loop-body --><div class=\"product-loop-footer product-item__footer\"><div class=\"price-add-to-cart\">\n\t<span class=\"price\"><span class=\"electro-price\"><\/span><\/span>\n<div class=\"add-to-cart-wrap\" data-bs-toggle=\"tooltip\" data-bs-title=\"View Product\"><a href=\"https:\/\/monocrom.com\/es\/product\/multipath-532-photocoagulation-laser\/\" class=\"button product_type_simple\">View Product<\/a><\/div>\t<span id=\"woocommerce_loop_add_to_cart_link_describedby_6635\" class=\"screen-reader-text\">\n\t\t\t<\/span>\n<\/div><!-- \/.price-add-to-cart --><div class=\"hover-area\"><div class=\"action-buttons\"><\/div><\/div><\/div><!-- \/.product-loop-footer --><\/div><!-- \/.product-inner --><\/div><!-- \/.product-outer --><\/li>\n<\/ul>\n<\/div>\t\t<\/div>\n\n\t\t\n\t<\/div>\n<\/div>\n<div class=\"vc_empty_space\"   style=\"height: 32px\"><span class=\"vc_empty_space_inner\"><\/span><\/div><\/div><\/div><\/div><\/div>\n<\/div>","protected":false},"excerpt":{"rendered":"Laser technology for Vascular Treatment such malformations and skin problems that are more than an aesthetic problem having their origins in the circulatory system that supplies our skin with the","protected":false},"author":16,"featured_media":8248,"parent":7642,"menu_order":0,"comment_status":"closed","ping_status":"closed","template":"","meta":{"_acf_changed":false,"footnotes":""},"class_list":["post-8246","page","type-page","status-publish","has-post-thumbnail","hentry"],"acf":[],"_links":{"self":[{"href":"https:\/\/monocrom.com\/es\/wp-json\/wp\/v2\/pages\/8246","targetHints":{"allow":["GET"]}}],"collection":[{"href":"https:\/\/monocrom.com\/es\/wp-json\/wp\/v2\/pages"}],"about":[{"href":"https:\/\/monocrom.com\/es\/wp-json\/wp\/v2\/types\/page"}],"author":[{"embeddable":true,"href":"https:\/\/monocrom.com\/es\/wp-json\/wp\/v2\/users\/16"}],"replies":[{"embeddable":true,"href":"https:\/\/monocrom.com\/es\/wp-json\/wp\/v2\/comments?post=8246"}],"version-history":[{"count":0,"href":"https:\/\/monocrom.com\/es\/wp-json\/wp\/v2\/pages\/8246\/revisions"}],"up":[{"embeddable":true,"href":"https:\/\/monocrom.com\/es\/wp-json\/wp\/v2\/pages\/7642"}],"wp:featuredmedia":[{"embeddable":true,"href":"https:\/\/monocrom.com\/es\/wp-json\/wp\/v2\/media\/8248"}],"wp:attachment":[{"href":"https:\/\/monocrom.com\/es\/wp-json\/wp\/v2\/media?parent=8246"}],"curies":[{"name":"wp","href":"https:\/\/api.w.org\/{rel}","templated":true}]}}