{"id":8261,"date":"2023-11-22T14:58:46","date_gmt":"2023-11-22T14:58:46","guid":{"rendered":"http:\/\/monocrom.com\/?page_id=8261"},"modified":"2025-10-06T10:00:27","modified_gmt":"2025-10-06T10:00:27","slug":"laser-lipolysis","status":"publish","type":"page","link":"https:\/\/monocrom.com\/es\/markets\/medical-and-aesthetics\/aesthetics-dermatology\/laser-lipolysis\/","title":{"rendered":"Laser Lipolysis"},"content":{"rendered":"<div class=\"wpb-content-wrapper\"><div class=\"vc_row wpb_row vc_row-fluid\"><div class=\"wpb_column vc_column_container vc_col-sm-12\"><div class=\"vc_column-inner\"><div class=\"wpb_wrapper\"><div class=\"vc_empty_space\"   style=\"height: 55px\"><span class=\"vc_empty_space_inner\"><\/span><\/div><\/div><\/div><\/div><\/div><div class=\"vc_row wpb_row vc_row-fluid\"><div class=\"wpb_column vc_column_container vc_col-sm-12\"><div class=\"vc_column-inner\"><div class=\"wpb_wrapper\">\n\t<div class=\"wpb_text_column wpb_content_element\" >\n\t\t<div class=\"wpb_wrapper\">\n\t\t\t<h2>M\u00f3dulos de lipol\u00e1ser para liposucci\u00f3n y estiramiento cut\u00e1neo<\/h2>\n<p>&nbsp;<\/p>\n<p>Monocrom ofrece lipo l\u00e1ser para liposucci\u00f3n y m\u00f3dulos de estiramiento de la piel; en una alta calidad, precio competitivo de la tecnolog\u00eda de diodo l\u00e1ser para dermo-est\u00e9tica lipo equiment. A lo largo de los a\u00f1os, la tecnolog\u00eda l\u00e1ser lipo se ha convertido en la t\u00e9cnica de modelado corporal definitiva, com\u00fanmente utilizada hoy en d\u00eda para la eliminaci\u00f3n eficaz del tejido graso no deseado. Nuestros m\u00f3dulos de l\u00e1ser lipo se ofrecen en una gama de longitudes de onda y potencias con el fin de derretir la grasa, sino tambi\u00e9n estiramiento de la piel y el contorno corporal total a la vez.<\/p>\n<p>Los profesionales sanitarios pueden combinar diferentes longitudes de onda ofrecidas en el mismo l\u00e1ser lipo para un tratamiento m\u00e1s r\u00e1pido y satisfactorio.<\/p>\n<p>Ciertas longitudes de onda dan lugar a una lip\u00f3lisis superior: la longitud de onda de 924 nm tiene el mejor \u00edndice de selectividad para licuar la grasa, pero puede no ser la m\u00e1s adecuada para tensar la piel a menos que se combine con otras longitudes de onda. La longitud de onda de 1064 nm tiene una muy buena penetraci\u00f3n en los tejidos y una distribuci\u00f3n superior del calor, lo que produce un excelente efecto tensor de la piel, pero una fusi\u00f3n de la grasa relativamente baja. Subiendo a la longitud de onda de 1320nm se puede obtener una mayor absorci\u00f3n de la grasa con menor penetraci\u00f3n en el tejido y dispersi\u00f3n, siendo m\u00e1s segura y, por tanto, preferible para el tratamiento de zonas delicadas, como la cara interna de los muslos, los brazos o el cuello.<\/p>\n\n\t\t<\/div>\n\t<\/div>\n<\/div><\/div><\/div><\/div><div class=\"vc_row wpb_row vc_row-fluid\"><div class=\"wpb_column vc_column_container vc_col-sm-12\"><div class=\"vc_column-inner\"><div class=\"wpb_wrapper\"><div class=\"vc_empty_space\"   style=\"height: 22px\"><span class=\"vc_empty_space_inner\"><\/span><\/div><div class=\"vc_row wpb_row vc_inner vc_row-fluid\"><div class=\"wpb_column vc_column_container vc_col-sm-3\"><div class=\"vc_column-inner\"><div class=\"wpb_wrapper\">\n\t<div class=\"wpb_text_column wpb_content_element\" >\n\t\t<div class=\"wpb_wrapper\">\n\t\t\t<p><strong>Indicado para<\/strong><\/p>\n<div class=\"wpb_text_column wpb_content_element\">\n<div class=\"wpb_wrapper\">\n<ul>\n<li>Reducci\u00f3n de grasa<\/li>\n<li>Contorno corporal<\/li>\n<li>Reafirmaci\u00f3n cut\u00e1nea<\/li>\n<\/ul>\n<\/div>\n<\/div>\n\n\t\t<\/div>\n\t<\/div>\n<\/div><\/div><\/div><div class=\"wpb_column vc_column_container vc_col-sm-3\"><div class=\"vc_column-inner\"><div class=\"wpb_wrapper\">\n\t<div class=\"wpb_text_column wpb_content_element\" >\n\t\t<div class=\"wpb_wrapper\">\n\t\t\t<div class=\"wpb_text_column wpb_content_element\">\n<div class=\"wpb_wrapper\">\n<p><strong>Ventajas de nuestra tecnolog\u00eda lipo:<\/strong><\/div>\n<\/div>\n<div class=\"wpb_text_column wpb_content_element\">\n<div class=\"wpb_wrapper\">\n<ul>\n<li>mayor vida \u00fatil de los diodos<\/li>\n<li>sistema de refrigeraci\u00f3n eficaz<\/li>\n<li>longitud de onda y potencia a la carta<\/li>\n<li>dise\u00f1o compacto y ligero<\/li>\n<li>electr\u00f3nica del conductor a la carta<\/li>\n<\/ul>\n<\/div>\n<\/div>\n\n\t\t<\/div>\n\t<\/div>\n<\/div><\/div><\/div><div class=\"wpb_column vc_column_container vc_col-sm-6\"><div class=\"vc_column-inner\"><div class=\"wpb_wrapper\">\n\t<div  class=\"wpb_single_image wpb_content_element vc_align_center wpb_content_element\">\n\t\t\n\t\t<figure class=\"wpb_wrapper vc_figure\">\n\t\t\t<div class=\"vc_single_image-wrapper   vc_box_border_grey\"><img loading=\"lazy\" decoding=\"async\" data-vc-zoom=\"https:\/\/monocrom.com\/wp-content\/uploads\/2023\/11\/lipolaser-monocrom-1024x681.jpg\" width=\"2560\" height=\"1703\" src=\"https:\/\/monocrom.com\/wp-content\/uploads\/2023\/11\/lipolaser-monocrom-scaled.jpg\" class=\"vc_single_image-img attachment-full\" alt=\"Tratamiento,Adelgazamiento,Y,Modelado,\/,Adelgazamiento,Y,Modelado\" title=\"Tratamiento,Adelgazamiento,Y,Modelado,\/,Adelgazamiento,Y,Modelado\" srcset=\"https:\/\/monocrom.com\/wp-content\/uploads\/2023\/11\/lipolaser-monocrom-scaled.jpg 2560w, https:\/\/monocrom.com\/wp-content\/uploads\/2023\/11\/lipolaser-monocrom-300x200.jpg 300w, https:\/\/monocrom.com\/wp-content\/uploads\/2023\/11\/lipolaser-monocrom-1024x681.jpg 1024w, https:\/\/monocrom.com\/wp-content\/uploads\/2023\/11\/lipolaser-monocrom-768x511.jpg 768w, https:\/\/monocrom.com\/wp-content\/uploads\/2023\/11\/lipolaser-monocrom-1536x1022.jpg 1536w, https:\/\/monocrom.com\/wp-content\/uploads\/2023\/11\/lipolaser-monocrom-2048x1363.jpg 2048w, https:\/\/monocrom.com\/wp-content\/uploads\/2023\/11\/lipolaser-monocrom-320x213.jpg 320w, https:\/\/monocrom.com\/wp-content\/uploads\/2023\/11\/lipolaser-monocrom-480x319.jpg 480w, https:\/\/monocrom.com\/wp-content\/uploads\/2023\/11\/lipolaser-monocrom-800x532.jpg 800w, https:\/\/monocrom.com\/wp-content\/uploads\/2023\/11\/lipolaser-monocrom-270x180.jpg 270w, https:\/\/monocrom.com\/wp-content\/uploads\/2023\/11\/lipolaser-monocrom-600x399.jpg 600w\" sizes=\"auto, (max-width: 2560px) 100vw, 2560px\" \/><\/div>\n\t\t<\/figure>\n\t<\/div>\n<\/div><\/div><\/div><\/div><\/div><\/div><\/div><\/div><div class=\"vc_row wpb_row vc_row-fluid\"><div class=\"wpb_column vc_column_container vc_col-sm-6\"><div class=\"vc_column-inner\"><div class=\"wpb_wrapper\"><div class=\"vc_row wpb_row vc_inner vc_row-fluid\"><div class=\"wpb_column vc_column_container vc_col-sm-12\"><div class=\"vc_column-inner\"><div class=\"wpb_wrapper\">\n\t<div  class=\"wpb_single_image wpb_content_element vc_align_center wpb_content_element\">\n\t\t\n\t\t<figure class=\"wpb_wrapper vc_figure\">\n\t\t\t<div class=\"vc_single_image-wrapper   vc_box_border_grey\"><img loading=\"lazy\" decoding=\"async\" data-vc-zoom=\"https:\/\/monocrom.com\/wp-content\/uploads\/2023\/11\/laser-lipolysis-body-2-1024x827.jpg\" width=\"1379\" height=\"1114\" src=\"https:\/\/monocrom.com\/wp-content\/uploads\/2023\/11\/laser-lipolysis-body-2.jpg\" class=\"vc_single_image-img attachment-full\" alt=\"l\u00e1ser-lip\u00f3lisis-cuerpo\" title=\"l\u00e1ser-lip\u00f3lisis-cuerpo\" srcset=\"https:\/\/monocrom.com\/wp-content\/uploads\/2023\/11\/laser-lipolysis-body-2.jpg 1379w, https:\/\/monocrom.com\/wp-content\/uploads\/2023\/11\/laser-lipolysis-body-2-300x242.jpg 300w, https:\/\/monocrom.com\/wp-content\/uploads\/2023\/11\/laser-lipolysis-body-2-1024x827.jpg 1024w, https:\/\/monocrom.com\/wp-content\/uploads\/2023\/11\/laser-lipolysis-body-2-768x620.jpg 768w, https:\/\/monocrom.com\/wp-content\/uploads\/2023\/11\/laser-lipolysis-body-2-320x259.jpg 320w, https:\/\/monocrom.com\/wp-content\/uploads\/2023\/11\/laser-lipolysis-body-2-480x388.jpg 480w, https:\/\/monocrom.com\/wp-content\/uploads\/2023\/11\/laser-lipolysis-body-2-800x646.jpg 800w, https:\/\/monocrom.com\/wp-content\/uploads\/2023\/11\/laser-lipolysis-body-2-600x485.jpg 600w\" sizes=\"auto, (max-width: 1379px) 100vw, 1379px\" \/><\/div>\n\t\t<\/figure>\n\t<\/div>\n<\/div><\/div><\/div><\/div><\/div><\/div><\/div><div class=\"wpb_column vc_column_container vc_col-sm-6\"><div class=\"vc_column-inner\"><div class=\"wpb_wrapper\">\n\t<div class=\"wpb_text_column wpb_content_element\" >\n\t\t<div class=\"wpb_wrapper\">\n\t\t\t<h2>\u00bfC\u00f3mo funciona la liposucci\u00f3n l\u00e1ser?<\/h2>\n<p>&nbsp;<\/p>\n<div class=\"wpb_text_column wpb_content_element\">\n<div class=\"wpb_wrapper\">\n<p>La aplicaci\u00f3n externa de energ\u00edas l\u00e1ser, incluidas las longitudes de onda de 1064 nm, aumentan el n\u00famero de fibroblastos, estimulan el col\u00e1geno nuevo y aumentan el estiramiento y la elasticidad de los tejidos. La terapia l\u00e1ser de baja intensidad en el rango de longitud de onda de 920 nm favorece la lip\u00f3lisis y la colag\u00e9nesis de forma externa. Monocrom ofrece una tecnolog\u00eda de l\u00e1ser lipo optimizada para una penetraci\u00f3n y absorci\u00f3n eficaces a trav\u00e9s de la piel, as\u00ed como para la aplicaci\u00f3n interna de energ\u00eda l\u00e1ser para reducir el tejido graso y mejorar el estiramiento de la piel.\n<\/p><\/div>\n<\/div>\n<div class=\"vc_empty_space\"><\/div>\n<div class=\"wpb_text_column wpb_content_element\">\n<div class=\"wpb_wrapper\">\n<ul>\n<li>R\u00e1pida recuperaci\u00f3n del paciente, la mayor\u00eda de los pacientes pueden reanudar sus actividades cotidianas en 1,5 d\u00edas.<\/li>\n<li>Seguro y no invasivo<\/li>\n<li>Efecto tensor de la piel (el efecto tensor de la piel sigue mejorando varios meses despu\u00e9s de la irradiaci\u00f3n l\u00e1ser debido a la naturaleza retardada de la neocolag\u00e9nesis).<\/li>\n<\/ul>\n<\/div>\n<\/div>\n\n\t\t<\/div>\n\t<\/div>\n<\/div><\/div><\/div><\/div><div class=\"vc_row wpb_row vc_row-fluid\"><div class=\"wpb_column vc_column_container vc_col-sm-12\"><div class=\"vc_column-inner\"><div class=\"wpb_wrapper\"><div class=\"products-carousel-tabs\" >\n\n\t<ul class=\"nav nav-inline\">\n\n\t\t\t<li class=\"nav-item\">\n\t\t\t<a class=\"nav-link active\" href=\"#home-tab-69e1ed4200f50-0\" data-bs-toggle=\"tab\">\n\t\t\t\tNuestro m\u00f3dulo\t\t\t<\/a>\n\t\t<\/li>\n\n\t\n\t<\/ul>\n\n\t<div class=\"tab-content\">\n\n\t\t\n\t\t<div class=\"tab-pane active\" id=\"home-tab-69e1ed4200f50-0\" role=\"tabpanel\">\n\n\t\t<div class=\"woocommerce columns-3\"><ul data-view=\"grid\" data-bs-toggle=\"regular-products\" class=\"products products list-unstyled row g-0 row-cols-2 row-cols-md-3 row-cols-lg-3 row-cols-xl-3 row-cols-xxl-5\"><li class=\"product type-product post-6359 status-publish first instock product_cat-laser-modules product_cat-diode-lasers-components product_cat-vertical-diode-lasers product_tag-active product_tag-clamping product_tag-diode-lasers product_tag-passive product_tag-stack product_tag-stacks product_tag-vertical has-post-thumbnail shipping-taxable product-type-simple\">\n\t<div class=\"product-outer product-item__outer\"><div class=\"product-inner product-item__inner\"><div class=\"product-loop-header product-item__header\"><span class=\"loop-product-categories\"><a href=\"https:\/\/monocrom.com\/es\/product-category\/laser-modules\/\" rel=\"tag\">Productos<\/a>, <a href=\"https:\/\/monocrom.com\/es\/product-category\/laser-modules\/diode-lasers-components\/\" rel=\"tag\">Componentes de diodos laser<\/a>, <a href=\"https:\/\/monocrom.com\/es\/product-category\/laser-modules\/diode-lasers\/vertical-diode-lasers\/\" rel=\"tag\">L\u00e1seres de diodo verticales<\/a><\/span><a href=\"https:\/\/monocrom.com\/es\/product\/vertical-diode-lasers\/\" class=\"woocommerce-LoopProduct-link woocommerce-loop-product__link\"><h2 class=\"woocommerce-loop-product__title\">L\u00e1seres de diodo verticales<\/h2><div class=\"product-thumbnail product-item__thumbnail\"><img loading=\"lazy\" decoding=\"async\" width=\"300\" height=\"300\" src=\"https:\/\/monocrom.com\/wp-content\/uploads\/2023\/09\/monocrom-passive-diode-bar-stack-300x300.png\" class=\"attachment-woocommerce_thumbnail size-woocommerce_thumbnail\" alt=\"Pila de l\u00e1seres de diodo verticales Pila A\" \/><\/div><\/a><\/div><!-- \/.product-loop-header --><div class=\"product-loop-body product-item__body\"><span class=\"loop-product-categories\"><a href=\"https:\/\/monocrom.com\/es\/product-category\/laser-modules\/\" rel=\"tag\">Productos<\/a>, <a href=\"https:\/\/monocrom.com\/es\/product-category\/laser-modules\/diode-lasers-components\/\" rel=\"tag\">Componentes de diodos laser<\/a>, <a href=\"https:\/\/monocrom.com\/es\/product-category\/laser-modules\/diode-lasers\/vertical-diode-lasers\/\" rel=\"tag\">L\u00e1seres de diodo verticales<\/a><\/span><a href=\"https:\/\/monocrom.com\/es\/product\/vertical-diode-lasers\/\" class=\"woocommerce-LoopProduct-link woocommerce-loop-product__link\"><h2 class=\"woocommerce-loop-product__title\">L\u00e1seres de diodo verticales<\/h2>\t\t<div class=\"product-rating\">\n\t\t\t<div class=\"star-rating\" title=\"Rated 0 out of 5\"><span style=\"width:0%\"><strong class=\"rating\">0<\/strong> out of 5<\/span><\/div> (0)\n\t\t<\/div>\n\t\t\t\t<div class=\"product-short-description\">\n\t\t\t<div class=\"wpb_text_column wpb_content_element\">\n<div class=\"wpb_wrapper\">\n<div class=\"wpb_text_column wpb_content_element\">\n<div class=\"wpb_wrapper\">\n<p>Conjuntos de l\u00e1ser de diodo verticales, refrigerados eficazmente con circuito de refrigeraci\u00f3n por conducci\u00f3n o canales de agua milim\u00e9tricos. Nuestros paquetes de estructura vertical se montan con un<strong> Sujeci\u00f3n sin soldaduras patentada\u2122.<\/strong> que permite una alta eficiencia de refrigeraci\u00f3n y un amplio rango de temperaturas de funcionamiento y almacenamiento. El innovador Monocrom <strong>Sujeci\u00f3n\u2122.<\/strong><sup>\u00a0<\/sup>dise\u00f1ada y desarrollada por Monocrom, elimina el indeseado \"efecto sonrisa\" y prolonga la vida \u00fatil del l\u00e1ser.<\/p>\n<\/div>\n<\/div>\n<div class=\"vc_empty_space\"><\/div>\n<div class=\"wpb_text_column wpb_content_element\">\n<div class=\"wpb_wrapper\">\n<p>Elija entre diferentes arquitecturas, n\u00famero de barras l\u00e1ser por pila y ajuste la longitud de onda central a sus necesidades. Gama completa de longitudes de onda ofrecidas: 760 nm, 808 nm, 880 nm, 915 nm, 940 nm, 976 nm, 1060 nm, 1470 nm, 1550 nm, 1940 nm.<\/p>\n<\/div>\n<\/div>\n<\/div>\n<\/div>\n\t\t<\/div>\n\t\t\t\t<div class=\"product-sku\">SKU: Vertical Diode Lasers<\/div><\/a><\/div><!-- \/.product-loop-body --><div class=\"product-loop-footer product-item__footer\"><div class=\"price-add-to-cart\">\n\t<span class=\"price\"><span class=\"electro-price\"><\/span><\/span>\n<div class=\"add-to-cart-wrap\" data-bs-toggle=\"tooltip\" data-bs-title=\"View Product\"><a href=\"https:\/\/monocrom.com\/es\/product\/vertical-diode-lasers\/\" class=\"button product_type_simple\">View Product<\/a><\/div>\t<span id=\"woocommerce_loop_add_to_cart_link_describedby_6359\" class=\"screen-reader-text\">\n\t\t\t<\/span>\n<\/div><!-- \/.price-add-to-cart --><div class=\"hover-area\"><div class=\"action-buttons\"><\/div><\/div><\/div><!-- \/.product-loop-footer --><\/div><!-- \/.product-inner --><\/div><!-- \/.product-outer --><\/li>\n<\/ul>\n<\/div>\t\t<\/div>\n\n\t\t\n\t<\/div>\n<\/div>\n<div class=\"products-carousel-tabs\" >\n\n\t<ul class=\"nav nav-inline\">\n\n\t\t\t<li class=\"nav-item\">\n\t\t\t<a class=\"nav-link active\" href=\"#home-tab-69e1ed4207428-0\" data-bs-toggle=\"tab\">\n\t\t\t\tOur component\t\t\t<\/a>\n\t\t<\/li>\n\n\t\n\t<\/ul>\n\n\t<div class=\"tab-content\">\n\n\t\t\n\t\t<div class=\"tab-pane active\" id=\"home-tab-69e1ed4207428-0\" role=\"tabpanel\">\n\n\t\t<div class=\"woocommerce columns-3\"><ul data-view=\"grid\" data-bs-toggle=\"regular-products\" class=\"products products list-unstyled row g-0 row-cols-2 row-cols-md-3 row-cols-lg-3 row-cols-xl-3 row-cols-xxl-5\"><li class=\"product type-product post-6359 status-publish first instock product_cat-laser-modules product_cat-diode-lasers-components product_cat-vertical-diode-lasers product_tag-active product_tag-clamping product_tag-diode-lasers product_tag-passive product_tag-stack product_tag-stacks product_tag-vertical has-post-thumbnail shipping-taxable product-type-simple\">\n\t<div class=\"product-outer product-item__outer\"><div class=\"product-inner product-item__inner\"><div class=\"product-loop-header product-item__header\"><span class=\"loop-product-categories\"><a href=\"https:\/\/monocrom.com\/es\/product-category\/laser-modules\/\" rel=\"tag\">Productos<\/a>, <a href=\"https:\/\/monocrom.com\/es\/product-category\/laser-modules\/diode-lasers-components\/\" rel=\"tag\">Componentes de diodos laser<\/a>, <a href=\"https:\/\/monocrom.com\/es\/product-category\/laser-modules\/diode-lasers\/vertical-diode-lasers\/\" rel=\"tag\">L\u00e1seres de diodo verticales<\/a><\/span><a href=\"https:\/\/monocrom.com\/es\/product\/vertical-diode-lasers\/\" class=\"woocommerce-LoopProduct-link woocommerce-loop-product__link\"><h2 class=\"woocommerce-loop-product__title\">L\u00e1seres de diodo verticales<\/h2><div class=\"product-thumbnail product-item__thumbnail\"><img loading=\"lazy\" decoding=\"async\" width=\"300\" height=\"300\" src=\"https:\/\/monocrom.com\/wp-content\/uploads\/2023\/09\/monocrom-passive-diode-bar-stack-300x300.png\" class=\"attachment-woocommerce_thumbnail size-woocommerce_thumbnail\" alt=\"Pila de l\u00e1seres de diodo verticales Pila A\" \/><\/div><\/a><\/div><!-- \/.product-loop-header --><div class=\"product-loop-body product-item__body\"><span class=\"loop-product-categories\"><a href=\"https:\/\/monocrom.com\/es\/product-category\/laser-modules\/\" rel=\"tag\">Productos<\/a>, <a href=\"https:\/\/monocrom.com\/es\/product-category\/laser-modules\/diode-lasers-components\/\" rel=\"tag\">Componentes de diodos laser<\/a>, <a href=\"https:\/\/monocrom.com\/es\/product-category\/laser-modules\/diode-lasers\/vertical-diode-lasers\/\" rel=\"tag\">L\u00e1seres de diodo verticales<\/a><\/span><a href=\"https:\/\/monocrom.com\/es\/product\/vertical-diode-lasers\/\" class=\"woocommerce-LoopProduct-link woocommerce-loop-product__link\"><h2 class=\"woocommerce-loop-product__title\">L\u00e1seres de diodo verticales<\/h2>\t\t<div class=\"product-rating\">\n\t\t\t<div class=\"star-rating\" title=\"Rated 0 out of 5\"><span style=\"width:0%\"><strong class=\"rating\">0<\/strong> out of 5<\/span><\/div> (0)\n\t\t<\/div>\n\t\t\t\t<div class=\"product-short-description\">\n\t\t\t<div class=\"wpb_text_column wpb_content_element\">\n<div class=\"wpb_wrapper\">\n<div class=\"wpb_text_column wpb_content_element\">\n<div class=\"wpb_wrapper\">\n<p>Conjuntos de l\u00e1ser de diodo verticales, refrigerados eficazmente con circuito de refrigeraci\u00f3n por conducci\u00f3n o canales de agua milim\u00e9tricos. Nuestros paquetes de estructura vertical se montan con un<strong> Sujeci\u00f3n sin soldaduras patentada\u2122.<\/strong> que permite una alta eficiencia de refrigeraci\u00f3n y un amplio rango de temperaturas de funcionamiento y almacenamiento. El innovador Monocrom <strong>Sujeci\u00f3n\u2122.<\/strong><sup>\u00a0<\/sup>dise\u00f1ada y desarrollada por Monocrom, elimina el indeseado \"efecto sonrisa\" y prolonga la vida \u00fatil del l\u00e1ser.<\/p>\n<\/div>\n<\/div>\n<div class=\"vc_empty_space\"><\/div>\n<div class=\"wpb_text_column wpb_content_element\">\n<div class=\"wpb_wrapper\">\n<p>Elija entre diferentes arquitecturas, n\u00famero de barras l\u00e1ser por pila y ajuste la longitud de onda central a sus necesidades. Gama completa de longitudes de onda ofrecidas: 760 nm, 808 nm, 880 nm, 915 nm, 940 nm, 976 nm, 1060 nm, 1470 nm, 1550 nm, 1940 nm.<\/p>\n<\/div>\n<\/div>\n<\/div>\n<\/div>\n\t\t<\/div>\n\t\t\t\t<div class=\"product-sku\">SKU: Vertical Diode Lasers<\/div><\/a><\/div><!-- \/.product-loop-body --><div class=\"product-loop-footer product-item__footer\"><div class=\"price-add-to-cart\">\n\t<span class=\"price\"><span class=\"electro-price\"><\/span><\/span>\n<div class=\"add-to-cart-wrap\" data-bs-toggle=\"tooltip\" data-bs-title=\"View Product\"><a href=\"https:\/\/monocrom.com\/es\/product\/vertical-diode-lasers\/\" class=\"button product_type_simple\">View Product<\/a><\/div>\t<span id=\"woocommerce_loop_add_to_cart_link_describedby_6359\" class=\"screen-reader-text\">\n\t\t\t<\/span>\n<\/div><!-- \/.price-add-to-cart --><div class=\"hover-area\"><div class=\"action-buttons\"><\/div><\/div><\/div><!-- \/.product-loop-footer --><\/div><!-- \/.product-inner --><\/div><!-- \/.product-outer --><\/li>\n<\/ul>\n<\/div>\t\t<\/div>\n\n\t\t\n\t<\/div>\n<\/div>\n<div class=\"vc_empty_space\"   style=\"height: 77px\"><span class=\"vc_empty_space_inner\"><\/span><\/div><\/div><\/div><\/div><\/div>\n<\/div>","protected":false},"excerpt":{"rendered":"Lipo Lasers for Liposuction and skin Tightening Modules &nbsp; Monocrom offers lipo lasers for liposuction and skin tightening modules; on a high quality, price competitive laser diode technology for dermo-aesthetical","protected":false},"author":16,"featured_media":8263,"parent":7642,"menu_order":2,"comment_status":"closed","ping_status":"closed","template":"","meta":{"_acf_changed":false,"footnotes":""},"class_list":["post-8261","page","type-page","status-publish","has-post-thumbnail","hentry"],"acf":[],"_links":{"self":[{"href":"https:\/\/monocrom.com\/es\/wp-json\/wp\/v2\/pages\/8261","targetHints":{"allow":["GET"]}}],"collection":[{"href":"https:\/\/monocrom.com\/es\/wp-json\/wp\/v2\/pages"}],"about":[{"href":"https:\/\/monocrom.com\/es\/wp-json\/wp\/v2\/types\/page"}],"author":[{"embeddable":true,"href":"https:\/\/monocrom.com\/es\/wp-json\/wp\/v2\/users\/16"}],"replies":[{"embeddable":true,"href":"https:\/\/monocrom.com\/es\/wp-json\/wp\/v2\/comments?post=8261"}],"version-history":[{"count":0,"href":"https:\/\/monocrom.com\/es\/wp-json\/wp\/v2\/pages\/8261\/revisions"}],"up":[{"embeddable":true,"href":"https:\/\/monocrom.com\/es\/wp-json\/wp\/v2\/pages\/7642"}],"wp:featuredmedia":[{"embeddable":true,"href":"https:\/\/monocrom.com\/es\/wp-json\/wp\/v2\/media\/8263"}],"wp:attachment":[{"href":"https:\/\/monocrom.com\/es\/wp-json\/wp\/v2\/media?parent=8261"}],"curies":[{"name":"wp","href":"https:\/\/api.w.org\/{rel}","templated":true}]}}