{"id":8930,"date":"2023-12-13T10:11:23","date_gmt":"2023-12-13T10:11:23","guid":{"rendered":"http:\/\/monocrom.com\/?page_id=8930"},"modified":"2025-12-03T10:44:28","modified_gmt":"2025-12-03T10:44:28","slug":"trabaja-con-nosotros","status":"publish","type":"page","link":"https:\/\/monocrom.com\/es\/careers\/","title":{"rendered":"Trabaja con nosotros"},"content":{"rendered":"<div class=\"wpb-content-wrapper\"><div class=\"vc_row wpb_row vc_row-fluid\"><div class=\"wpb_column vc_column_container vc_col-sm-12\"><div class=\"vc_column-inner\"><div class=\"wpb_wrapper\"><div class=\"vc_empty_space\"   style=\"height: 55px\"><span class=\"vc_empty_space_inner\"><\/span><\/div><\/div><\/div><\/div><\/div><div class=\"vc_row wpb_row vc_row-fluid\"><div class=\"wpb_column vc_column_container vc_col-sm-6\"><div class=\"vc_column-inner\"><div class=\"wpb_wrapper\">\n\t<div class=\"wpb_text_column wpb_content_element h2custom-h2 { font-size: 72px; line-height: 12; }\" >\n\t\t<div class=\"wpb_wrapper\">\n\t\t\t<h2 style=\"text-align: center; font-size: 36px; line-height: 1.2;\"><strong>Nos encanta lo que hacemos<\/strong><\/h2>\n\n\t\t<\/div>\n\t<\/div>\n<div class=\"vc_separator wpb_content_element vc_separator_align_center vc_sep_width_100 vc_sep_pos_align_center vc_separator_no_text vc_sep_color_grey wpb_content_element  wpb_content_element\" ><span class=\"vc_sep_holder vc_sep_holder_l\"><span class=\"vc_sep_line\"><\/span><\/span><span class=\"vc_sep_holder vc_sep_holder_r\"><span class=\"vc_sep_line\"><\/span><\/span>\n<\/div>\n\t<div class=\"wpb_text_column wpb_content_element\" >\n\t\t<div class=\"wpb_wrapper\">\n\t\t\t<p>El trabajo en equipo, la curiosidad, la diversidad, la sostenibilidad, la creatividad y la humildad impulsan a las personas que forman parte del grupo Monocrom.<\/p>\n\n\t\t<\/div>\n\t<\/div>\n\n\t<div  class=\"wpb_single_image wpb_content_element vc_align_center wpb_content_element\">\n\t\t\n\t\t<figure class=\"wpb_wrapper vc_figure\">\n\t\t\t<div class=\"vc_single_image-wrapper vc_box_rounded  vc_box_border_grey\"><img loading=\"lazy\" decoding=\"async\" width=\"300\" height=\"200\" src=\"https:\/\/monocrom.com\/wp-content\/uploads\/2023\/11\/research-monocrom-300x200.jpg\" class=\"vc_single_image-img attachment-medium\" alt=\"monocromo de investigaci\u00f3n\" title=\"monocromo de investigaci\u00f3n\" srcset=\"https:\/\/monocrom.com\/wp-content\/uploads\/2023\/11\/research-monocrom-300x200.jpg 300w, https:\/\/monocrom.com\/wp-content\/uploads\/2023\/11\/research-monocrom-1024x683.jpg 1024w, https:\/\/monocrom.com\/wp-content\/uploads\/2023\/11\/research-monocrom-768x512.jpg 768w, https:\/\/monocrom.com\/wp-content\/uploads\/2023\/11\/research-monocrom-320x213.jpg 320w, https:\/\/monocrom.com\/wp-content\/uploads\/2023\/11\/research-monocrom-480x320.jpg 480w, https:\/\/monocrom.com\/wp-content\/uploads\/2023\/11\/research-monocrom-800x533.jpg 800w, https:\/\/monocrom.com\/wp-content\/uploads\/2023\/11\/research-monocrom-270x180.jpg 270w, https:\/\/monocrom.com\/wp-content\/uploads\/2023\/11\/research-monocrom-600x400.jpg 600w, https:\/\/monocrom.com\/wp-content\/uploads\/2023\/11\/research-monocrom.jpg 1500w\" sizes=\"auto, (max-width: 300px) 100vw, 300px\" \/><\/div>\n\t\t<\/figure>\n\t<\/div>\n<\/div><\/div><\/div><div class=\"wpb_column vc_column_container vc_col-sm-6\"><div class=\"vc_column-inner\"><div class=\"wpb_wrapper\">\n\t<div class=\"wpb_text_column wpb_content_element\" >\n\t\t<div class=\"wpb_wrapper\">\n\t\t\t<h2 style=\"text-align: center; font-size: 36px; line-height: 1.2;\"><strong>Nuestro personal<\/strong><\/h2>\n\n\t\t<\/div>\n\t<\/div>\n<div class=\"vc_separator wpb_content_element vc_separator_align_center vc_sep_width_100 vc_sep_pos_align_center vc_separator_no_text vc_sep_color_grey wpb_content_element  wpb_content_element\" ><span class=\"vc_sep_holder vc_sep_holder_l\"><span class=\"vc_sep_line\"><\/span><\/span><span class=\"vc_sep_holder vc_sep_holder_r\"><span class=\"vc_sep_line\"><\/span><\/span>\n<\/div>\n\t<div class=\"wpb_text_column wpb_content_element\" >\n\t\t<div class=\"wpb_wrapper\">\n\t\t\t<div class=\"sc-ic-parallax-card\">Nuestros trabajadores son apasionados, curiosos, vers\u00e1tiles, motivados, din\u00e1micos, cada uno con algo diferente que aportar. Se esfuerzan en todo lo que hacen, son creativos, imparables, ingeniosos y proactivos.<\/div>\n\n\t\t<\/div>\n\t<\/div>\n\n\t<div  class=\"wpb_single_image wpb_content_element vc_align_center wpb_content_element\">\n\t\t\n\t\t<figure class=\"wpb_wrapper vc_figure\">\n\t\t\t<div class=\"vc_single_image-wrapper vc_box_rounded  vc_box_border_grey\"><img loading=\"lazy\" decoding=\"async\" width=\"300\" height=\"200\" src=\"https:\/\/monocrom.com\/wp-content\/uploads\/2023\/11\/Monocrom-Team-300x200.jpg\" class=\"vc_single_image-img attachment-medium\" alt=\"sobre nosotros - equipo Monocrom\" title=\"Equipo Monocrom\" srcset=\"https:\/\/monocrom.com\/wp-content\/uploads\/2023\/11\/Monocrom-Team-300x200.jpg 300w, https:\/\/monocrom.com\/wp-content\/uploads\/2023\/11\/Monocrom-Team-1024x683.jpg 1024w, https:\/\/monocrom.com\/wp-content\/uploads\/2023\/11\/Monocrom-Team-768x512.jpg 768w, https:\/\/monocrom.com\/wp-content\/uploads\/2023\/11\/Monocrom-Team-1536x1024.jpg 1536w, https:\/\/monocrom.com\/wp-content\/uploads\/2023\/11\/Monocrom-Team-2048x1365.jpg 2048w, https:\/\/monocrom.com\/wp-content\/uploads\/2023\/11\/Monocrom-Team-320x213.jpg 320w, https:\/\/monocrom.com\/wp-content\/uploads\/2023\/11\/Monocrom-Team-480x320.jpg 480w, https:\/\/monocrom.com\/wp-content\/uploads\/2023\/11\/Monocrom-Team-800x533.jpg 800w, https:\/\/monocrom.com\/wp-content\/uploads\/2023\/11\/Monocrom-Team-270x180.jpg 270w, https:\/\/monocrom.com\/wp-content\/uploads\/2023\/11\/Monocrom-Team-600x400.jpg 600w\" sizes=\"auto, (max-width: 300px) 100vw, 300px\" \/><\/div>\n\t\t<\/figure>\n\t<\/div>\n<\/div><\/div><\/div><\/div><div class=\"vc_row wpb_row vc_row-fluid\"><div class=\"wpb_column vc_column_container vc_col-sm-12\"><div class=\"vc_column-inner\"><div class=\"wpb_wrapper\"><div class=\"vc_separator wpb_content_element vc_separator_align_center vc_sep_width_100 vc_sep_pos_align_center vc_separator_no_text vc_sep_color_grey wpb_content_element  wpb_content_element\" ><span class=\"vc_sep_holder vc_sep_holder_l\"><span class=\"vc_sep_line\"><\/span><\/span><span class=\"vc_sep_holder vc_sep_holder_r\"><span class=\"vc_sep_line\"><\/span><\/span>\n<\/div><\/div><\/div><\/div><\/div><div class=\"vc_row wpb_row vc_row-fluid\"><div class=\"wpb_column vc_column_container vc_col-sm-12\"><div class=\"vc_column-inner\"><div class=\"wpb_wrapper\">\n\t<div class=\"wpb_text_column wpb_content_element\" >\n\t\t<div class=\"wpb_wrapper\">\n\t\t\t<h1 style=\"text-align: center;\"><strong>Trabaja con nosotros<\/strong><\/h1>\n\n\t\t<\/div>\n\t<\/div>\n\n\t<div class=\"wpb_text_column wpb_content_element\" >\n\t\t<div class=\"wpb_wrapper\">\n\t\t\t\n\t\t<\/div>\n\t<\/div>\n<\/div><\/div><\/div><\/div><div class=\"vc_row wpb_row vc_row-fluid\"><div class=\"wpb_column vc_column_container vc_col-sm-6\"><div class=\"vc_column-inner\"><div class=\"wpb_wrapper\">\n\t<div class=\"wpb_text_column wpb_content_element\" >\n\t\t<div class=\"wpb_wrapper\">\n\t\t\t<div class=\"sc-ic-parallax-card\">\n<div class=\"wpb_text_column wpb_content_element\">\n<div class=\"wpb_wrapper\">\n<p>\u00a1Buscamos talentos!\u00a0<span lang=\"en\">En Monocrom necesitamos diferentes tipos de perfiles para formar parte de nuestro equipo.\u00a0<\/span>Nuestros puestos de trabajo ofrecen margen para la iniciativa individual en un ambiente emocionante y de apoyo en el que aprendemos y crecemos. Fomentamos la flexibilidad, la creatividad y el esp\u00edritu de superaci\u00f3n e inspiramos a nuestra gente para que sue\u00f1e a lo grande y ame lo que hace. Creemos que hay una gran satisfacci\u00f3n cuando trabajamos en algo que nos apasiona.<\/p>\n<\/div>\n<\/div>\n<div class=\"vc_empty_space\"><\/div>\n<\/div>\n\n\t\t<\/div>\n\t<\/div>\n\n\t<div class=\"wpb_text_column wpb_content_element\" >\n\t\t<div class=\"wpb_wrapper\">\n\t\t\t<div class=\"sc-ic-parallax-card\">\n<div class=\"wpb_text_column wpb_content_element\">\n<div class=\"wpb_wrapper\">\n<p><a href=\"https:\/\/monocrom.com\/es\/trabaja-con-nosotros\/submit-application\/\" target=\"_blank\" rel=\"noopener\"><span style=\"color: #3366ff;\">Send us your CV\u276f<\/span><\/a><\/p>\n<\/div>\n<\/div>\n<div class=\"vc_empty_space\"><\/div>\n<\/div>\n\n\t\t<\/div>\n\t<\/div>\n<\/div><\/div><\/div><div class=\"wpb_column vc_column_container vc_col-sm-6\"><div class=\"vc_column-inner\"><div class=\"wpb_wrapper\">\n\t<div class=\"wpb_text_column wpb_content_element\" >\n\t\t<div class=\"wpb_wrapper\">\n\t\t\t<div class=\"sc-ic-parallax-card\">\n<div class=\"wpb_text_column wpb_content_element\">\n<div class=\"wpb_wrapper\">\n<p>\u00bfTodav\u00eda estudiando? Tenemos grandes oportunidades para estudiantes que deseen realizar su trabajo de fin de grado \/ postgrado \/ m\u00e1ster \/ doctorado en una empresa de Fot\u00f3nica. Disfruta de una aut\u00e9ntica experiencia profesional y aprende de nuestros expertos. Estaremos encantados de apoyarle en sus estudios. Es imprescindible ser licenciado en Fot\u00f3nica o estudios relacionados.<\/p>\n<\/div>\n<\/div>\n<\/div>\n<div class=\"vc_empty_space\"><\/div>\n<div><\/div>\n<div><\/div>\n\n\t\t<\/div>\n\t<\/div>\n\n\t<div class=\"wpb_text_column wpb_content_element\" >\n\t\t<div class=\"wpb_wrapper\">\n\t\t\t<div class=\"sc-ic-parallax-card\">\n<div class=\"wpb_text_column wpb_content_element\">\n<div class=\"wpb_wrapper\">\n<p><a href=\"https:\/\/monocrom.com\/es\/trabaja-con-nosotros\/submit-application\/\" target=\"_blank\" rel=\"noopener\"><span style=\"color: #3366ff;\">Programa de formaci\u00f3n \u276f<\/span><\/a><\/p>\n<\/div>\n<\/div>\n<div class=\"vc_empty_space\"><\/div>\n<\/div>\n\n\t\t<\/div>\n\t<\/div>\n<\/div><\/div><\/div><\/div><div class=\"vc_row wpb_row vc_row-fluid\"><div class=\"wpb_column vc_column_container vc_col-sm-12\"><div class=\"vc_column-inner\"><div class=\"wpb_wrapper\"><div class=\"vc_separator wpb_content_element vc_separator_align_center vc_sep_width_100 vc_sep_pos_align_center vc_separator_no_text vc_sep_color_grey wpb_content_element  wpb_content_element\" ><span class=\"vc_sep_holder vc_sep_holder_l\"><span class=\"vc_sep_line\"><\/span><\/span><span class=\"vc_sep_holder vc_sep_holder_r\"><span class=\"vc_sep_line\"><\/span><\/span>\n<\/div><\/div><\/div><\/div><\/div><div class=\"vc_row wpb_row vc_row-fluid\"><div class=\"wpb_column vc_column_container vc_col-sm-12\"><div class=\"vc_column-inner\"><div class=\"wpb_wrapper\">\n\t<div class=\"wpb_text_column wpb_content_element\" >\n\t\t<div class=\"wpb_wrapper\">\n\t\t\t<h1 class=\"contact-page-title\"><strong>Puestos vacantes<\/strong><\/h1>\n\n\t\t<\/div>\n\t<\/div>\n<\/div><\/div><\/div><\/div>\n<\/div>","protected":false},"excerpt":{"rendered":"We Love What We Do Teamwork, curiosity, diversity, sustainability, creativity, and humility drive our individuals who are part of the Monocrom group. Our People Our individuals are passionate, curious, versatile,","protected":false},"author":16,"featured_media":8935,"parent":0,"menu_order":0,"comment_status":"closed","ping_status":"closed","template":"","meta":{"_acf_changed":false,"footnotes":""},"class_list":["post-8930","page","type-page","status-publish","has-post-thumbnail","hentry"],"acf":[],"_links":{"self":[{"href":"https:\/\/monocrom.com\/es\/wp-json\/wp\/v2\/pages\/8930","targetHints":{"allow":["GET"]}}],"collection":[{"href":"https:\/\/monocrom.com\/es\/wp-json\/wp\/v2\/pages"}],"about":[{"href":"https:\/\/monocrom.com\/es\/wp-json\/wp\/v2\/types\/page"}],"author":[{"embeddable":true,"href":"https:\/\/monocrom.com\/es\/wp-json\/wp\/v2\/users\/16"}],"replies":[{"embeddable":true,"href":"https:\/\/monocrom.com\/es\/wp-json\/wp\/v2\/comments?post=8930"}],"version-history":[{"count":1,"href":"https:\/\/monocrom.com\/es\/wp-json\/wp\/v2\/pages\/8930\/revisions"}],"predecessor-version":[{"id":11905,"href":"https:\/\/monocrom.com\/es\/wp-json\/wp\/v2\/pages\/8930\/revisions\/11905"}],"wp:featuredmedia":[{"embeddable":true,"href":"https:\/\/monocrom.com\/es\/wp-json\/wp\/v2\/media\/8935"}],"wp:attachment":[{"href":"https:\/\/monocrom.com\/es\/wp-json\/wp\/v2\/media?parent=8930"}],"curies":[{"name":"wp","href":"https:\/\/api.w.org\/{rel}","templated":true}]}}