{"id":9083,"date":"2023-12-21T13:24:51","date_gmt":"2023-12-21T13:24:51","guid":{"rendered":"http:\/\/monocrom.com\/?page_id=9083"},"modified":"2025-10-07T11:39:58","modified_gmt":"2025-10-07T11:39:58","slug":"heatme","status":"publish","type":"page","link":"https:\/\/monocrom.com\/es\/products\/diode-lasers\/heatme\/","title":{"rendered":"HeatME"},"content":{"rendered":"<div class=\"wpb-content-wrapper\"><div class=\"vc_row wpb_row vc_row-fluid\"><div class=\"wpb_column vc_column_container vc_col-sm-12\"><div class=\"vc_column-inner\"><div class=\"wpb_wrapper\"><div class=\"vc_empty_space\"   style=\"height: 32px\"><span class=\"vc_empty_space_inner\"><\/span><\/div><\/div><\/div><\/div><\/div><div class=\"vc_row wpb_row vc_row-fluid\"><div class=\"wpb_column vc_column_container vc_col-sm-12\"><div class=\"vc_column-inner\"><div class=\"wpb_wrapper\">\n\t<div class=\"wpb_text_column wpb_content_element\" >\n\t\t<div class=\"wpb_wrapper\">\n\t\t\t<h1 class=\"contact-page-title\">HeatMe<\/h1>\n<h2>Soluci\u00f3n para calefacci\u00f3n industrial<\/h2>\n\n\t\t<\/div>\n\t<\/div>\n\n\t<div class=\"wpb_text_column wpb_content_element\" >\n\t\t<div class=\"wpb_wrapper\">\n\t\t\t<p>Soluci\u00f3n de diodo directo que le permite controlar su aplicaci\u00f3n de calefacci\u00f3n industrial con mayor precisi\u00f3n.<\/p>\n<p>Controlar todas y cada una de las partes del <strong>HeatMe<\/strong>\u00a0de forma independiente, lo que permite mucha m\u00e1s flexibilidad con el material objetivo.<br \/>\nEsta soluci\u00f3n rentable es la pr\u00f3xima evoluci\u00f3n en aplicaciones de tratamiento t\u00e9rmico, ya que proporciona una fuente de calor de \u00faltima generaci\u00f3n, escalable y flexible, que puede optimizarse seg\u00fan las necesidades de su aplicaci\u00f3n.<\/p>\n<p>&nbsp;<\/p>\n<p><span style=\"color: #3366ff;\"><a style=\"color: #3366ff;\" href=\"https:\/\/monocrom.com\/wp-admin\/admin-ajax.php?action=frm_forms_preview&amp;form=Monocrom-HeatMe-brochure&amp;theme=1\" target=\"_blank\" rel=\"noopener\">descargar folleto - Heatme \u276f<\/a><\/span><\/p>\n\n\t\t<\/div>\n\t<\/div>\n<div class=\"vc_empty_space\"   style=\"height: 55px\"><span class=\"vc_empty_space_inner\"><\/span><\/div><\/div><\/div><\/div><\/div><div class=\"vc_row wpb_row vc_row-fluid\"><div class=\"wpb_column vc_column_container vc_col-sm-12\"><div class=\"vc_column-inner\"><div class=\"wpb_wrapper\"><div class=\"vc_row wpb_row vc_inner vc_row-fluid\"><div class=\"wpb_column vc_column_container vc_col-sm-12\"><div class=\"vc_column-inner\"><div class=\"wpb_wrapper\"><div class=\"vc_separator wpb_content_element vc_separator_align_center vc_sep_width_100 vc_sep_pos_align_center vc_separator_no_text vc_sep_color_grey wpb_content_element  wpb_content_element\" ><span class=\"vc_sep_holder vc_sep_holder_l\"><span class=\"vc_sep_line\"><\/span><\/span><span class=\"vc_sep_holder vc_sep_holder_r\"><span class=\"vc_sep_line\"><\/span><\/span>\n<\/div><\/div><\/div><\/div><\/div><div class=\"vc_row wpb_row vc_inner vc_row-fluid\"><div class=\"wpb_column vc_column_container vc_col-sm-6\"><div class=\"vc_column-inner\"><div class=\"wpb_wrapper\">\n\t<div  class=\"wpb_single_image wpb_content_element vc_align_center wpb_content_element\">\n\t\t\n\t\t<figure class=\"wpb_wrapper vc_figure\">\n\t\t\t<div class=\"vc_single_image-wrapper   vc_box_border_grey\"><img loading=\"lazy\" decoding=\"async\" width=\"1024\" height=\"973\" src=\"https:\/\/monocrom.com\/wp-content\/uploads\/2023\/12\/HeatMe-brochure-2-1024x973.jpg\" class=\"vc_single_image-img attachment-large\" alt=\"HeatME\" title=\"Folleto HeatMe-2\" srcset=\"https:\/\/monocrom.com\/wp-content\/uploads\/2023\/12\/HeatMe-brochure-2-1024x973.jpg 1024w, https:\/\/monocrom.com\/wp-content\/uploads\/2023\/12\/HeatMe-brochure-2-300x285.jpg 300w, https:\/\/monocrom.com\/wp-content\/uploads\/2023\/12\/HeatMe-brochure-2-768x730.jpg 768w, https:\/\/monocrom.com\/wp-content\/uploads\/2023\/12\/HeatMe-brochure-2-320x304.jpg 320w, https:\/\/monocrom.com\/wp-content\/uploads\/2023\/12\/HeatMe-brochure-2-480x456.jpg 480w, https:\/\/monocrom.com\/wp-content\/uploads\/2023\/12\/HeatMe-brochure-2-800x760.jpg 800w, https:\/\/monocrom.com\/wp-content\/uploads\/2023\/12\/HeatMe-brochure-2-600x570.jpg 600w, https:\/\/monocrom.com\/wp-content\/uploads\/2023\/12\/HeatMe-brochure-2.jpg 1083w\" sizes=\"auto, (max-width: 1024px) 100vw, 1024px\" \/><\/div>\n\t\t<\/figure>\n\t<\/div>\n<div class=\"vc_empty_space\"   style=\"height: 32px\"><span class=\"vc_empty_space_inner\"><\/span><\/div><\/div><\/div><\/div><div class=\"wpb_column vc_column_container vc_col-sm-6\"><div class=\"vc_column-inner\"><div class=\"wpb_wrapper\">\n\t<div class=\"wpb_text_column wpb_content_element\" >\n\t\t<div class=\"wpb_wrapper\">\n\t\t\t<h2><img loading=\"lazy\" decoding=\"async\" class=\"alignnone size-full wp-image-9096\" src=\"https:\/\/monocrom.com\/wp-content\/uploads\/2023\/12\/icons8-circular-arrows-50.png\" alt=\"heat me circle\" width=\"50\" height=\"50\" \/>\u00a0 \u00a0 \u00a0 \u00a0 \u00a0Controlable y adaptable<\/h2>\n<p>&nbsp;<\/p>\n<h2><img loading=\"lazy\" decoding=\"async\" class=\"alignnone size-full wp-image-9103\" src=\"https:\/\/monocrom.com\/wp-content\/uploads\/2023\/12\/icons8-dollar-coins-68.png\" alt=\"calor rentable\" width=\"68\" height=\"68\" \/>\u00a0 \u00a0 \u00a0 \u00a0Rentable<\/h2>\n<p>&nbsp;<\/p>\n<h2><img loading=\"lazy\" decoding=\"async\" class=\"alignnone wp-image-9105\" src=\"https:\/\/monocrom.com\/wp-content\/uploads\/2023\/12\/icons8-settings-50.png\" alt=\"bajo mantenimiento\" width=\"59\" height=\"59\" \/>\u00a0 \u00a0 \u00a0 \u00a0 Bajo mantenimiento<\/h2>\n<p>&nbsp;<\/p>\n<h2><img loading=\"lazy\" decoding=\"async\" class=\"alignnone wp-image-9101\" src=\"https:\/\/monocrom.com\/wp-content\/uploads\/2023\/12\/icons8-business-network-80.png\" alt=\"\" width=\"59\" height=\"59\" \/>\u00a0 \u00a0 \u00a0 \u00a0 Protocolo Profinet o EtherCAT<\/h2>\n<p>&nbsp;<\/p>\n<h2><img loading=\"lazy\" decoding=\"async\" class=\"alignnone size-full wp-image-9104\" src=\"https:\/\/monocrom.com\/wp-content\/uploads\/2023\/12\/icons8-double-right-30.png\" alt=\"Modular Heatme\" width=\"30\" height=\"30\" \/>\u00a0 \u00a0 \u00a0 \u00a0 \u00a0 \u00a0 Modular<\/h2>\n<p>&nbsp;<\/p>\n<h2><img loading=\"lazy\" decoding=\"async\" class=\"alignnone size-full wp-image-9105\" src=\"https:\/\/monocrom.com\/wp-content\/uploads\/2023\/12\/icons8-settings-50.png\" alt=\"Optimizaci\u00f3n de la distancia de trabajo\" width=\"50\" height=\"50\" \/>\u00a0 \u00a0 \u00a0 \u00a0 \u00a0Optimizaci\u00f3n de la distancia de trabajo<\/h2>\n\n\t\t<\/div>\n\t<\/div>\n<div class=\"vc_empty_space\"   style=\"height: 32px\"><span class=\"vc_empty_space_inner\"><\/span><\/div><\/div><\/div><\/div><\/div><\/div><\/div><\/div><\/div><div class=\"vc_row wpb_row vc_row-fluid\"><div class=\"wpb_column vc_column_container vc_col-sm-12\"><div class=\"vc_column-inner\"><div class=\"wpb_wrapper\"><div class=\"vc_row wpb_row vc_inner vc_row-fluid\"><div class=\"wpb_column vc_column_container vc_col-sm-12\"><div class=\"vc_column-inner\"><div class=\"wpb_wrapper\"><div class=\"vc_separator wpb_content_element vc_separator_align_center vc_sep_width_100 vc_sep_pos_align_center vc_separator_no_text vc_sep_color_grey wpb_content_element  wpb_content_element\" ><span class=\"vc_sep_holder vc_sep_holder_l\"><span class=\"vc_sep_line\"><\/span><\/span><span class=\"vc_sep_holder vc_sep_holder_r\"><span class=\"vc_sep_line\"><\/span><\/span>\n<\/div><\/div><\/div><\/div><\/div><div class=\"vc_row wpb_row vc_inner vc_row-fluid\"><div class=\"wpb_column vc_column_container vc_col-sm-3\"><div class=\"vc_column-inner\"><div class=\"wpb_wrapper\">\n\t<div class=\"wpb_text_column wpb_content_element\" >\n\t\t<div class=\"wpb_wrapper\">\n\t\t\t<h4 style=\"text-align: left;\">Aplicaciones t\u00edpicas:<\/h4>\n\n\t\t<\/div>\n\t<\/div>\n\n\t<div class=\"wpb_text_column wpb_content_element\" >\n\t\t<div class=\"wpb_wrapper\">\n\t\t\t<p>- Limpieza l\u00e1ser<br \/>\n- Secado l\u00e1ser<br \/>\n- Precalentamiento del l\u00e1ser<br \/>\n- Ablandamiento<br \/>\n- Endurecimiento<br \/>\n- Perfilado<br \/>\n- Spin-forming<\/p>\n\n\t\t<\/div>\n\t<\/div>\n<div class=\"vc_empty_space\"   style=\"height: 32px\"><span class=\"vc_empty_space_inner\"><\/span><\/div>\n\t<div class=\"wpb_text_column wpb_content_element\" >\n\t\t<div class=\"wpb_wrapper\">\n\t\t\t<h4 style=\"text-align: left;\">Submontaje completo:<\/h4>\n\n\t\t<\/div>\n\t<\/div>\n\n\t<div class=\"wpb_text_column wpb_content_element\" >\n\t\t<div class=\"wpb_wrapper\">\n\t\t\t<p>- Controlador l\u00e1ser y fuente de alimentaci\u00f3n<br \/>\n- Enfriador (opcional)<br \/>\n- PC de control (opcional)<\/p>\n\n\t\t<\/div>\n\t<\/div>\n<div class=\"vc_empty_space\"   style=\"height: 32px\"><span class=\"vc_empty_space_inner\"><\/span><\/div><\/div><\/div><\/div><div class=\"wpb_column vc_column_container vc_col-sm-9\"><div class=\"vc_column-inner vc_custom_1716806930849\"><div class=\"wpb_wrapper\">\n\t<div  class=\"wpb_single_image wpb_content_element vc_align_center wpb_content_element\">\n\t\t\n\t\t<figure class=\"wpb_wrapper vc_figure\">\n\t\t\t<div class=\"vc_single_image-wrapper   vc_box_border_grey\"><img loading=\"lazy\" decoding=\"async\" width=\"207\" height=\"300\" src=\"https:\/\/monocrom.com\/wp-content\/uploads\/2024\/05\/HeatME-module-207x300.jpg\" class=\"vc_single_image-img attachment-medium\" alt=\"M\u00f3dulo HeatME\" title=\"M\u00f3dulo HeatME\" srcset=\"https:\/\/monocrom.com\/wp-content\/uploads\/2024\/05\/HeatME-module-207x300.jpg 207w, https:\/\/monocrom.com\/wp-content\/uploads\/2024\/05\/HeatME-module.jpg 222w\" sizes=\"auto, (max-width: 207px) 100vw, 207px\" \/><\/div>\n\t\t<\/figure>\n\t<\/div>\n\n\t<div class=\"wpb_text_column wpb_content_element vc_custom_1716385726852\" >\n\t\t<div class=\"wpb_wrapper\">\n\t\t\t<p style=\"text-align: center;\"><span style=\"color: #3366ff;\"><a style=\"color: #3366ff;\" href=\"https:\/\/monocrom.com\/wp-admin\/admin-ajax.php?action=frm_forms_preview&amp;form=Monocrom-HeatMe-brochure&amp;theme=1\" target=\"_blank\" rel=\"noopener\">descargar folleto - Heatme \u276f<\/a>\u00a0<\/span><\/p>\n\n\t\t<\/div>\n\t<\/div>\n<div class=\"vc_empty_space\"   style=\"height: 32px\"><span class=\"vc_empty_space_inner\"><\/span><\/div><\/div><\/div><\/div><\/div><div class=\"vc_row wpb_row vc_inner vc_row-fluid\"><div class=\"wpb_column vc_column_container vc_col-sm-12\"><div class=\"vc_column-inner\"><div class=\"wpb_wrapper\"><div class=\"vc_empty_space\"   style=\"height: 32px\"><span class=\"vc_empty_space_inner\"><\/span><\/div>\n\t<div class=\"wpb_text_column wpb_content_element\" >\n\t\t<div class=\"wpb_wrapper\">\n\t\t\t<h2><a href=\"https:\/\/monocrom.com\/es\/clamping\/\" target=\"_blank\" rel=\"noopener\"><span style=\"color: #3366ff;\">Tecnolog\u00eda Clamping<\/span><\/a> incrustado<\/h2>\n\n\t\t<\/div>\n\t<\/div>\n<div class=\"vc_separator wpb_content_element vc_separator_align_center vc_sep_width_100 vc_sep_pos_align_center vc_separator_no_text vc_sep_color_grey wpb_content_element  wpb_content_element\" ><span class=\"vc_sep_holder vc_sep_holder_l\"><span class=\"vc_sep_line\"><\/span><\/span><span class=\"vc_sep_holder vc_sep_holder_r\"><span class=\"vc_sep_line\"><\/span><\/span>\n<\/div>\n\t<div  class=\"wpb_single_image wpb_content_element vc_align_center wpb_content_element\">\n\t\t\n\t\t<figure class=\"wpb_wrapper vc_figure\">\n\t\t\t<div class=\"vc_single_image-wrapper   vc_box_border_grey\"><img loading=\"lazy\" decoding=\"async\" width=\"1200\" height=\"259\" src=\"https:\/\/monocrom.com\/wp-content\/uploads\/2023\/11\/clamping_banner.jpg\" class=\"vc_single_image-img attachment-full\" alt=\"Pancarta de sujeci\u00f3n\" title=\"bandera_de_sujeci\u00f3n\" srcset=\"https:\/\/monocrom.com\/wp-content\/uploads\/2023\/11\/clamping_banner.jpg 1200w, https:\/\/monocrom.com\/wp-content\/uploads\/2023\/11\/clamping_banner-300x65.jpg 300w, https:\/\/monocrom.com\/wp-content\/uploads\/2023\/11\/clamping_banner-1024x221.jpg 1024w, https:\/\/monocrom.com\/wp-content\/uploads\/2023\/11\/clamping_banner-768x166.jpg 768w, https:\/\/monocrom.com\/wp-content\/uploads\/2023\/11\/clamping_banner-320x69.jpg 320w, https:\/\/monocrom.com\/wp-content\/uploads\/2023\/11\/clamping_banner-480x104.jpg 480w, https:\/\/monocrom.com\/wp-content\/uploads\/2023\/11\/clamping_banner-800x173.jpg 800w, https:\/\/monocrom.com\/wp-content\/uploads\/2023\/11\/clamping_banner-600x130.jpg 600w\" sizes=\"auto, (max-width: 1200px) 100vw, 1200px\" \/><\/div>\n\t\t<\/figure>\n\t<\/div>\n<div class=\"vc_separator wpb_content_element vc_separator_align_center vc_sep_width_100 vc_sep_pos_align_center vc_separator_no_text vc_sep_color_grey wpb_content_element  wpb_content_element\" ><span class=\"vc_sep_holder vc_sep_holder_l\"><span class=\"vc_sep_line\"><\/span><\/span><span class=\"vc_sep_holder vc_sep_holder_r\"><span class=\"vc_sep_line\"><\/span><\/span>\n<\/div><\/div><\/div><\/div><\/div><\/div><\/div><\/div><\/div><div class=\"vc_row wpb_row vc_row-fluid\"><div class=\"wpb_column vc_column_container vc_col-sm-12\"><div class=\"vc_column-inner\"><div class=\"wpb_wrapper\">\n\t<div class=\"wpb_text_column wpb_content_element\" >\n\t\t<div class=\"wpb_wrapper\">\n\t\t\t<h2>Especificaciones de alto nivel<\/h2>\n\n\t\t<\/div>\n\t<\/div>\n<\/div><\/div><\/div><\/div><div class=\"vc_row wpb_row vc_row-fluid\"><div class=\"wpb_column vc_column_container vc_col-sm-6\"><div class=\"vc_column-inner\"><div class=\"wpb_wrapper\">\n\t<div  class=\"wpb_single_image wpb_content_element vc_align_left wpb_content_element\">\n\t\t\n\t\t<figure class=\"wpb_wrapper vc_figure\">\n\t\t\t<div class=\"vc_single_image-wrapper   vc_box_border_grey\"><img loading=\"lazy\" decoding=\"async\" data-vc-zoom=\"https:\/\/monocrom.com\/wp-content\/uploads\/2023\/12\/HeatMe-table.jpg\" width=\"926\" height=\"864\" src=\"https:\/\/monocrom.com\/wp-content\/uploads\/2023\/12\/HeatMe-table.jpg\" class=\"vc_single_image-img attachment-full\" alt=\"Mesa HeatMe\" title=\"Mesa HeatMe\" srcset=\"https:\/\/monocrom.com\/wp-content\/uploads\/2023\/12\/HeatMe-table.jpg 926w, https:\/\/monocrom.com\/wp-content\/uploads\/2023\/12\/HeatMe-table-300x280.jpg 300w, https:\/\/monocrom.com\/wp-content\/uploads\/2023\/12\/HeatMe-table-768x717.jpg 768w, https:\/\/monocrom.com\/wp-content\/uploads\/2023\/12\/HeatMe-table-320x299.jpg 320w, https:\/\/monocrom.com\/wp-content\/uploads\/2023\/12\/HeatMe-table-480x448.jpg 480w, https:\/\/monocrom.com\/wp-content\/uploads\/2023\/12\/HeatMe-table-800x746.jpg 800w, https:\/\/monocrom.com\/wp-content\/uploads\/2023\/12\/HeatMe-table-600x560.jpg 600w\" sizes=\"auto, (max-width: 926px) 100vw, 926px\" \/><\/div>\n\t\t<\/figure>\n\t<\/div>\n<\/div><\/div><\/div><div class=\"wpb_column vc_column_container vc_col-sm-6\"><div class=\"vc_column-inner\"><div class=\"wpb_wrapper\">\n\t<div  class=\"wpb_single_image wpb_content_element vc_align_left wpb_content_element\">\n\t\t\n\t\t<figure class=\"wpb_wrapper vc_figure\">\n\t\t\t<div class=\"vc_single_image-wrapper   vc_box_border_grey\"><img loading=\"lazy\" decoding=\"async\" data-vc-zoom=\"https:\/\/monocrom.com\/wp-content\/uploads\/2023\/12\/heat-me-graph-e1706004175528.jpg\" width=\"758\" height=\"356\" src=\"https:\/\/monocrom.com\/wp-content\/uploads\/2023\/12\/heat-me-graph-e1706004175528.jpg\" class=\"vc_single_image-img attachment-full\" alt=\"Calentarme Gr\u00e1fico\" title=\"Calentarme Gr\u00e1fico\" srcset=\"https:\/\/monocrom.com\/wp-content\/uploads\/2023\/12\/heat-me-graph-e1706004175528.jpg 758w, https:\/\/monocrom.com\/wp-content\/uploads\/2023\/12\/heat-me-graph-e1706004175528-300x141.jpg 300w, https:\/\/monocrom.com\/wp-content\/uploads\/2023\/12\/heat-me-graph-e1706004175528-320x150.jpg 320w, https:\/\/monocrom.com\/wp-content\/uploads\/2023\/12\/heat-me-graph-e1706004175528-480x225.jpg 480w, https:\/\/monocrom.com\/wp-content\/uploads\/2023\/12\/heat-me-graph-e1706004175528-600x282.jpg 600w\" sizes=\"auto, (max-width: 758px) 100vw, 758px\" \/><\/div>\n\t\t<\/figure>\n\t<\/div>\n<\/div><\/div><\/div><\/div>\n<\/div>","protected":false},"excerpt":{"rendered":"HeatMe Edge-emitting Solution for Industrial Heating Direct diode solution allowing you controlling your Industrial heating application more accurately. Controlling each and every part of the HeatMe\u00a0module independently enabling much more","protected":false},"author":16,"featured_media":10623,"parent":7497,"menu_order":0,"comment_status":"closed","ping_status":"closed","template":"","meta":{"_acf_changed":false,"footnotes":""},"class_list":["post-9083","page","type-page","status-publish","has-post-thumbnail","hentry"],"acf":[],"_links":{"self":[{"href":"https:\/\/monocrom.com\/es\/wp-json\/wp\/v2\/pages\/9083","targetHints":{"allow":["GET"]}}],"collection":[{"href":"https:\/\/monocrom.com\/es\/wp-json\/wp\/v2\/pages"}],"about":[{"href":"https:\/\/monocrom.com\/es\/wp-json\/wp\/v2\/types\/page"}],"author":[{"embeddable":true,"href":"https:\/\/monocrom.com\/es\/wp-json\/wp\/v2\/users\/16"}],"replies":[{"embeddable":true,"href":"https:\/\/monocrom.com\/es\/wp-json\/wp\/v2\/comments?post=9083"}],"version-history":[{"count":0,"href":"https:\/\/monocrom.com\/es\/wp-json\/wp\/v2\/pages\/9083\/revisions"}],"up":[{"embeddable":true,"href":"https:\/\/monocrom.com\/es\/wp-json\/wp\/v2\/pages\/7497"}],"wp:featuredmedia":[{"embeddable":true,"href":"https:\/\/monocrom.com\/es\/wp-json\/wp\/v2\/media\/10623"}],"wp:attachment":[{"href":"https:\/\/monocrom.com\/es\/wp-json\/wp\/v2\/media?parent=9083"}],"curies":[{"name":"wp","href":"https:\/\/api.w.org\/{rel}","templated":true}]}}