{"id":10107,"date":"2024-03-12T13:10:29","date_gmt":"2024-03-12T13:10:29","guid":{"rendered":"http:\/\/monocrom.com\/?post_type=product&#038;p=10107"},"modified":"2025-07-30T10:51:10","modified_gmt":"2025-07-30T10:51:10","slug":"serie-ciom","status":"publish","type":"product","link":"https:\/\/monocrom.com\/es\/product\/ciom-series\/","title":{"rendered":"Serie CiOM"},"content":{"rendered":"<div class=\"wpb_text_column wpb_content_element\">\n<div class=\"wpb_wrapper\">\n<h2><span style=\"color: #3366ff;\"><a style=\"color: #3366ff;\" href=\"https:\/\/monocrom.com\/es\/mercados\/investigacion\/\" target=\"_blank\" rel=\"noopener\">L\u00e1seres cient\u00edficos para investigaci\u00f3n<\/a><\/span><\/h2>\n<h4><span style=\"color: #3366ff;\"><a style=\"color: #3366ff;\" href=\"https:\/\/monocrom.com\/es\/mercados\/investigacion\/\">Apoyo a la ciencia de vanguardia<\/a><\/span><\/h4>\n<p>&nbsp;<\/p>\n<h3 class=\"contact-page-title\"><span style=\"font-size: 16px;\">CiOM S1<\/span><\/h3>\n<\/div>\n<\/div>\n<div class=\"wpb_text_column wpb_content_element\">\n<div class=\"wpb_wrapper\">\n<div class=\"wpb_text_column wpb_content_element\">\n<div class=\"wpb_wrapper\">\n<div class=\"wpb_text_column wpb_content_element\">\n<div class=\"wpb_wrapper\">\n<div class=\"wpb_text_column wpb_content_element\">\n<div class=\"wpb_wrapper\">\n<p>En\u00a0<strong>CiOM S1<\/strong>\u00a0es un l\u00e1ser compacto de estado s\u00f3lido bombeado por diodo basado en Nd:YLF que ofrece una salida de doble longitud de onda para aplicaciones cient\u00edficas. Ambas longitudes de onda, la fundamental (1053 nm) y la segunda arm\u00f3nica (526,5 nm) son utilizables al mismo tiempo permitiendo ejecutar el proceso con una de las longitudes de onda y monitorizarlo con la segunda.<\/p>\n<\/div>\n<\/div>\n<div class=\"vc_empty_space\"><\/div>\n<div class=\"wpb_text_column wpb_content_element\">\n<div class=\"wpb_wrapper\">\n<p>Las especificaciones clave son una longitud de pulso de unos 80-100 ns y energ\u00edas de pulso de hasta 350 \u00b5J y 150 \u00b5J para el fundamental y el segundo arm\u00f3nico, respectivamente. La frecuencia de repetici\u00f3n de dise\u00f1o es de 8 - 12 kHz y puede funcionar con cualquier frecuencia de repetici\u00f3n de 2 - 20 kHz.<\/p>\n<\/div>\n<\/div>\n<div class=\"vc_empty_space\"><\/div>\n<div class=\"wpb_text_column wpb_content_element\">\n<div class=\"wpb_wrapper\">\n<p>Las caracter\u00edsticas de dise\u00f1o optomec\u00e1nico compacto y robusto del CiOM S1 permiten un funcionamiento estable del l\u00e1ser en entornos dif\u00edciles.<\/p>\n<\/div>\n<\/div>\n<\/div>\n<\/div>\n<div class=\"vc_empty_space\"><\/div>\n<div><span style=\"color: #3366ff;\"><a style=\"color: #3366ff;\" href=\"https:\/\/monocrom.com\/wp-admin\/admin-ajax.php?action=frm_forms_preview&amp;form=ciom-s12&amp;theme=1\" target=\"_blank\" rel=\"noopener\">CiOM S1<\/a><\/span><span style=\"color: #000000;\"><a style=\"color: #000000;\" href=\"https:\/\/monocrom.com\/wp-content\/uploads\/2023\/10\/DS-Monocrom-CiOM-S1-1.pdf\" target=\"_blank\" rel=\"noopener\"> ficha t\u00e9cnica<\/a><\/span><\/div>\n<div><\/div>\n<\/div>\n<\/div>\n<div class=\"wpb_text_column wpb_content_element vc_custom_1618921422097\">\n<div class=\"wpb_wrapper\"><\/div>\n<\/div>\n<\/div>\n<\/div>\n<p>&nbsp;<\/p>\n<h3 class=\"contact-page-title\"><span style=\"font-size: 16px;\">CiOM S2<\/span><\/h3>\n<div class=\"wpb_text_column wpb_content_element\">\n<div class=\"wpb_wrapper\">\n<div class=\"wpb_text_column wpb_content_element\">\n<div class=\"wpb_wrapper\">\n<p>En <strong>CiOM S2<\/strong> es nuestro caballo de batalla en formato compacto con etapa de tercer arm\u00f3nico integrada. El sistema ofrece energ\u00edas de impulso de hasta 6 mJ en unos 10 ns con velocidades de repetici\u00f3n de hasta 10 kHz. Confiamos en nuestros propios m\u00f3dulos de ganancia que se utilizan en el interior del resonador y la etapa amplificadora, que se basan en montajes de diodos l\u00e1ser sin soldadura.<\/p>\n<\/div>\n<\/div>\n<div class=\"vc_empty_space\"><\/div>\n<div class=\"wpb_text_column wpb_content_element\">\n<div class=\"wpb_wrapper\">\n<p>Gracias a su alto rendimiento, como la distribuci\u00f3n homog\u00e9nea de la luz de bombeo y la excelente capacidad de refrigeraci\u00f3n del CiOM S2, el uso de diodos l\u00e1ser de estado s\u00f3lido para el bombeo reduce significativamente los costes de mantenimiento y proporciona una larga vida \u00fatil del l\u00e1ser. Nuestra tecnolog\u00eda de montaje garantiza un sistema duradero y estable, ya que evitamos cualquier efecto sonrisa en nuestros diodos.<\/p>\n<\/div>\n<\/div>\n<div class=\"vc_empty_space\"><\/div>\n<div class=\"wpb_text_column wpb_content_element\">\n<div class=\"wpb_wrapper\">\n<p>El objetivo principal de esta fuente l\u00e1ser es el bombeo de l\u00e1seres de colorante, pero tambi\u00e9n puede utilizarse para cualquier otra aplicaci\u00f3n que requiera mucha energ\u00eda.<\/p>\n<\/div>\n<\/div>\n<\/div>\n<\/div>\n<div class=\"vc_empty_space\"><\/div>\n<div><span style=\"color: #3366ff;\"><a style=\"color: #3366ff;\" href=\"https:\/\/monocrom.com\/wp-admin\/admin-ajax.php?action=frm_forms_preview&amp;form=CiOM-S2&amp;theme=1\" target=\"_blank\" rel=\"noopener\">CiOM S2 <\/a><\/span><a href=\"https:\/\/monocrom.com\/wp-admin\/admin-ajax.php?action=frm_forms_preview&amp;form=CiOM-S2&amp;theme=1\" target=\"_blank\" rel=\"noopener\">ficha t\u00e9cnica<\/a><\/div>\n<div><\/div>\n<div><\/div>\n<p>&nbsp;<\/p>\n<h3 class=\"contact-page-title\"><span style=\"font-size: 16px;\">CiOM S3<\/span><\/h3>\n<div class=\"wpb_text_column wpb_content_element\">\n<div class=\"wpb_wrapper\">\n<div class=\"wpb_text_column wpb_content_element\">\n<div class=\"wpb_wrapper\">\n<p>En <strong>CiOM S3<\/strong> es un sistema l\u00e1ser de estado s\u00f3lido basado en Nd:YLF con conmutaci\u00f3n de q y bombeado por diodo con generaci\u00f3n integrada del tercer arm\u00f3nico. Est\u00e1 disponible en versi\u00f3n de espacio libre o acoplado a fibra y proporciona hasta 2 W de potencia media en 351 nm. El resonador se basa en nuestros m\u00f3dulos de ganancia de fabricaci\u00f3n propia, que utilizan una tecnolog\u00eda de sujeci\u00f3n de barras l\u00e1ser sin soldadura para lograr una distribuci\u00f3n homog\u00e9nea de la luz de bombeo y una larga vida \u00fatil de los diodos.<\/p>\n<\/div>\n<\/div>\n<div class=\"vc_empty_space\"><\/div>\n<div class=\"wpb_text_column wpb_content_element\">\n<div class=\"wpb_wrapper\">\n<p>Estos factores son esenciales para todos nuestros l\u00e1seres cient\u00edficos y, por tanto, conducir\u00e1n a unas condiciones operativas estables.  CiOM S3 ofrece energ\u00edas de pulso de m\u00e1s de 500 \u00b5J a su frecuencia de dise\u00f1o de 3 kHz con duraciones de pulso inferiores a 100 ns.<\/p>\n<\/div>\n<\/div>\n<\/div>\n<\/div>\n<div class=\"vc_empty_space\"><\/div>\n<p><a title=\"CiOM 3\" href=\"https:\/\/monocrom.com\/wp-admin\/admin-ajax.php?action=frm_forms_preview&amp;form=CiOM-S3&amp;theme=1\"><span style=\"color: #3366ff;\">CiOM S3 <span style=\"color: #000000;\">ficha t\u00e9cnica<\/span><\/span><\/a><\/p>\n<p>&nbsp;<\/p>\n<p>&nbsp;<\/p>\n<h3 class=\"contact-page-title\"><span style=\"font-size: 16px;\">Selecci\u00f3n CiOM<\/span><\/h3>\n<div class=\"wpb_text_column wpb_content_element\">\n<div class=\"wpb_wrapper\">\n<div class=\"wpb_text_column wpb_content_element\">\n<div class=\"wpb_wrapper\">\n<p>Monocrom CiOM se basa en nuestro sistema l\u00e1ser CiOM S3 y ofrece una opci\u00f3n adicional de selecci\u00f3n de longitud de onda. Combina en una fuente l\u00e1ser una longitud de onda fundamental (1053 nm), una segunda arm\u00f3nica (526,5 nm) y una tercera arm\u00f3nica (351 nm) accesibles para los experimentos. Gracias a su mecanismo interno de selecci\u00f3n de longitud de onda, las tres longitudes de onda tienen la misma orientaci\u00f3n de polarizaci\u00f3n y utilizan la misma ventana de salida.<\/p>\n<\/div>\n<\/div>\n<div class=\"vc_empty_space\"><\/div>\n<div class=\"wpb_text_column wpb_content_element\">\n<div class=\"wpb_wrapper\">\n<p>Las duraciones de pulso de 50 ns son s\u00f3lo la mitad que las del CiOM S3 y tambi\u00e9n pudimos aumentar las energ\u00edas de pulso disponibles. Para conseguir una buena calidad del haz y una elevada estabilidad de energ\u00eda y de punter\u00eda, utilizamos m\u00f3dulos de ganancia de fabricaci\u00f3n propia basados en una tecnolog\u00eda de montaje de diodos l\u00e1ser sin soldaduras. Esta tecnolog\u00eda permite generar una distribuci\u00f3n de bombeo equitativa en la varilla l\u00e1ser utilizada y minimizar el coste de mantenimiento gracias a su larga vida \u00fatil del diodo.<\/p>\n<\/div>\n<\/div>\n<\/div>\n<\/div>\n<div class=\"vc_empty_space\"><\/div>\n<p><a href=\"https:\/\/monocrom.com\/wp-admin\/admin-ajax.php?action=frm_forms_preview&amp;form=CiOM-Select&amp;theme=1\" target=\"_blank\" rel=\"noopener\"><span style=\"color: #3366ff;\">Selecci\u00f3n CiOM<span style=\"color: #000000;\"> ficha t\u00e9cnica<\/span><\/span><\/a><\/p>\n<div class=\"wpb_text_column wpb_content_element vc_custom_1618921347809\">\n<div class=\"wpb_wrapper\"><\/div>\n<\/div>","protected":false},"excerpt":{"rendered":"<div class=\"wpb_text_column wpb_content_element\">\n<div class=\"wpb_wrapper\">\n<div class=\"wpb_text_column wpb_content_element\">\n<div class=\"wpb_wrapper\">\n<div class=\"wpb_text_column wpb_content_element\">\n<div class=\"wpb_wrapper\">\n<p><span style=\"color: #3366ff;\"><a style=\"color: #3366ff;\" href=\"https:\/\/monocrom.com\/es\/mercados\/investigacion\/\" target=\"_blank\" rel=\"noopener\">Serie CiOM<\/a><\/span><\/p>\n<p>Los productos MONOCROM se utilizan ampliamente y con \u00e9xito para aplicaciones cient\u00edficas en investigaci\u00f3n fundamental (f\u00edsica, qu\u00edmica, biolog\u00eda). Fabricamos una amplia selecci\u00f3n de l\u00e1seres cient\u00edficos de estado s\u00f3lido basados en diodos y productos relacionados para<span style=\"color: #3366ff;\">\u00a0<\/span><strong><span style=\"color: #3366ff;\"><a style=\"color: #3366ff;\" href=\"https:\/\/monocrom.com\/es\/mercados\/investigacion\/espectroscopia\/\" target=\"_blank\" rel=\"noopener\">Espectroscopia<\/a>,\u00a0<a style=\"color: #3366ff;\" href=\"https:\/\/monocrom.com\/es\/mercados\/investigacion\/interferometria\/\" target=\"_blank\" rel=\"noopener\">Interferometr\u00eda<\/a>\u00a0y\u00a0<\/span><a href=\"https:\/\/monocrom.com\/es\/mercados\/industrial\/bombeo-optico\/\" target=\"_blank\" rel=\"noopener\"><span style=\"color: #3366ff;\">Bombeo \u00f3ptico<\/span><\/a>\u00a0<\/strong>y tambi\u00e9n pueden utilizarse para otras aplicaciones. Estos l\u00e1seres cumplen especificaciones t\u00e9cnicas especialmente especiales y exigentes como las que requiere la investigaci\u00f3n cient\u00edfica.<\/p>\n<\/div>\n<\/div>\n<div class=\"vc_empty_space\">MONOCROM ofrece tecnolog\u00eda l\u00e1ser de estado s\u00f3lido en onda continua o pulsada, ultra alta energ\u00eda o baja energ\u00eda, apuntamiento del haz ultra estable o cualquier combinaci\u00f3n de caracter\u00edsticas necesarias para la investigaci\u00f3n cient\u00edfica.<\/div>\n<\/div>\n<\/div>\n<\/div>\n<\/div>","protected":false},"featured_media":7900,"template":"","meta":{"_acf_changed":false},"product_brand":[],"product_cat":[246,472,245],"product_tag":[473,477,475,476,474],"class_list":{"0":"post-10107","1":"product","2":"type-product","3":"status-publish","4":"has-post-thumbnail","6":"product_cat-laser-modules","7":"product_cat-ciom-series","8":"product_cat-diode-pumped-solid-state-lasers","9":"product_tag-ciom","10":"product_tag-ciom-s2","11":"product_tag-ciom-s3","12":"product_tag-ciom-select","13":"product_tag-solid-state-laser","15":"first","16":"instock","17":"featured","18":"shipping-taxable","19":"product-type-simple"},"acf":[],"_links":{"self":[{"href":"https:\/\/monocrom.com\/es\/wp-json\/wp\/v2\/product\/10107","targetHints":{"allow":["GET"]}}],"collection":[{"href":"https:\/\/monocrom.com\/es\/wp-json\/wp\/v2\/product"}],"about":[{"href":"https:\/\/monocrom.com\/es\/wp-json\/wp\/v2\/types\/product"}],"wp:featuredmedia":[{"embeddable":true,"href":"https:\/\/monocrom.com\/es\/wp-json\/wp\/v2\/media\/7900"}],"wp:attachment":[{"href":"https:\/\/monocrom.com\/es\/wp-json\/wp\/v2\/media?parent=10107"}],"wp:term":[{"taxonomy":"product_brand","embeddable":true,"href":"https:\/\/monocrom.com\/es\/wp-json\/wp\/v2\/product_brand?post=10107"},{"taxonomy":"product_cat","embeddable":true,"href":"https:\/\/monocrom.com\/es\/wp-json\/wp\/v2\/product_cat?post=10107"},{"taxonomy":"product_tag","embeddable":true,"href":"https:\/\/monocrom.com\/es\/wp-json\/wp\/v2\/product_tag?post=10107"}],"curies":[{"name":"wp","href":"https:\/\/api.w.org\/{rel}","templated":true}]}}