{"id":10251,"date":"2024-04-15T13:35:43","date_gmt":"2024-04-15T13:35:43","guid":{"rendered":"http:\/\/monocrom.com\/?post_type=product&#038;p=10251"},"modified":"2024-07-23T12:50:59","modified_gmt":"2024-07-23T12:50:59","slug":"heatme","status":"publish","type":"product","link":"https:\/\/monocrom.com\/es\/product\/heatme\/","title":{"rendered":"HeatMe"},"content":{"rendered":"<div class=\"wpb-content-wrapper\"><div class=\"wpb_text_column wpb_content_element\">\n<div class=\"wpb_wrapper\">\n<div class=\"vc_row wpb_row vc_row-fluid\">\n<div class=\"wpb_column vc_column_container vc_col-sm-12\">\n<div class=\"vc_column-inner\">\n<div class=\"wpb_wrapper\">\n<div class=\"vc_row wpb_row vc_inner vc_row-fluid\">\n<div class=\"wpb_column vc_column_container vc_col-sm-12\">\n<div class=\"vc_column-inner\">\n<div class=\"wpb_wrapper\">\n<div class=\"vc_separator wpb_content_element vc_separator_align_center vc_sep_width_100 vc_sep_pos_align_center vc_separator_no_text vc_sep_color_grey\"><\/div>\n<\/div>\n<\/div>\n<\/div>\n<\/div>\n<div class=\"vc_row wpb_row vc_inner vc_row-fluid\">\n<div class=\"wpb_column vc_column_container vc_col-sm-6\">\n<div class=\"vc_column-inner\">\n<div class=\"wpb_wrapper\">\n<div class=\"wpb_single_image wpb_content_element vc_align_left\">\n<figure class=\"wpb_wrapper vc_figure\">\n<div class=\"vc_single_image-wrapper vc_box_border_grey\"><img loading=\"lazy\" decoding=\"async\" class=\"vc_single_image-img attachment-full\" title=\"Folleto HeatMe-2\" src=\"https:\/\/monocrom.com\/wp-content\/uploads\/2023\/12\/HeatMe-brochure-2.jpg\" sizes=\"auto, (max-width: 1083px) 100vw, 1083px\" srcset=\"https:\/\/monocrom.com\/wp-content\/uploads\/2023\/12\/HeatMe-brochure-2.jpg 1083w, https:\/\/monocrom.com\/wp-content\/uploads\/2023\/12\/HeatMe-brochure-2-300x285.jpg 300w, https:\/\/monocrom.com\/wp-content\/uploads\/2023\/12\/HeatMe-brochure-2-1024x973.jpg 1024w, https:\/\/monocrom.com\/wp-content\/uploads\/2023\/12\/HeatMe-brochure-2-768x730.jpg 768w, https:\/\/monocrom.com\/wp-content\/uploads\/2023\/12\/HeatMe-brochure-2-320x304.jpg 320w, https:\/\/monocrom.com\/wp-content\/uploads\/2023\/12\/HeatMe-brochure-2-480x456.jpg 480w, https:\/\/monocrom.com\/wp-content\/uploads\/2023\/12\/HeatMe-brochure-2-800x760.jpg 800w, https:\/\/monocrom.com\/wp-content\/uploads\/2023\/12\/HeatMe-brochure-2-600x570.jpg 600w\" alt=\"HeatME\" width=\"1083\" height=\"1029\" \/><\/div>\n<\/figure>\n<\/div>\n<div class=\"vc_empty_space\"><\/div>\n<\/div>\n<\/div>\n<\/div>\n<div class=\"wpb_column vc_column_container vc_col-sm-6\">\n<div class=\"vc_column-inner\">\n<div class=\"wpb_wrapper\">\n<div class=\"wpb_text_column wpb_content_element\">\n<div class=\"wpb_wrapper\">\n<h2><img loading=\"lazy\" decoding=\"async\" class=\"alignnone size-full wp-image-9096\" src=\"https:\/\/monocrom.com\/wp-content\/uploads\/2023\/12\/icons8-circular-arrows-50.png\" alt=\"heat me circle\" width=\"50\" height=\"50\" \/>\u00a0 \u00a0 \u00a0 \u00a0 \u00a0Controlable y adaptable<\/h2>\n<p>&nbsp;<\/p>\n<h2><img loading=\"lazy\" decoding=\"async\" class=\"alignnone size-full wp-image-9103\" src=\"https:\/\/monocrom.com\/wp-content\/uploads\/2023\/12\/icons8-dollar-coins-68.png\" alt=\"calor rentable\" width=\"68\" height=\"68\" \/>\u00a0 \u00a0 \u00a0 \u00a0Rentable<\/h2>\n<p>&nbsp;<\/p>\n<h2><img loading=\"lazy\" decoding=\"async\" class=\"alignnone wp-image-9105\" src=\"https:\/\/monocrom.com\/wp-content\/uploads\/2023\/12\/icons8-settings-50.png\" alt=\"bajo mantenimiento\" width=\"59\" height=\"59\" \/>\u00a0 \u00a0 \u00a0 \u00a0 Bajo mantenimiento<\/h2>\n<p>&nbsp;<\/p>\n<h2><img loading=\"lazy\" decoding=\"async\" class=\"alignnone wp-image-9101\" src=\"https:\/\/monocrom.com\/wp-content\/uploads\/2023\/12\/icons8-business-network-80.png\" alt=\"\" width=\"59\" height=\"59\" \/>\u00a0 \u00a0 \u00a0 \u00a0 Protocolo Profinet o EtherCAT<\/h2>\n<p>&nbsp;<\/p>\n<h2><img loading=\"lazy\" decoding=\"async\" class=\"alignnone size-full wp-image-9104\" src=\"https:\/\/monocrom.com\/wp-content\/uploads\/2023\/12\/icons8-double-right-30.png\" alt=\"Modular Heatme\" width=\"30\" height=\"30\" \/>\u00a0 \u00a0 \u00a0 \u00a0 \u00a0 \u00a0 Modular<\/h2>\n<p>&nbsp;<\/p>\n<h2><img loading=\"lazy\" decoding=\"async\" class=\"alignnone size-full wp-image-9105\" src=\"https:\/\/monocrom.com\/wp-content\/uploads\/2023\/12\/icons8-settings-50.png\" alt=\"Optimizaci\u00f3n de la distancia de trabajo\" width=\"50\" height=\"50\" \/>\u00a0 \u00a0 \u00a0 \u00a0 \u00a0Optimizaci\u00f3n de la distancia de trabajo<\/h2>\n<\/div>\n<\/div>\n<div class=\"vc_empty_space\"><\/div>\n<\/div>\n<\/div>\n<\/div>\n<\/div>\n<\/div>\n<\/div>\n<\/div>\n<\/div>\n<div class=\"vc_row wpb_row vc_row-fluid\">\n<div class=\"wpb_column vc_column_container vc_col-sm-12\">\n<div class=\"vc_column-inner\">\n<div class=\"wpb_wrapper\">\n<div class=\"vc_row wpb_row vc_inner vc_row-fluid\">\n<div class=\"wpb_column vc_column_container vc_col-sm-12\">\n<div class=\"vc_column-inner\">\n<div class=\"wpb_wrapper\">\n<div class=\"vc_separator wpb_content_element vc_separator_align_center vc_sep_width_100 vc_sep_pos_align_center vc_separator_no_text vc_sep_color_grey\"><\/div>\n<\/div>\n<\/div>\n<\/div>\n<\/div>\n<div class=\"vc_row wpb_row vc_inner vc_row-fluid\">\n<div class=\"wpb_column vc_column_container vc_col-sm-6\">\n<div class=\"vc_column-inner\">\n<div class=\"wpb_wrapper\">\n<div class=\"wpb_text_column wpb_content_element\">\n<div class=\"wpb_wrapper\">\n<h4>Aplicaciones t\u00edpicas:<\/h4>\n<\/div>\n<\/div>\n<div class=\"wpb_text_column wpb_content_element\">\n<div class=\"wpb_wrapper\">\n<p>- Limpieza l\u00e1ser<br \/>\n- Secado l\u00e1ser<br \/>\n- Precalentamiento del l\u00e1ser<br \/>\n- Ablandamiento<br \/>\n- Endurecimiento<br \/>\n- Perfilado<br \/>\n- Spin-forming<\/p>\n<\/div>\n<\/div>\n<div class=\"vc_empty_space\"><\/div>\n<div class=\"wpb_text_column wpb_content_element\">\n<div class=\"wpb_wrapper\">\n<h4>Submontaje completo:<\/h4>\n<\/div>\n<\/div>\n<div class=\"wpb_text_column wpb_content_element\">\n<div class=\"wpb_wrapper\">\n<p>- Controlador l\u00e1ser y fuente de alimentaci\u00f3n<br \/>\n- Enfriador (opcional)<br \/>\n- PC de control (opcional)<\/p>\n<\/div>\n<\/div>\n<div class=\"vc_empty_space\"><\/div>\n<\/div>\n<\/div>\n<\/div>\n<div class=\"wpb_column vc_column_container vc_col-sm-6\">\n<div class=\"vc_column-inner\">\n<div class=\"wpb_wrapper\">\n<div class=\"wpb_single_image wpb_content_element vc_align_left\">\n<figure class=\"wpb_wrapper vc_figure\">\n<div class=\"vc_single_image-wrapper vc_box_border_grey\"><img loading=\"lazy\" decoding=\"async\" class=\"vc_single_image-img attachment-full\" title=\"Folleto HeatMe-1\" src=\"https:\/\/monocrom.com\/wp-content\/uploads\/2023\/12\/HeatMe-brochure-1.jpg\" sizes=\"auto, (max-width: 1083px) 100vw, 1083px\" srcset=\"https:\/\/monocrom.com\/wp-content\/uploads\/2023\/12\/HeatMe-brochure-1.jpg 1083w, https:\/\/monocrom.com\/wp-content\/uploads\/2023\/12\/HeatMe-brochure-1-300x285.jpg 300w, https:\/\/monocrom.com\/wp-content\/uploads\/2023\/12\/HeatMe-brochure-1-1024x973.jpg 1024w, https:\/\/monocrom.com\/wp-content\/uploads\/2023\/12\/HeatMe-brochure-1-768x730.jpg 768w, https:\/\/monocrom.com\/wp-content\/uploads\/2023\/12\/HeatMe-brochure-1-320x304.jpg 320w, https:\/\/monocrom.com\/wp-content\/uploads\/2023\/12\/HeatMe-brochure-1-480x456.jpg 480w, https:\/\/monocrom.com\/wp-content\/uploads\/2023\/12\/HeatMe-brochure-1-800x760.jpg 800w, https:\/\/monocrom.com\/wp-content\/uploads\/2023\/12\/HeatMe-brochure-1-600x570.jpg 600w\" alt=\"HeatME\" width=\"1083\" height=\"1029\" \/><\/div>\n<\/figure>\n<\/div>\n<div class=\"vc_empty_space\"><\/div>\n<\/div>\n<\/div>\n<\/div>\n<\/div>\n<\/div>\n<\/div>\n<\/div>\n<\/div>\n<div class=\"vc_row wpb_row vc_row-fluid\">\n<div class=\"wpb_column vc_column_container vc_col-sm-12\">\n<div class=\"vc_column-inner\">\n<div class=\"wpb_wrapper\">\n<div class=\"wpb_text_column wpb_content_element\">\n<div class=\"wpb_wrapper\">\n<h2>Especificaciones de alto nivel<\/h2>\n<\/div>\n<\/div>\n<\/div>\n<\/div>\n<\/div>\n<\/div>\n<div class=\"vc_row wpb_row vc_row-fluid\">\n<div class=\"wpb_column vc_column_container vc_col-sm-6\">\n<div class=\"vc_column-inner\">\n<div class=\"wpb_wrapper\">\n<div class=\"wpb_single_image wpb_content_element vc_align_left\">\n<figure class=\"wpb_wrapper vc_figure\">\n<div class=\"vc_single_image-wrapper vc_box_border_grey\">\n<div class=\"vc-zoom-wrapper\"><img loading=\"lazy\" decoding=\"async\" class=\"vc_single_image-img attachment-full\" title=\"Mesa HeatMe\" src=\"https:\/\/monocrom.com\/wp-content\/uploads\/2023\/12\/HeatMe-table.jpg\" sizes=\"auto, (max-width: 926px) 100vw, 926px\" srcset=\"https:\/\/monocrom.com\/wp-content\/uploads\/2023\/12\/HeatMe-table.jpg 926w, https:\/\/monocrom.com\/wp-content\/uploads\/2023\/12\/HeatMe-table-300x280.jpg 300w, https:\/\/monocrom.com\/wp-content\/uploads\/2023\/12\/HeatMe-table-768x717.jpg 768w, https:\/\/monocrom.com\/wp-content\/uploads\/2023\/12\/HeatMe-table-320x299.jpg 320w, https:\/\/monocrom.com\/wp-content\/uploads\/2023\/12\/HeatMe-table-480x448.jpg 480w, https:\/\/monocrom.com\/wp-content\/uploads\/2023\/12\/HeatMe-table-800x746.jpg 800w, https:\/\/monocrom.com\/wp-content\/uploads\/2023\/12\/HeatMe-table-600x560.jpg 600w\" alt=\"Mesa HeatMe\" width=\"926\" height=\"864\" \/><img decoding=\"async\" class=\"zoomImg\" role=\"presentation\" src=\"https:\/\/monocrom.com\/wp-content\/uploads\/2023\/12\/HeatMe-table.jpg\" alt=\"\" \/><\/div>\n<\/div>\n<\/figure>\n<\/div>\n<\/div>\n<\/div>\n<\/div>\n<div class=\"wpb_column vc_column_container vc_col-sm-6\">\n<div class=\"vc_column-inner\">\n<div class=\"wpb_wrapper\">\n<div class=\"wpb_single_image wpb_content_element vc_align_left\">\n<figure class=\"wpb_wrapper vc_figure\">\n<div class=\"vc_single_image-wrapper vc_box_border_grey\">\n<div class=\"vc-zoom-wrapper\"><img loading=\"lazy\" decoding=\"async\" class=\"vc_single_image-img attachment-full\" title=\"Calentarme Gr\u00e1fico\" src=\"https:\/\/monocrom.com\/wp-content\/uploads\/2023\/12\/heat-me-graph-e1706004175528.jpg\" sizes=\"auto, (max-width: 758px) 100vw, 758px\" srcset=\"https:\/\/monocrom.com\/wp-content\/uploads\/2023\/12\/heat-me-graph-e1706004175528.jpg 758w, https:\/\/monocrom.com\/wp-content\/uploads\/2023\/12\/heat-me-graph-e1706004175528-300x141.jpg 300w, https:\/\/monocrom.com\/wp-content\/uploads\/2023\/12\/heat-me-graph-e1706004175528-320x150.jpg 320w, https:\/\/monocrom.com\/wp-content\/uploads\/2023\/12\/heat-me-graph-e1706004175528-480x225.jpg 480w, https:\/\/monocrom.com\/wp-content\/uploads\/2023\/12\/heat-me-graph-e1706004175528-600x282.jpg 600w\" alt=\"Calentarme Gr\u00e1fico\" width=\"758\" height=\"356\" \/><img decoding=\"async\" class=\"zoomImg\" role=\"presentation\" src=\"https:\/\/monocrom.com\/wp-content\/uploads\/2023\/12\/heat-me-graph-e1706004175528.jpg\" alt=\"\" \/><\/div>\n<\/div>\n<\/figure>\n<\/div>\n<\/div>\n<\/div>\n<\/div>\n<\/div>\n<\/div>\n<\/div>\n<div class=\"wpb_text_column wpb_content_element\">\n<div class=\"wpb_wrapper\"><\/div>\n<\/div>\n<\/div>","protected":false},"excerpt":{"rendered":"<div class=\"wpb_text_column wpb_content_element\">\n<div class=\"wpb_wrapper\">\n<div class=\"wpb_text_column wpb_content_element\">\n<div class=\"wpb_wrapper\">\n<h2>Soluci\u00f3n para calefacci\u00f3n industrial<\/h2>\n<\/div>\n<\/div>\n<div class=\"wpb_text_column wpb_content_element\">\n<div class=\"wpb_wrapper\">\n<p>Soluci\u00f3n de diodo directo que le permite controlar su aplicaci\u00f3n de calefacci\u00f3n industrial con mayor precisi\u00f3n.<\/p>\n<p>Controlar todas y cada una de las partes del\u00a0<strong>HeatMe<\/strong>\u00a0de forma independiente, lo que permite mucha m\u00e1s flexibilidad con el material objetivo.<br \/>\nEsta soluci\u00f3n rentable es la pr\u00f3xima evoluci\u00f3n en aplicaciones de tratamiento t\u00e9rmico, ya que proporciona una fuente de calor de \u00faltima generaci\u00f3n, escalable y flexible, que puede optimizarse seg\u00fan las necesidades de su aplicaci\u00f3n.<\/p>\n<p>&nbsp;<\/p>\n<p><span style=\"color: #3366ff;\"><a style=\"color: #3366ff;\" href=\"https:\/\/monocrom.com\/wp-admin\/admin-ajax.php?action=frm_forms_preview&amp;form=Monocrom-HeatMe-brochure&amp;theme=1\" target=\"_blank\" rel=\"noopener\">descargar folleto - Heatme \u276f<\/a><\/span><\/p>\n<\/div>\n<\/div>\n<\/div>\n<\/div>","protected":false},"featured_media":9089,"template":"","meta":{"_acf_changed":false},"product_brand":[],"product_cat":[246,93,65],"product_tag":[499,501,500,502,503],"class_list":{"0":"post-10251","1":"product","2":"type-product","3":"status-publish","4":"has-post-thumbnail","6":"product_cat-laser-modules","7":"product_cat-diode-lasers","8":"product_cat-direct-diode-lasers","9":"product_tag-direct-diode","10":"product_tag-heat-me","11":"product_tag-heatme","12":"product_tag-industrial","13":"product_tag-industrial-heating","14":"pa_aerospace-defense-lidar-laser-technology","15":"pa_aerospace-defense-optical-pumping","16":"pa_medical-aesthetics-aesthetics-dermatology","17":"pa_medical-aesthetics-ophtalmology","18":"pa_medical-aesthetics-photodynamic-therapy","19":"pa_medical-aesthetics-spectroscopy","20":"pa_medical-aesthetics-urology","21":"pa_research-interferometry","22":"pa_research-optical-pumping","24":"first","25":"instock","26":"shipping-taxable","27":"product-type-simple"},"acf":[],"_links":{"self":[{"href":"https:\/\/monocrom.com\/es\/wp-json\/wp\/v2\/product\/10251","targetHints":{"allow":["GET"]}}],"collection":[{"href":"https:\/\/monocrom.com\/es\/wp-json\/wp\/v2\/product"}],"about":[{"href":"https:\/\/monocrom.com\/es\/wp-json\/wp\/v2\/types\/product"}],"wp:featuredmedia":[{"embeddable":true,"href":"https:\/\/monocrom.com\/es\/wp-json\/wp\/v2\/media\/9089"}],"wp:attachment":[{"href":"https:\/\/monocrom.com\/es\/wp-json\/wp\/v2\/media?parent=10251"}],"wp:term":[{"taxonomy":"product_brand","embeddable":true,"href":"https:\/\/monocrom.com\/es\/wp-json\/wp\/v2\/product_brand?post=10251"},{"taxonomy":"product_cat","embeddable":true,"href":"https:\/\/monocrom.com\/es\/wp-json\/wp\/v2\/product_cat?post=10251"},{"taxonomy":"product_tag","embeddable":true,"href":"https:\/\/monocrom.com\/es\/wp-json\/wp\/v2\/product_tag?post=10251"}],"curies":[{"name":"wp","href":"https:\/\/api.w.org\/{rel}","templated":true}]}}