{"id":6366,"date":"2023-10-03T12:55:57","date_gmt":"2023-10-03T12:55:57","guid":{"rendered":"http:\/\/monocrom.com\/?post_type=product&#038;p=6366"},"modified":"2025-09-09T07:02:22","modified_gmt":"2025-09-09T07:02:22","slug":"emisores-unicos","status":"publish","type":"product","link":"https:\/\/monocrom.com\/es\/product\/single-emitters\/","title":{"rendered":"Single emitters"},"content":{"rendered":"\n<div class=\"wpdt-c wdt-skin-raspberry-cream\">\n    \n\n    <div class=\"wpDataTables wpDataTablesFilter wpDataTablesWrapper wdt-skin-raspberry-cream data-t\"\n         data-wpdatatable_id=\"14\">\n        <div id=\"filterBox_table_1\" class=\"wpDataTableFilterBox\">\n                                                                                                        <div class=\"wpDataTableFilterSection\"\n                         id=\"table_1_2_filter_sections\">\n                        <label>Output Power (mW)                            :<\/label>\n                        <div id=\"table_1_2_filter\"><\/div>\n                    <\/div>\n                                                                                                                                <div class=\"wpDataTableFilterSection\" id=\"wdt-clear-filters-button-block\">\n                    <button class=\"button btn wdt-clear-filters-button\"\n                            aria-label=\"Clear filters\" role=\"button\"\n                            data-table_id= table_1>Clear filters<\/button>\n                <\/div>\n                                <\/div>\n    <\/div>\n    <input type=\"hidden\" id=\"wdtNonceFrontendServerSide_14\" name=\"wdtNonceFrontendServerSide_14\" value=\"7bdaf8241a\" \/><input type=\"hidden\" name=\"_wp_http_referer\" value=\"\/es\/wp-json\/wp\/v2\/product\/6366\" \/>    <input type=\"hidden\" id=\"table_1_desc\"\n           value='{\"tableId\":\"table_1\",\"tableType\":\"manual\",\"selector\":\"#table_1\",\"responsive\":false,\"responsiveAction\":\"icon\",\"editable\":false,\"inlineEditing\":false,\"infoBlock\":true,\"pagination_top\":0,\"pagination\":1,\"paginationAlign\":\"right\",\"paginationLayout\":\"full_numbers\",\"paginationLayoutMobile\":\"simple\",\"file_location\":\"\",\"tableSkin\":\"raspberry-cream\",\"table_wcag\":0,\"simple_template_id\":0,\"scrollable\":false,\"fixedLayout\":true,\"globalSearch\":false,\"showRowsPerPage\":false,\"popoverTools\":false,\"loader\":\"1\",\"showCartInformation\":1,\"hideBeforeLoad\":false,\"number_format\":1,\"decimalPlaces\":2,\"spinnerSrc\":\"https:\\\/\\\/monocrom.com\\\/wp-content\\\/plugins\\\/wpdatatables\\\/assets\\\/\\\/img\\\/spinner.gif\",\"index_column\":0,\"groupingEnabled\":false,\"tableWpId\":14,\"dataTableParams\":{\"sDom\":\"BT\\u003C\\u0027clear\\u0027\\u003Etip\",\"bSortCellsTop\":false,\"bFilter\":true,\"bPaginate\":true,\"sPaginationType\":\"full_numbers\",\"aLengthMenu\":[[1,5,10,25,50,100,-1],[1,5,10,25,50,100,\"All\"]],\"iDisplayLength\":10,\"columnDefs\":[{\"sType\":\"formatted-num\",\"wdtType\":\"int\",\"bVisible\":false,\"orderable\":true,\"searchable\":true,\"InputType\":\"text\",\"name\":\"wdt_ID\",\"origHeader\":\"wdt_ID\",\"notNull\":false,\"conditionalFormattingRules\":[],\"transformValueRules\":\"\",\"className\":\"numdata integer  column-wdt_id\",\"aTargets\":[0]},{\"sType\":\"string\",\"wdtType\":\"string\",\"bVisible\":true,\"orderable\":true,\"searchable\":true,\"InputType\":\"text\",\"name\":\"wavelengthnm\",\"origHeader\":\"wavelengthnm\",\"notNull\":false,\"conditionalFormattingRules\":[],\"transformValueRules\":\"\",\"className\":\" column-wavelengthnm\",\"aTargets\":[1]},{\"sType\":\"string\",\"wdtType\":\"string\",\"bVisible\":true,\"orderable\":true,\"searchable\":true,\"InputType\":\"text\",\"name\":\"outputpowermw\",\"origHeader\":\"outputpowermw\",\"notNull\":false,\"conditionalFormattingRules\":[],\"transformValueRules\":\"\",\"className\":\" column-outputpowermw\",\"aTargets\":[2]},{\"sType\":\"string\",\"wdtType\":\"string\",\"bVisible\":true,\"orderable\":true,\"searchable\":true,\"InputType\":\"text\",\"name\":\"optics\",\"origHeader\":\"optics\",\"notNull\":false,\"conditionalFormattingRules\":[],\"transformValueRules\":\"\",\"className\":\" column-optics\",\"aTargets\":[3]},{\"sType\":\"string\",\"wdtType\":\"string\",\"bVisible\":true,\"orderable\":true,\"searchable\":true,\"InputType\":\"text\",\"name\":\"comments\",\"origHeader\":\"comments\",\"notNull\":false,\"conditionalFormattingRules\":[],\"transformValueRules\":\"\",\"className\":\" column-comments\",\"aTargets\":[4]},{\"sType\":\"string\",\"wdtType\":\"string\",\"bVisible\":true,\"orderable\":true,\"searchable\":true,\"InputType\":\"text\",\"name\":\"datasheet\",\"origHeader\":\"datasheet\",\"notNull\":false,\"conditionalFormattingRules\":[],\"transformValueRules\":\"\",\"className\":\" column-datasheet\",\"sWidth\":\"-60\",\"aTargets\":[5]}],\"bAutoWidth\":false,\"order\":[[0,\"asc\"]],\"ordering\":true,\"fixedHeader\":{\"header\":true,\"headerOffset\":50},\"fixedColumns\":false,\"buttons\":[{\"extend\":\"print\",\"exportOptions\":{\"columns\":\":visible\",\"stripHtml\":false},\"className\":\"DTTT_button DTTT_button_print\",\"text\":\"\",\"title\":\"Single Emitters wpDataTable\"},{\"extend\":\"collection\",\"className\":\"DTTT_button DTTT_button_export\",\"text\":\"Export\",\"buttons\":[{\"extend\":\"excelHtml5\",\"exportOptions\":{\"columns\":\":visible\",\"stripHtml\":false},\"filename\":\"Single Emitters wpDataTable\",\"title\":\"Single Emitters wpDataTable\",\"text\":\"Excel\"},{\"extend\":\"csvHtml5\",\"exportOptions\":{\"columns\":\":visible\",\"stripHtml\":false},\"title\":\"Single Emitters wpDataTable\",\"text\":\"CSV\"},{\"extend\":\"copyHtml5\",\"exportOptions\":{\"columns\":\":visible\",\"stripHtml\":false},\"filename\":\"Single Emitters wpDataTable\",\"title\":\"Single Emitters wpDataTable\",\"text\":\"Copy\"}]},{\"buttons\":[\"pageLength\"],\"className\":\"DTTT_button DTTT_button_spacer\",\"text\":\"Spacer\"}],\"oLanguage\":{\"sSearchPlaceholder\":\"Search table\",\"sSearch\":\"\\u003Cspan class=\\u0022wdt-search-icon\\u0022\\u003E\\u003C\\\/span\\u003E\"},\"bProcessing\":false,\"serverSide\":true,\"ajax\":{\"url\":\"https:\\\/\\\/monocrom.com\\\/wp-admin\\\/admin-ajax.php?action=get_wdtable&table_id=14\",\"type\":\"POST\"},\"oSearch\":{\"bSmart\":false,\"bRegex\":false,\"sSearch\":\"\"}},\"customRowDisplay\":\"\",\"tabletWidth\":\"1024\",\"mobileWidth\":\"480\",\"renderFilter\":\"footer\",\"advancedFilterEnabled\":true,\"advancedFilterOptions\":{\"aoColumns\":[{\"type\":\"null\",\"columnType\":\"int\",\"numberOfDecimalPlaces\":\"2\",\"possibleValuesType\":\"read\",\"globalSearchColumn\":1,\"values\":null,\"origHeader\":\"wdt_ID\",\"displayHeader\":\"wdt_ID\",\"possibleValuesAddEmpty\":false,\"possibleValuesAjax\":-1,\"column_align_fields\":\"\",\"defaultValue\":\"\",\"column_align_header\":\"\",\"column_rotate_header_name\":\"\",\"exactFiltering\":false,\"filterLabel\":\"\",\"searchInSelectBox\":1,\"searchInSelectBoxEditing\":1,\"checkboxesInModal\":0,\"andLogic\":0,\"linkButtonLabel\":\"\",\"rangeSlider\":false,\"rangeMaxValueDisplay\":\"0\",\"customMaxRangeValue\":\"0\",\"sSelector\":\"#table_1_0_filter\"},{\"type\":\"null\",\"columnType\":\"string\",\"numberOfDecimalPlaces\":\"2\",\"possibleValuesType\":\"read\",\"globalSearchColumn\":1,\"values\":null,\"origHeader\":\"wavelengthnm\",\"displayHeader\":\"Wavelength (nm)\",\"possibleValuesAddEmpty\":false,\"possibleValuesAjax\":10,\"column_align_fields\":\"\",\"defaultValue\":\"\",\"column_align_header\":\"\",\"column_rotate_header_name\":\"\",\"exactFiltering\":false,\"filterLabel\":\"\",\"searchInSelectBox\":1,\"searchInSelectBoxEditing\":1,\"checkboxesInModal\":0,\"andLogic\":0,\"linkButtonLabel\":\"\",\"rangeSlider\":false,\"rangeMaxValueDisplay\":\"default\",\"customMaxRangeValue\":\"0\",\"sSelector\":\"#table_1_1_filter\"},{\"type\":\"checkbox\",\"columnType\":\"string\",\"numberOfDecimalPlaces\":\"2\",\"possibleValuesType\":\"read\",\"globalSearchColumn\":1,\"values\":[{\"value\":\"0.9 \\u2013 140\",\"label\":\"0.9 \\u2013 140\"},{\"value\":\"0.9 \\u2013 3,000\",\"label\":\"0.9 \\u2013 3,000\"},{\"value\":\"0.9 \\u2013 70\",\"label\":\"0.9 \\u2013 70\"},{\"value\":\"0.9 \\u2013 80\",\"label\":\"0.9 \\u2013 80\"}],\"origHeader\":\"outputpowermw\",\"displayHeader\":\"Output Power (mW)\",\"possibleValuesAddEmpty\":false,\"possibleValuesAjax\":10,\"column_align_fields\":\"\",\"defaultValue\":\"\",\"column_align_header\":\"\",\"column_rotate_header_name\":\"\",\"exactFiltering\":false,\"filterLabel\":\"\",\"searchInSelectBox\":1,\"searchInSelectBoxEditing\":1,\"checkboxesInModal\":0,\"andLogic\":0,\"linkButtonLabel\":\"\",\"rangeSlider\":false,\"rangeMaxValueDisplay\":\"default\",\"customMaxRangeValue\":\"0\",\"sSelector\":\"#table_1_2_filter\"},{\"type\":\"null\",\"columnType\":\"string\",\"numberOfDecimalPlaces\":\"2\",\"possibleValuesType\":\"read\",\"globalSearchColumn\":1,\"values\":null,\"origHeader\":\"optics\",\"displayHeader\":\"Optics\",\"possibleValuesAddEmpty\":false,\"possibleValuesAjax\":10,\"column_align_fields\":\"\",\"defaultValue\":\"\",\"column_align_header\":\"\",\"column_rotate_header_name\":\"\",\"exactFiltering\":false,\"filterLabel\":\"\",\"searchInSelectBox\":1,\"searchInSelectBoxEditing\":1,\"checkboxesInModal\":0,\"andLogic\":0,\"linkButtonLabel\":\"\",\"rangeSlider\":false,\"rangeMaxValueDisplay\":\"default\",\"customMaxRangeValue\":\"0\",\"sSelector\":\"#table_1_3_filter\"},{\"type\":\"null\",\"columnType\":\"string\",\"numberOfDecimalPlaces\":\"2\",\"possibleValuesType\":\"read\",\"globalSearchColumn\":1,\"values\":null,\"origHeader\":\"comments\",\"displayHeader\":\"Comments\",\"possibleValuesAddEmpty\":false,\"possibleValuesAjax\":10,\"column_align_fields\":\"\",\"defaultValue\":\"\",\"column_align_header\":\"\",\"column_rotate_header_name\":\"\",\"exactFiltering\":false,\"filterLabel\":\"\",\"searchInSelectBox\":1,\"searchInSelectBoxEditing\":1,\"checkboxesInModal\":0,\"andLogic\":0,\"linkButtonLabel\":\"\",\"rangeSlider\":false,\"rangeMaxValueDisplay\":\"default\",\"customMaxRangeValue\":\"0\",\"sSelector\":\"#table_1_4_filter\"},{\"type\":\"null\",\"columnType\":\"string\",\"numberOfDecimalPlaces\":\"2\",\"possibleValuesType\":\"read\",\"globalSearchColumn\":1,\"values\":null,\"origHeader\":\"datasheet\",\"displayHeader\":\"Datasheet\",\"possibleValuesAddEmpty\":false,\"possibleValuesAjax\":10,\"column_align_fields\":\"\",\"defaultValue\":\"\",\"column_align_header\":\"\",\"column_rotate_header_name\":\"\",\"exactFiltering\":false,\"filterLabel\":\"\",\"searchInSelectBox\":1,\"searchInSelectBoxEditing\":1,\"checkboxesInModal\":0,\"andLogic\":0,\"linkButtonLabel\":\"\",\"rangeSlider\":false,\"rangeMaxValueDisplay\":\"default\",\"customMaxRangeValue\":\"0\",\"sSelector\":\"#table_1_5_filter\"}],\"bUseColVis\":true},\"filterInForm\":true,\"serverSide\":true,\"autoRefreshInterval\":0,\"processing\":true,\"fnServerData\":true,\"columnsFixed\":0,\"sumFunctionsLabel\":\"\",\"avgFunctionsLabel\":\"\",\"minFunctionsLabel\":\"\",\"maxFunctionsLabel\":\"rafaelrodriguezaranda@gmail.com\",\"columnsDecimalPlaces\":{\"wdt_ID\":-1,\"wavelengthnm\":-1,\"outputpowermw\":-1,\"optics\":-1,\"comments\":-1,\"datasheet\":-1},\"columnsThousandsSeparator\":{\"wdt_ID\":0},\"sumColumns\":[],\"avgColumns\":[],\"sumAvgColumns\":[],\"timeFormat\":\"h:i A\",\"datepickFormat\":\"dd\\\/mm\\\/yy\"}'\/>\n\n    <table id=\"table_1\"\n           class=\"wpFixedHeader   display nowrap wdt-no-display data-t data-t wpDataTable wpDataTableID-14 \"\n           style=\"\"\n           data-described-by='table_1_desc'\n           data-wpdatatable_id=\"14\">\n                    <colgroup id=\"colgrup-table_1\"><\/colgroup>\n        \n        <!-- Table header -->\n        \n<thead>\n<tr>\n                    <th\n                        class=\" wdtheader sort numdata integer \"\n        style=\"\">        wdt_ID<\/th>        <th\n        data-class=\"expand\"                class=\" wdtheader sort \"\n        style=\"\">        Wavelength (nm)<\/th>        <th\n                        class=\" wdtheader sort \"\n        style=\"\">        Output Power (mW)<\/th>        <th\n                        class=\" wdtheader sort \"\n        style=\"\">        Optics<\/th>        <th\n                        class=\" wdtheader sort \"\n        style=\"\">        Comments<\/th>        <th\n                        class=\" wdtheader sort \"\n        style=\"\">        Datasheet<\/th>    <\/tr>\n<\/thead>\n        <!-- \/Table header -->\n\n        <!-- Table body -->\n        \n<tbody>\n<!-- Table body -->\n<div data-id=\"14\"\n     class=\"wdt-timeline-item wdt-timeline-table_1\"\n     style=\"\">\n    <div class=\"wdt-table-loader\">\n        <div class=\"wdt-table-loader-row wdt-table-loader-header\">\n            <div class=\"wdt-table-loader-header-cell wdt-animated-background\"><\/div>\n            <div class=\"wdt-table-loader-header-cell wdt-animated-background\"><\/div>\n            <div class=\"wdt-table-loader-header-cell wdt-animated-background\"><\/div>\n        <\/div>\n                    <div class=\"wdt-table-loader-row\">\n                <div class=\"wdt-table-loader-cell wdt-animated-background\"><\/div>\n                <div class=\"wdt-table-loader-cell wdt-animated-background\"><\/div>\n                <div class=\"wdt-table-loader-cell wdt-animated-background\"><\/div>\n            <\/div>\n                    <div class=\"wdt-table-loader-row\">\n                <div class=\"wdt-table-loader-cell wdt-animated-background\"><\/div>\n                <div class=\"wdt-table-loader-cell wdt-animated-background\"><\/div>\n                <div class=\"wdt-table-loader-cell wdt-animated-background\"><\/div>\n            <\/div>\n                    <div class=\"wdt-table-loader-row\">\n                <div class=\"wdt-table-loader-cell wdt-animated-background\"><\/div>\n                <div class=\"wdt-table-loader-cell wdt-animated-background\"><\/div>\n                <div class=\"wdt-table-loader-cell wdt-animated-background\"><\/div>\n            <\/div>\n                    <div class=\"wdt-table-loader-row\">\n                <div class=\"wdt-table-loader-cell wdt-animated-background\"><\/div>\n                <div class=\"wdt-table-loader-cell wdt-animated-background\"><\/div>\n                <div class=\"wdt-table-loader-cell wdt-animated-background\"><\/div>\n            <\/div>\n                    <div class=\"wdt-table-loader-row\">\n                <div class=\"wdt-table-loader-cell wdt-animated-background\"><\/div>\n                <div class=\"wdt-table-loader-cell wdt-animated-background\"><\/div>\n                <div class=\"wdt-table-loader-cell wdt-animated-background\"><\/div>\n            <\/div>\n            <\/div>\n<\/div><!-- \/Table body -->\n                    <tr id=\"table_14_row_0\"\n            data-row-index=\"0\">\n                            <td style=\"\">1<\/td>\n                            <td style=\"\">395 -1650<\/td>\n                            <td style=\"\">0.9 \u2013 80<\/td>\n                            <td style=\"\">- fiber-coupled diode laser, S\u00b5F or P\u00b5F option<\/td>\n                            <td style=\"\">- circular beam after SM fiber- compact design<\/td>\n                            <td style=\"\"><a href=\"https:\/\/monocrom.com\/wp-admin\/admin-ajax.php?action=frm_forms_preview&amp;form=c-series375-2200nm2&amp;theme=1\" target=\"_blank\">C-Series <i class=\"qode_icon_font_awesome fa fa-file-pdf-o qode_icon_element\" style=\"color: #bf2d30\"><\/i><\/a><\/td>\n                    <\/tr>\n                            <tr id=\"table_14_row_1\"\n            data-row-index=\"1\">\n                            <td style=\"\">2<\/td>\n                            <td style=\"\">395 -1650<\/td>\n                            <td style=\"\">0.9 \u2013 70<\/td>\n                            <td style=\"\">- dot, line or pattern generation, various focal distances<\/td>\n                            <td style=\"\">- fixed focus- no line bowing<\/td>\n                            <td style=\"\"><a href=\"https:\/\/monocrom.com\/wp-admin\/admin-ajax.php?action=frm_forms_preview&amp;form=d-series375-2200nm&amp;theme=1\" target=\"_blank\">D-Series <i class=\"qode_icon_font_awesome fa fa-file-pdf-o qode_icon_element\" style=\"color: #bf2d30\"><\/i><\/a><\/td>\n                    <\/tr>\n                            <tr id=\"table_14_row_2\"\n            data-row-index=\"2\">\n                            <td style=\"\">3<\/td>\n                            <td style=\"\">405 -2100<\/td>\n                            <td style=\"\">0.9 \u2013 3,000<\/td>\n                            <td style=\"\">- fiber-coupled diode laser, S\u00b5F + P\u00b5F option<\/td>\n                            <td style=\"\">- driver &amp; temperature stabilisation included<\/td>\n                            <td style=\"\"><a href=\"https:\/\/monocrom.com\/wp-admin\/admin-ajax.php?action=frm_forms_preview&amp;form=s-series375-2200nm&amp;theme=1\" target=\"_blank\">S-Series<i class=\"qode_icon_font_awesome fa fa-file-pdf-o qode_icon_element\" style=\"color: #bf2d30\"><\/i><\/a><\/td>\n                    <\/tr>\n                            <tr id=\"table_14_row_3\"\n            data-row-index=\"3\">\n                            <td style=\"\">4<\/td>\n                            <td style=\"\">395 -1650<\/td>\n                            <td style=\"\">0.9 \u2013 140<\/td>\n                            <td style=\"\">- keeps boresight while focusing- high quality lens- excellent beam performance<\/td>\n                            <td style=\"\">- CW and modulatable- compact design- polarization marks<\/td>\n                            <td style=\"\"><a href=\"https:\/\/monocrom.com\/wp-admin\/admin-ajax.php?action=frm_forms_preview&amp;form=t-series375-2200nm&amp;theme=1\" target=\"_blank\">T-Series <i class=\"qode_icon_font_awesome fa fa-file-pdf-o qode_icon_element\" style=\"color: #bf2d30\"><\/i><\/a><\/td>\n                    <\/tr>\n            <\/tbody>        <!-- \/Table body -->\n\n        <!-- Table footer -->\n        \n    <tfoot>\n                <tr style=\"display: none\">\n                            <td\n                class=\"wdtheader sort numdata integer \"\n                style=\"\"><\/td>                <td\n                class=\"wdtheader sort \"\n                style=\"\"><\/td>                <td\n                class=\"wdtheader sort \"\n                style=\"\">Output Power (mW)<\/td>                <td\n                class=\"wdtheader sort \"\n                style=\"\"><\/td>                <td\n                class=\"wdtheader sort \"\n                style=\"\"><\/td>                <td\n                class=\"wdtheader sort \"\n                style=\"\"><\/td>        <\/tr>\n                            <\/tfoot>\n        <!-- \/Table footer -->\n    <\/table>\n\n<\/div><style>\n\n#table_1 > tbody > tr > td.column-wavelengthnm { text-align: center !important; }\n#table_1 > thead > tr > th.column-wavelengthnm { text-align: center !important; }\n#table_1 > div.dtfh-floatingparent.dtfh-floatingparenthead > table > thead > tr > th.column-wavelengthnm { text-align: center !important; }\n#table_1 > tbody > tr > td.column-outputpowermw { text-align: center !important; }\n#table_1 > thead > tr > th.column-outputpowermw { text-align: center !important; }\n#table_1 > div.dtfh-floatingparent.dtfh-floatingparenthead > table > thead > tr > th.column-outputpowermw { text-align: center !important; }\n#table_1 > tbody > tr > td.column-optics { text-align: center !important; }\n#table_1 > thead > tr > th.column-optics { text-align: center !important; }\n#table_1 > div.dtfh-floatingparent.dtfh-floatingparenthead > table > thead > tr > th.column-optics { text-align: center !important; }\n#table_1 > tbody > tr > td.column-comments { text-align: center !important; }\n#table_1 > thead > tr > th.column-comments { text-align: center !important; }\n#table_1 > div.dtfh-floatingparent.dtfh-floatingparenthead > table > thead > tr > th.column-comments { text-align: center !important; }\n#table_1 > tbody > tr > td.column-datasheet { text-align: center !important; }\n#table_1 > thead > tr > th.column-datasheet { text-align: center !important; }\n#table_1 > div.dtfh-floatingparent.dtfh-floatingparenthead > table > thead > tr > th.column-datasheet { text-align: center !important; }table.wpDataTable { table-layout: fixed !important; }\ntable.wpDataTable td, table.wpDataTable th { white-space: normal !important; }\ntable.wpDataTable td.numdata { text-align: right !important; }\n<\/style>\n<style>\n<\/style>\n\n","protected":false},"excerpt":{"rendered":"<p>Emisores \u00fanicos: M\u00f3dulos de diodos l\u00e1ser basados en emisores \u00fanicos.<\/p>\n<p>Las longitudes de onda entre 375 nm y 1550 nm est\u00e1n disponibles en una gama de potencias que empieza por debajo de 1mW y llega hasta algunos vatios.<\/p>\n<p>Podemos a\u00f1adir \u00f3ptica, mec\u00e1nica y electr\u00f3nica para adaptarnos a las demandas del cliente.<\/p>","protected":false},"featured_media":6367,"template":"","meta":{"_acf_changed":false},"product_brand":[],"product_cat":[162,93,246],"product_tag":[304,364,302,365,410],"class_list":{"0":"post-6366","1":"product","2":"type-product","3":"status-publish","4":"has-post-thumbnail","6":"product_cat-single-emitters","7":"product_cat-diode-lasers","8":"product_cat-laser-modules","9":"product_tag-375-nm","10":"product_tag-emitter","11":"product_tag-single","12":"product_tag-single-emitter","13":"product_tag-single-emitters","14":"pa_industrial-material-processing","15":"pa_industrial-optical-pumping","16":"pa_industrial-sorting-in-food-industry","17":"pa_medical-aesthetics-aesthetics-dermatology","19":"first","20":"instock","21":"featured","22":"shipping-taxable","23":"product-type-simple"},"acf":[],"_links":{"self":[{"href":"https:\/\/monocrom.com\/es\/wp-json\/wp\/v2\/product\/6366","targetHints":{"allow":["GET"]}}],"collection":[{"href":"https:\/\/monocrom.com\/es\/wp-json\/wp\/v2\/product"}],"about":[{"href":"https:\/\/monocrom.com\/es\/wp-json\/wp\/v2\/types\/product"}],"wp:featuredmedia":[{"embeddable":true,"href":"https:\/\/monocrom.com\/es\/wp-json\/wp\/v2\/media\/6367"}],"wp:attachment":[{"href":"https:\/\/monocrom.com\/es\/wp-json\/wp\/v2\/media?parent=6366"}],"wp:term":[{"taxonomy":"product_brand","embeddable":true,"href":"https:\/\/monocrom.com\/es\/wp-json\/wp\/v2\/product_brand?post=6366"},{"taxonomy":"product_cat","embeddable":true,"href":"https:\/\/monocrom.com\/es\/wp-json\/wp\/v2\/product_cat?post=6366"},{"taxonomy":"product_tag","embeddable":true,"href":"https:\/\/monocrom.com\/es\/wp-json\/wp\/v2\/product_tag?post=6366"}],"curies":[{"name":"wp","href":"https:\/\/api.w.org\/{rel}","templated":true}]}}