{"id":7469,"date":"2023-11-02T10:07:53","date_gmt":"2023-11-02T10:07:53","guid":{"rendered":"http:\/\/monocrom.com\/?post_type=product&#038;p=7469"},"modified":"2025-10-09T14:01:38","modified_gmt":"2025-10-09T14:01:38","slug":"proximamente-dia-de-la-fotonica-2016","status":"publish","type":"product","link":"https:\/\/monocrom.com\/es\/product\/cw-pumping-source-ph120-ph300\/","title":{"rendered":"Fuente de bombeo CW PH120 - PH300"},"content":{"rendered":"<div class=\"wpb_text_column wpb_content_element\"><span style=\"color: #3366ff;\"><a style=\"color: #3366ff;\" href=\"https:\/\/monocrom.com\/wp-admin\/admin-ajax.php?action=frm_forms_preview&amp;form=cwpumpingsourceph120ph300&amp;theme=1\" target=\"_blank\" rel=\"noopener\">Descargar ficha t\u00e9cnica \u276f<\/a><\/span><\/div>\n<div class=\"vc_empty_space\"><\/div>\n<div class=\"wpb_text_column wpb_content_element tbl_specs no_mobile\">\n<div class=\"wpb_wrapper\">\n<table border=\"0\" width=\"100%\" cellspacing=\"2\" cellpadding=\"2\">\n<tbody>\n<tr>\n<td colspan=\"7\"><strong>Fuente l\u00e1ser<\/strong><\/td>\n<\/tr>\n<\/tbody>\n<thead>\n<tr>\n<th><\/th>\n<th>PH-120-6<\/th>\n<th>PH-120-3<\/th>\n<th>PH-150<\/th>\n<th>PH-240<\/th>\n<th>PH-300<\/th>\n<\/tr>\n<\/thead>\n<tbody>\n<tr>\n<td>Potencia (W)<\/td>\n<td>120<\/td>\n<td>120<\/td>\n<td>150<\/td>\n<td>240<\/td>\n<td>300<\/td>\n<\/tr>\n<tr>\n<td>Corriente (A)<\/td>\n<td>20<\/td>\n<td>40<\/td>\n<td>50<\/td>\n<td>40<\/td>\n<td>50<\/td>\n<\/tr>\n<tr>\n<td>Tensi\u00f3n (V)<\/td>\n<td>12<\/td>\n<td>6<\/td>\n<td>6<\/td>\n<td>12<\/td>\n<td>12<\/td>\n<\/tr>\n<tr>\n<td>Longitud bombeada (mm)<\/td>\n<td>23<\/td>\n<td>11<\/td>\n<td>11<\/td>\n<td>23<\/td>\n<td>23<\/td>\n<\/tr>\n<tr>\n<td colspan=\"7\"><strong>Par\u00e1metros \u00f3pticos<\/strong><\/td>\n<\/tr>\n<tr>\n<td>Di\u00e1metro de la varilla (mm)<\/td>\n<td colspan=\"6\">De 2 a 4<\/td>\n<\/tr>\n<tr>\n<td>Material de la varilla<\/td>\n<td colspan=\"6\">Nd:YAG<\/td>\n<\/tr>\n<tr>\n<td>Concentraci\u00f3n de Nd<\/td>\n<td colspan=\"6\">0,3% a 1%<\/td>\n<\/tr>\n<\/tbody>\n<\/table>\n<\/div>\n<\/div>","protected":false},"excerpt":{"rendered":"<p><strong>Fuente de bombeo CW PH120 - PH300<\/strong><\/p>\n<p><strong>Cabezales de bomba<\/strong>\u00a0 para\u00a0<strong>bombeo l\u00e1ser<\/strong>bombeado con 120 W - 300 W en onda continua (CW).<\/p>\n<p>Ofrecemos todos ellos con material de varilla Nd:YAG o Nd:YLF.<\/p>\n<p>En\u00a0<span lang=\"EN-US\">La simetr\u00eda cil\u00edndrica de estas unidades de bombeo permite la rotaci\u00f3n de la c\u00e1mara de bombeo, lo que aporta flexibilidad durante la producci\u00f3n y optimizaci\u00f3n de un sistema l\u00e1ser.\u00a0<\/span>Las barras de diodos l\u00e1ser de bombeo se montan utilizando nuestra tecnolog\u00eda patentada de sujeci\u00f3n sin soldadura. Utilizado exclusivamente por Monocrom.<\/p>","protected":false},"featured_media":11621,"template":"","meta":{"_acf_changed":false},"product_brand":[],"product_cat":[246,249],"product_tag":[377,374,372,373,376,357,310,375],"class_list":{"0":"post-7469","1":"product","2":"type-product","3":"status-publish","4":"has-post-thumbnail","6":"product_cat-laser-modules","7":"product_cat-pumping-sources","8":"product_tag-cw","9":"product_tag-laser-pumping","10":"product_tag-ph120","11":"product_tag-ph300","12":"product_tag-pump","13":"product_tag-pumped","14":"product_tag-pumping","15":"product_tag-pumping-head","16":"pa_aerospace-defense-lidar-laser-technology","17":"pa_aerospace-defense-optical-pumping","18":"pa_medical-aesthetics-aesthetics-dermatology","19":"pa_medical-aesthetics-ophtalmology","20":"pa_medical-aesthetics-photodynamic-therapy","21":"pa_medical-aesthetics-spectroscopy","22":"pa_medical-aesthetics-urology","23":"pa_research-interferometry","24":"pa_research-optical-pumping","26":"first","27":"instock","28":"featured","29":"shipping-taxable","30":"product-type-simple"},"acf":[],"_links":{"self":[{"href":"https:\/\/monocrom.com\/es\/wp-json\/wp\/v2\/product\/7469","targetHints":{"allow":["GET"]}}],"collection":[{"href":"https:\/\/monocrom.com\/es\/wp-json\/wp\/v2\/product"}],"about":[{"href":"https:\/\/monocrom.com\/es\/wp-json\/wp\/v2\/types\/product"}],"wp:featuredmedia":[{"embeddable":true,"href":"https:\/\/monocrom.com\/es\/wp-json\/wp\/v2\/media\/11621"}],"wp:attachment":[{"href":"https:\/\/monocrom.com\/es\/wp-json\/wp\/v2\/media?parent=7469"}],"wp:term":[{"taxonomy":"product_brand","embeddable":true,"href":"https:\/\/monocrom.com\/es\/wp-json\/wp\/v2\/product_brand?post=7469"},{"taxonomy":"product_cat","embeddable":true,"href":"https:\/\/monocrom.com\/es\/wp-json\/wp\/v2\/product_cat?post=7469"},{"taxonomy":"product_tag","embeddable":true,"href":"https:\/\/monocrom.com\/es\/wp-json\/wp\/v2\/product_tag?post=7469"}],"curies":[{"name":"wp","href":"https:\/\/api.w.org\/{rel}","templated":true}]}}