{"id":7484,"date":"2023-11-02T11:04:55","date_gmt":"2023-11-02T11:04:55","guid":{"rendered":"http:\/\/monocrom.com\/?post_type=product&#038;p=7484"},"modified":"2025-10-09T13:37:14","modified_gmt":"2025-10-09T13:37:14","slug":"qcw-fuente-de-bombeo-ph450-ph1800","status":"publish","type":"product","link":"https:\/\/monocrom.com\/es\/product\/qcw-pumping-source-ph450-ph1800\/","title":{"rendered":"Fuente de bombeo QCW PH450-PH1800"},"content":{"rendered":"<div class=\"wpb_text_column wpb_content_element\">\n<div class=\"wpb_wrapper\"><span style=\"color: #3366ff;\"><a style=\"color: #3366ff;\" href=\"https:\/\/monocrom.com\/wp-admin\/admin-ajax.php?action=frm_forms_preview&amp;form=qcwpumpingsourceph450-ph18002&amp;theme=1\" target=\"_blank\" rel=\"noopener\">Descargar ficha t\u00e9cnica \u276f<\/a><\/span><\/div>\n<div><\/div>\n<\/div>\n<div class=\"vc_empty_space\">Fuente de bombeo QCW PH450-PH1800<\/div>\n<div class=\"vc_empty_space\">Material de la varilla Nd:YAG\/YLFNd:YAG\/YLF<\/div>\n<div class=\"wpb_text_column wpb_content_element tbl_specs no_mobile\">\n<div class=\"wpb_wrapper\">\n<table border=\"0\" width=\"100%\" cellspacing=\"2\" cellpadding=\"2\">\n<tbody>\n<tr>\n<td colspan=\"6\"><strong>Fuente l\u00e1ser<\/strong><\/td>\n<\/tr>\n<\/tbody>\n<thead>\n<tr>\n<th><\/th>\n<th>PH-450<\/th>\n<th>PH-900<\/th>\n<th>PH-1200<\/th>\n<th>PH-1800<\/th>\n<\/tr>\n<\/thead>\n<tbody>\n<tr>\n<td><sub>Potencia m\u00e1xima\u00a0<\/sub>(W)<\/td>\n<td>450<\/td>\n<td>900<\/td>\n<td>1200<\/td>\n<td>1800<\/td>\n<\/tr>\n<tr>\n<td>Corriente (A)<\/td>\n<td>150<\/td>\n<td>150<\/td>\n<td>180<\/td>\n<td>270<\/td>\n<\/tr>\n<tr>\n<td>Tensi\u00f3n (V)<\/td>\n<td>6<\/td>\n<td>12<\/td>\n<td>12<\/td>\n<td>12<\/td>\n<\/tr>\n<tr>\n<td>Longitud bombeada (mm)<\/td>\n<td>11<\/td>\n<td>23<\/td>\n<td>23<\/td>\n<td>23<\/td>\n<\/tr>\n<tr>\n<td colspan=\"6\"><strong>Par\u00e1metros \u00f3pticos<\/strong><\/td>\n<\/tr>\n<tr>\n<td>Duraci\u00f3n del impulso de bombeo (\u00b5s)<\/td>\n<td colspan=\"5\"><\/td>\n<\/tr>\n<tr>\n<td>Frecuencia de repetici\u00f3n (Hz)<\/td>\n<td colspan=\"5\">Hasta 1000<\/td>\n<\/tr>\n<tr>\n<td>Di\u00e1metro de la varilla (mm)<\/td>\n<td>De 2 a 4<\/td>\n<td>De 2 a 4<\/td>\n<td>De 2 a 4<\/td>\n<td>De 2 a 4<\/td>\n<\/tr>\n<tr>\n<td colspan=\"6\"><strong>Material de la varilla<\/strong><\/td>\n<\/tr>\n<tr>\n<td>Material de la varilla<\/td>\n<td colspan=\"5\">Nd:YAG\/Nd:YLF<\/td>\n<\/tr>\n<tr>\n<td>Concentraci\u00f3n de Nd<\/td>\n<td colspan=\"5\">0,3% a 1%<\/td>\n<\/tr>\n<\/tbody>\n<\/table>\n<\/div>\n<\/div>","protected":false},"excerpt":{"rendered":"<div class=\"wpb_text_column wpb_content_element\">\n<div class=\"wpb_wrapper\">\n<p>Unidades de bombeo l\u00e1ser fiables que funcionan en onda cuasi continua (QCW).<\/p>\n<p>Un dise\u00f1o de simetr\u00eda cil\u00edndrica permite la rotaci\u00f3n de la c\u00e1mara de bombeo, lo que aporta flexibilidad durante la producci\u00f3n y optimizaci\u00f3n de un sistema l\u00e1ser.<\/p>\n<p>Las barras de diodos l\u00e1ser de bombeo se montan utilizando nuestra tecnolog\u00eda patentada sin soldadura Clamping\u2122.<\/p>\n<p>Sin tensi\u00f3n mec\u00e1nica En nuestras pilas de barras de diodos se utiliza nuestra tecnolog\u00eda patentada sin soldadura. Gracias a ella las barras apiladas se expanden y contraen libremente durante los ciclos t\u00e9rmicos del r\u00e9gimen pulsado evitando tensiones mec\u00e1nicas.<\/p>\n<\/div>\n<\/div>","protected":false},"featured_media":11622,"template":"","meta":{"_acf_changed":false},"product_brand":[],"product_cat":[246,249],"product_tag":[374,379,378,376,357,310,375,380],"class_list":{"0":"post-7484","1":"product","2":"type-product","3":"status-publish","4":"has-post-thumbnail","6":"product_cat-laser-modules","7":"product_cat-pumping-sources","8":"product_tag-laser-pumping","9":"product_tag-ph1800","10":"product_tag-ph450","11":"product_tag-pump","12":"product_tag-pumped","13":"product_tag-pumping","14":"product_tag-pumping-head","15":"product_tag-qcw","16":"pa_aerospace-defense-lidar-laser-technology","17":"pa_aerospace-defense-optical-pumping","18":"pa_medical-aesthetics-aesthetics-dermatology","19":"pa_medical-aesthetics-ophtalmology","20":"pa_medical-aesthetics-photodynamic-therapy","21":"pa_medical-aesthetics-spectroscopy","22":"pa_medical-aesthetics-urology","23":"pa_research-interferometry","24":"pa_research-optical-pumping","26":"first","27":"instock","28":"featured","29":"shipping-taxable","30":"product-type-simple"},"acf":[],"_links":{"self":[{"href":"https:\/\/monocrom.com\/es\/wp-json\/wp\/v2\/product\/7484","targetHints":{"allow":["GET"]}}],"collection":[{"href":"https:\/\/monocrom.com\/es\/wp-json\/wp\/v2\/product"}],"about":[{"href":"https:\/\/monocrom.com\/es\/wp-json\/wp\/v2\/types\/product"}],"wp:featuredmedia":[{"embeddable":true,"href":"https:\/\/monocrom.com\/es\/wp-json\/wp\/v2\/media\/11622"}],"wp:attachment":[{"href":"https:\/\/monocrom.com\/es\/wp-json\/wp\/v2\/media?parent=7484"}],"wp:term":[{"taxonomy":"product_brand","embeddable":true,"href":"https:\/\/monocrom.com\/es\/wp-json\/wp\/v2\/product_brand?post=7484"},{"taxonomy":"product_cat","embeddable":true,"href":"https:\/\/monocrom.com\/es\/wp-json\/wp\/v2\/product_cat?post=7484"},{"taxonomy":"product_tag","embeddable":true,"href":"https:\/\/monocrom.com\/es\/wp-json\/wp\/v2\/product_tag?post=7484"}],"curies":[{"name":"wp","href":"https:\/\/api.w.org\/{rel}","templated":true}]}}