{"id":7490,"date":"2023-11-02T11:31:51","date_gmt":"2023-11-02T11:31:51","guid":{"rendered":"http:\/\/monocrom.com\/?post_type=product&#038;p=7490"},"modified":"2024-04-16T13:44:32","modified_gmt":"2024-04-16T13:44:32","slug":"qcw-fuente-de-bombeo-ph3600-ph5400","status":"publish","type":"product","link":"https:\/\/monocrom.com\/es\/product\/qcw-pumping-source-ph3600-ph5400\/","title":{"rendered":"Fuente de bombeo QCW PH3600-PH5400"},"content":{"rendered":"<div class=\"wpb_text_column wpb_content_element\">\n<div><span style=\"color: #3366ff;\"><a style=\"color: #3366ff;\" href=\"https:\/\/monocrom.com\/wp-admin\/admin-ajax.php?action=frm_forms_preview&amp;form=qcwpumpingsourceph3600-ph5400&amp;theme=1\" target=\"_blank\" rel=\"noopener\">Descargar ficha t\u00e9cnica \u276f<\/a><\/span><\/div>\n<div><\/div>\n<div><\/div>\n<div class=\"wpb_wrapper\"><\/div>\n<\/div>\n<div class=\"wpb_text_column wpb_content_element tbl_specs no_mobile\">\n<div class=\"wpb_wrapper\">\n<div class=\"wpb_text_column wpb_content_element tbl_specs no_mobile\">\n<div class=\"wpb_wrapper\">\n<table border=\"0\" width=\"100%\" cellspacing=\"2\" cellpadding=\"2\">\n<tbody>\n<tr>\n<td colspan=\"4\"><strong>Fuente l\u00e1ser<\/strong><\/td>\n<\/tr>\n<\/tbody>\n<thead>\n<tr>\n<th><\/th>\n<th>PH-3600<\/th>\n<th>PH-5400<\/th>\n<\/tr>\n<\/thead>\n<tbody>\n<tr>\n<td>Potencia m\u00e1xima de la bomba (W)<\/td>\n<td>3600<\/td>\n<td>5400<\/td>\n<\/tr>\n<tr>\n<td>Corriente (A)<\/td>\n<td>105<\/td>\n<td>130<\/td>\n<\/tr>\n<tr>\n<td>Tensi\u00f3n (V)<\/td>\n<td>36<\/td>\n<td>36<\/td>\n<\/tr>\n<tr>\n<td colspan=\"4\"><strong>Par\u00e1metros \u00f3pticos<\/strong><\/td>\n<\/tr>\n<tr>\n<td>Duraci\u00f3n del impulso de bombeo (\u00b5s)<\/td>\n<td colspan=\"3\">hasta 500<\/td>\n<\/tr>\n<tr>\n<td>Frecuencia de repetici\u00f3n (Hz)<\/td>\n<td colspan=\"3\">hasta 1000<\/td>\n<\/tr>\n<tr>\n<td>Di\u00e1metro de la varilla (mm)<\/td>\n<td>5 \u00f3 6<\/td>\n<td>5 \u00f3 6<\/td>\n<\/tr>\n<tr>\n<td colspan=\"4\"><strong>Par\u00e1metros de la varilla<\/strong><\/td>\n<\/tr>\n<tr>\n<td>Material de la varilla<\/td>\n<td colspan=\"3\">Nd:YAG\/ Nd:YLF<\/td>\n<\/tr>\n<tr>\n<td>Concentraci\u00f3n de Nd<\/td>\n<td colspan=\"3\">0,3% a 1%<\/td>\n<\/tr>\n<\/tbody>\n<\/table>\n<\/div>\n<\/div>\n<\/div>\n<\/div>","protected":false},"excerpt":{"rendered":"<div class=\"wpb_text_column wpb_content_element\">\n<div class=\"wpb_wrapper\">\n<p>Fuente de bombeo QCW PH3600-PH5400<\/p>\n<p>La fuente de bombeo QCW funciona en modo de onda cuasi continua (QCW).<\/p>\n<p>Ofrece una uniformidad de ganancia y un rendimiento de lente excelentes.<\/p>\n<p>Incluye su propia bater\u00eda de condensadores y driver por lo que los pulsos de alta corriente se generan en el propio m\u00f3dulo, reduciendo las p\u00e9rdidas y la complejidad de la configuraci\u00f3n el\u00e9ctrica y facilitando el control y sincronizaci\u00f3n de diferentes m\u00f3dulos de ganancia mediante software.<\/p>\n<p>Las barras de diodos l\u00e1ser de bombeo se montan utilizando nuestra tecnolog\u00eda patentada sin soldadura Clamping\u2122. Utilizado exclusivamente por Monocrom.<\/p>\n<\/div>\n<\/div>","protected":false},"featured_media":7494,"template":"","meta":{"_acf_changed":false},"product_brand":[],"product_cat":[246,249],"product_tag":[374,376,357,310,375,380],"class_list":{"0":"post-7490","1":"product","2":"type-product","3":"status-publish","4":"has-post-thumbnail","6":"product_cat-laser-modules","7":"product_cat-pumping-sources","8":"product_tag-laser-pumping","9":"product_tag-pump","10":"product_tag-pumped","11":"product_tag-pumping","12":"product_tag-pumping-head","13":"product_tag-qcw","14":"pa_aerospace-defense-lidar-laser-technology","15":"pa_aerospace-defense-optical-pumping","16":"pa_medical-aesthetics-aesthetics-dermatology","17":"pa_medical-aesthetics-ophtalmology","18":"pa_medical-aesthetics-photodynamic-therapy","19":"pa_medical-aesthetics-spectroscopy","20":"pa_medical-aesthetics-urology","21":"pa_research-interferometry","22":"pa_research-optical-pumping","24":"first","25":"instock","26":"featured","27":"shipping-taxable","28":"product-type-simple"},"acf":[],"_links":{"self":[{"href":"https:\/\/monocrom.com\/es\/wp-json\/wp\/v2\/product\/7490","targetHints":{"allow":["GET"]}}],"collection":[{"href":"https:\/\/monocrom.com\/es\/wp-json\/wp\/v2\/product"}],"about":[{"href":"https:\/\/monocrom.com\/es\/wp-json\/wp\/v2\/types\/product"}],"wp:featuredmedia":[{"embeddable":true,"href":"https:\/\/monocrom.com\/es\/wp-json\/wp\/v2\/media\/7494"}],"wp:attachment":[{"href":"https:\/\/monocrom.com\/es\/wp-json\/wp\/v2\/media?parent=7490"}],"wp:term":[{"taxonomy":"product_brand","embeddable":true,"href":"https:\/\/monocrom.com\/es\/wp-json\/wp\/v2\/product_brand?post=7490"},{"taxonomy":"product_cat","embeddable":true,"href":"https:\/\/monocrom.com\/es\/wp-json\/wp\/v2\/product_cat?post=7490"},{"taxonomy":"product_tag","embeddable":true,"href":"https:\/\/monocrom.com\/es\/wp-json\/wp\/v2\/product_tag?post=7490"}],"curies":[{"name":"wp","href":"https:\/\/api.w.org\/{rel}","templated":true}]}}