{"id":7710,"date":"2023-11-09T09:28:47","date_gmt":"2023-11-09T09:28:47","guid":{"rendered":"http:\/\/monocrom.com\/?post_type=product&#038;p=7710"},"modified":"2025-11-13T11:28:14","modified_gmt":"2025-11-13T11:28:14","slug":"controladores-analogicos-de-laser","status":"publish","type":"product","link":"https:\/\/monocrom.com\/es\/product\/analog-laser-drivers\/","title":{"rendered":"Linear technology"},"content":{"rendered":"<p><span style=\"color: #3366ff;\"><a style=\"color: #3366ff;\" href=\"https:\/\/monocrom.com\/wp-admin\/admin-ajax.php?action=frm_forms_preview&amp;form=Monocrom-high-power-digital-laser-drivers&amp;theme=1\" target=\"_blank\" rel=\"noopener\">Descargar ficha t\u00e9cnica \u276f<\/a><\/span><\/p>\n<div class=\"wpb_text_column wpb_content_element tbl_specs no_mobile\">\n<div class=\"wpb_wrapper\">\n<table border=\"0\" width=\"100%\" cellspacing=\"2\" cellpadding=\"2\">\n<tbody>\n<tr>\n<td colspan=\"2\"><strong>Par\u00e1metros<\/strong><\/td>\n<\/tr>\n<tr>\n<td>Corriente de salida<\/td>\n<td><u>&lt;<\/u>\u00a0200 A<\/td>\n<\/tr>\n<\/tbody>\n<tbody>\n<tr>\n<td width=\"40%\">Tensi\u00f3n m\u00e1xima de conformidad<\/td>\n<td width=\"60%\">\n<p align=\"center\">45 V<\/p>\n<\/td>\n<\/tr>\n<tr>\n<td>Tensi\u00f3n m\u00ednima de conformidad<\/td>\n<td>\n<p align=\"center\">10 V<\/p>\n<\/td>\n<\/tr>\n<tr>\n<td>Tensi\u00f3n de alimentaci\u00f3n<sup>1<\/sup><\/td>\n<td><u>&lt;<\/u>\u00a050 V<\/td>\n<\/tr>\n<tr>\n<td>Potencia m\u00e1xima de salida<sup>2<\/sup><\/td>\n<td>9000 W<\/td>\n<\/tr>\n<tr>\n<td>Potencia m\u00e1xima disipada permitida4<\/td>\n<td>250 W<\/td>\n<\/tr>\n<tr>\n<td>Tiempo de subida<sup>3<\/sup><\/td>\n<td>&lt; 22 us<\/td>\n<\/tr>\n<tr>\n<td>Tiempo de oto\u00f1o<sup>3<\/sup><\/td>\n<td>&lt; 22 us<\/td>\n<\/tr>\n<tr>\n<td>Anchura de impulso m\u00e1x.<sup>4<\/sup><\/td>\n<td>CW<\/td>\n<\/tr>\n<tr>\n<td colspan=\"2\"><strong>Se\u00f1ales de salida<\/strong><\/td>\n<\/tr>\n<tr>\n<td>Monitor actual<\/td>\n<td>10 mV\/A<\/td>\n<\/tr>\n<tr>\n<td>Desencadenar<\/td>\n<td>TTL 5 V<\/td>\n<\/tr>\n<tr>\n<td>Disparo retardado<\/td>\n<td>TTL 5 V<\/td>\n<\/tr>\n<tr>\n<td>L\u00e1ser fuera<\/td>\n<td>TTL 5 V<\/td>\n<\/tr>\n<tr>\n<td colspan=\"2\"><strong>Se\u00f1ales de entrada<\/strong><\/td>\n<\/tr>\n<tr>\n<td>Entrada de disparo<\/td>\n<td>TTL 5 V<\/td>\n<\/tr>\n<tr>\n<td>Se\u00f1al de entrada de corriente externa 5<\/td>\n<td>TBD<\/td>\n<\/tr>\n<tr>\n<td>Parada de emergencia<\/td>\n<td>TTL 5 V<\/td>\n<\/tr>\n<tr>\n<td>L\u00e1ser externo<\/td>\n<td>TTL 5 V<\/td>\n<\/tr>\n<tr>\n<td>Enclavamiento<\/td>\n<td>TTL 5 V<\/td>\n<\/tr>\n<tr>\n<td>Caudal\u00edmetro 5<\/td>\n<td>I2C \/ TTL<\/td>\n<\/tr>\n<tr>\n<td>Conectividad<\/td>\n<td>USB 2.0 \/ RS485<sup>5<\/sup><\/td>\n<\/tr>\n<tr>\n<td>Sensor l\u00e1ser de temperatura<\/td>\n<td>NTC, 10 k\u03a9 @25 \u00ba C<\/td>\n<\/tr>\n<tr>\n<td colspan=\"2\"><strong>Mec\u00e1nica<\/strong><\/td>\n<\/tr>\n<tr>\n<td>Tubo de refrigeraci\u00f3n por agua de entrada<sup>6<\/sup><\/td>\n<td>4 x 6 mm<\/td>\n<\/tr>\n<tr>\n<td>Temperatura de refrigeraci\u00f3n por agua<\/td>\n<td>&gt; 14 \u00ba C<\/td>\n<\/tr>\n<tr>\n<td>Peso<\/td>\n<td>500 g<\/td>\n<\/tr>\n<tr>\n<td>Dimensiones<\/td>\n<td>130 x 75 x 35 mm<\/td>\n<\/tr>\n<tr>\n<td>Temperatura de funcionamiento<sup>7<\/sup><\/td>\n<td>15 a 60 \u00baC<\/td>\n<\/tr>\n<\/tbody>\n<\/table>\n<\/div>\n<\/div>\n<div class=\"vc_empty_space\"><\/div>\n<div class=\"wpb_text_column wpb_content_element no_mobile\">\n<div class=\"wpb_wrapper\">\n<p>1. Aprox. 6 V por encima de la tensi\u00f3n de conformidad. La alimentaci\u00f3n m\u00ednima<br \/>\n2. Potencia instant\u00e1nea. Mantenimiento de la temperatura del disipador de calor por debajo de<br \/>\n3. Condiciones de ensayo: VLD-=6 V, I=200 A. Menor tiempo de subida y bajada disponible. Por favor,<br \/>\n4. Se permite el funcionamiento CW &lt; 60 A, VLD- &lt; 4 V, con refrigeraci\u00f3n por agua a 21\u00ba.<br \/>\n5. En desarrollo.<br \/>\n6. Di\u00e1metro interior x exterior del tubo.<br \/>\n7. Temperatura medida por el sensor interno.<\/p>\n<\/div>\n<\/div>","protected":false},"excerpt":{"rendered":"<div class=\"wpb_text_column wpb_content_element\">\n<div class=\"wpb_wrapper\">\n<div class=\"wpb_text_column wpb_content_element\">\n<div class=\"wpb_wrapper\">\n<div class=\"wpb_text_column wpb_content_element\">\n<div class=\"wpb_wrapper\">\n<p>El DAE-20050 es un controlador de diodos l\u00e1ser compacto y potente. Las formas de onda de corriente pueden ser CW, moduladas o pulsadas hasta 200A.<\/p>\n<\/div>\n<\/div>\n<div class=\"wpb_text_column wpb_content_element\">\n<div class=\"wpb_wrapper\">\n<p>Este driver incluye un puerto de comunicaci\u00f3n de 32 bits. Los comandos permiten el control total de las caracter\u00edsticas del driver (generaci\u00f3n de pulsos, nivel de corriente, l\u00edmites de temperatura, contador de pulsos...) manteniendo una gran cantidad de informaci\u00f3n gracias a todo el voltaje, fotodiodo, temperaturas, trigger retardado para sincronismos...).<\/p>\n<\/div>\n<\/div>\n<\/div>\n<\/div>\n<\/div>\n<\/div>","protected":false},"featured_media":7600,"template":"","meta":{"_acf_changed":false},"product_brand":[],"product_cat":[246,250],"product_tag":[389,388],"class_list":{"0":"post-7710","1":"product","2":"type-product","3":"status-publish","4":"has-post-thumbnail","6":"product_cat-laser-modules","7":"product_cat-laser-electronics","8":"product_tag-analog","9":"product_tag-analog-laser-drivers","10":"pa_aerospace-defense-lidar-laser-technology","11":"pa_aerospace-defense-optical-pumping","12":"pa_medical-aesthetics-aesthetics-dermatology","13":"pa_medical-aesthetics-ophtalmology","14":"pa_medical-aesthetics-photodynamic-therapy","15":"pa_medical-aesthetics-spectroscopy","16":"pa_medical-aesthetics-urology","17":"pa_research-interferometry","18":"pa_research-optical-pumping","20":"first","21":"instock","22":"featured","23":"shipping-taxable","24":"product-type-simple"},"acf":[],"_links":{"self":[{"href":"https:\/\/monocrom.com\/es\/wp-json\/wp\/v2\/product\/7710","targetHints":{"allow":["GET"]}}],"collection":[{"href":"https:\/\/monocrom.com\/es\/wp-json\/wp\/v2\/product"}],"about":[{"href":"https:\/\/monocrom.com\/es\/wp-json\/wp\/v2\/types\/product"}],"wp:featuredmedia":[{"embeddable":true,"href":"https:\/\/monocrom.com\/es\/wp-json\/wp\/v2\/media\/7600"}],"wp:attachment":[{"href":"https:\/\/monocrom.com\/es\/wp-json\/wp\/v2\/media?parent=7710"}],"wp:term":[{"taxonomy":"product_brand","embeddable":true,"href":"https:\/\/monocrom.com\/es\/wp-json\/wp\/v2\/product_brand?post=7710"},{"taxonomy":"product_cat","embeddable":true,"href":"https:\/\/monocrom.com\/es\/wp-json\/wp\/v2\/product_cat?post=7710"},{"taxonomy":"product_tag","embeddable":true,"href":"https:\/\/monocrom.com\/es\/wp-json\/wp\/v2\/product_tag?post=7710"}],"curies":[{"name":"wp","href":"https:\/\/api.w.org\/{rel}","templated":true}]}}