{"id":7799,"date":"2023-11-13T11:02:15","date_gmt":"2023-11-13T11:02:15","guid":{"rendered":"http:\/\/monocrom.com\/?post_type=product&#038;p=7799"},"modified":"2023-11-27T11:59:29","modified_gmt":"2023-11-27T11:59:29","slug":"flex-m-2000-series","status":"publish","type":"product","link":"https:\/\/monocrom.com\/es\/product\/flex-m-2000-series\/","title":{"rendered":"Serie FLEX M-2000"},"content":{"rendered":"<div class=\"wpb-content-wrapper\"><div class=\"vc_row wpb_row section vc_row-fluid vc_inner vc_custom_1565634699873 grid_section\">\n<div class=\" section_inner clearfix\">\n<div class=\"section_inner_margin clearfix\">\n<div class=\"wpb_column vc_column_container vc_col-sm-12\">\n<div class=\"vc_column-inner\">\n<div class=\"wpb_wrapper\">\n<div class=\"wpb_text_column wpb_content_element \">\n<div class=\"wpb_wrapper\">\n<div class=\"wpdt-c wdt-skin-light\">\n<div id=\"table_1_wrapper\" class=\"dataTables_wrapper no-footer wpDataTables wpDataTablesWrapper wpDataTableID-26 wpdt-pagination-right\">\n<table id=\"table_1\" class=\"display nowrap data-t data-t wpDataTable wpDataTableID-26 dataTable no-footer\" data-described-by=\"table_1_desc\" data-wpdatatable_id=\"26\">\n<thead>\n<tr>\n<th class=\"wdtheader sort expand sorting_disabled column-laser\" colspan=\"1\" rowspan=\"1\" data-class=\"expand\">Laser<\/th>\n<th class=\"wdtheader sort sorting_disabled column-technicalspecifications\" colspan=\"1\" rowspan=\"1\">FLEX M-2000<\/th>\n<th class=\"wdtheader sort sorting_disabled column-wdtcolumn\" colspan=\"1\" rowspan=\"1\">FLEX M-2000 X (coming soon)<\/th>\n<\/tr>\n<\/thead>\n<tbody>\n<tr class=\"odd\">\n<td class=\" expand column-laser\">Wavelength [nm]<\/td>\n<td class=\" column-technicalspecifications\">1900-2200 (adjustable by design)<\/td>\n<td class=\" column-wdtcolumn\">1900-2200 (adjustable by design)<\/td>\n<\/tr>\n<tr class=\"even\">\n<td class=\" expand column-laser\">Spectral width [nm]<\/td>\n<td class=\" column-technicalspecifications\">&lt; 40<\/td>\n<td class=\" column-wdtcolumn\">&lt; 40<\/td>\n<\/tr>\n<tr class=\"odd\">\n<td class=\" expand column-laser\">Manufacturer<\/td>\n<td class=\" column-technicalspecifications\">Monocrom<\/td>\n<td class=\" column-wdtcolumn\">Monocrom<\/td>\n<\/tr>\n<tr class=\"even\">\n<td class=\" expand column-laser\">Dimensions [cm]<\/td>\n<td class=\" column-technicalspecifications\">42 x 38 x 15<\/td>\n<td class=\" column-wdtcolumn\">NA<\/td>\n<\/tr>\n<tr class=\"odd\">\n<td class=\" expand column-laser\">Weight [kg]<\/td>\n<td class=\" column-technicalspecifications\">25<\/td>\n<td class=\" column-wdtcolumn\">NA<\/td>\n<\/tr>\n<tr class=\"even\">\n<td class=\" expand column-laser\">Cooling system<\/td>\n<td class=\" column-technicalspecifications\">External water<\/td>\n<td class=\" column-wdtcolumn\">External water<\/td>\n<\/tr>\n<tr class=\"odd\">\n<td class=\" expand column-laser\">Peak power [W]<\/td>\n<td class=\" column-technicalspecifications\">190<\/td>\n<td class=\" column-wdtcolumn\">500<\/td>\n<\/tr>\n<tr class=\"even\">\n<td class=\" expand column-laser\">Average power [W]<\/td>\n<td class=\" column-technicalspecifications\">105<\/td>\n<td class=\" column-wdtcolumn\">280<\/td>\n<\/tr>\n<tr class=\"odd\">\n<td class=\" expand column-laser\">Pulse rate [Hz]<\/td>\n<td class=\" column-technicalspecifications\">1 &#8211; 1000<\/td>\n<td class=\" column-wdtcolumn\">1 &#8211; 1000<\/td>\n<\/tr>\n<tr class=\"even\">\n<td class=\" expand column-laser\">Pulse energy [J]<\/td>\n<td class=\" column-technicalspecifications\">Adjustable<\/td>\n<td class=\" column-wdtcolumn\">Adjustable<\/td>\n<\/tr>\n<tr class=\"odd\">\n<td class=\" expand column-laser\">Pulse width [ms]<\/td>\n<td class=\" column-technicalspecifications\">Adjustable<\/td>\n<td class=\" column-wdtcolumn\">Adjustable<\/td>\n<\/tr>\n<tr class=\"even\">\n<td class=\" expand column-laser\">Operation mode<\/td>\n<td class=\" column-technicalspecifications\">CW\/modulated<\/td>\n<td class=\" column-wdtcolumn\">CW\/modulated<\/td>\n<\/tr>\n<tr class=\"odd\">\n<td class=\" expand column-laser\">Fiber core [\u00b5m]<\/td>\n<td class=\" column-technicalspecifications\">\u2265 200<\/td>\n<td class=\" column-wdtcolumn\">\u2265 200<\/td>\n<\/tr>\n<\/tbody>\n<\/table>\n<\/div>\n<\/div>\n<\/div>\n<\/div>\n<\/div>\n<\/div>\n<\/div>\n<\/div>\n<\/div>\n<\/div>\n<div class=\"vc_empty_space\"><\/div>\n<\/div>","protected":false},"excerpt":{"rendered":"<div class=\"wpb_text_column wpb_content_element\">\n<div class=\"wpb_wrapper\">\n<p>Presentaci\u00f3n de la serie FLEX M-2000, soluci\u00f3n de fibra acoplada en la<strong>\u00a02 \u00b5m de longitud de onda<\/strong>\u00a0<strong>gama<\/strong>\u00a0(l\u00e1ser de 2000 nm) para\u00a0<strong>Cirug\u00eda de tejidos blandos, litotricia por l\u00e1ser y procedimientos de endourolog\u00eda.\u00a0<\/strong><\/p>\n<p>En el nuevo M-2000, la longitud de onda puede personalizarse para ajustarse con \u00e9xito al pico de absorci\u00f3n del tejido objetivo. De este modo, se garantiza un alto \u00edndice de ablaci\u00f3n, lo que se traduce en mejores resultados de tratamiento y procedimientos m\u00e1s cortos.<\/p>\n<\/div>\n<\/div>\n<div class=\"vc_empty_space\"><\/div>\n<div class=\"wpb_text_column wpb_content_element\">\n<div class=\"wpb_wrapper\">\n<p>Es adecuado para aplicaciones m\u00e9dicas. Esta soluci\u00f3n llega al mercado para resolver las limitaciones de longitud de onda y como alternativa rentable de otros l\u00e1seres de uso com\u00fan, como los l\u00e1seres de estado s\u00f3lido Holmium:YAG y de fibra de tulio. Mientras que la longitud de onda de emisi\u00f3n de estos l\u00e1seres no coincide exactamente con el pico de absorci\u00f3n del agua en torno a 2 \u00b5m, el FLEX M-2000 ofrece la posibilidad de ajustar la longitud de onda por dise\u00f1o para que coincida perfectamente con el pico de absorci\u00f3n del agua, lo que se traduce en una ablaci\u00f3n m\u00e1s eficaz.<\/p>\n<\/div>\n<\/div>\n<div class=\"vc_empty_space\">Pulsado electr\u00f3nicamente a una frecuencia que puede superar los 1.000 Hz, un valor varias veces superior a la frecuencia de pulsos est\u00e1ndar del mercado de 20-80 Hz, la serie FLEX M-2000 abre la posibilidad de estrategias de tratamiento m\u00e1s diversas. La eficacia m\u00e1xima alcanzada es de unos 5%, lo que supone 4 veces m\u00e1s en comparaci\u00f3n con un l\u00e1ser Ho:YAG (1-2%). Esta fuente l\u00e1ser puede funcionar eficazmente en onda continua (CW) y en modo pulsado.<\/div>\n<div class=\"wpb_text_column wpb_content_element\">\n<div class=\"wpb_wrapper\">\n<p>Se ofrece una amplia variedad de di\u00e1metros de n\u00facleo de fibra \u00f3ptica para adaptarse mejor a las necesidades de la aplicaci\u00f3n.<\/p>\n<\/div>\n<\/div>","protected":false},"featured_media":7802,"template":"","meta":{"_acf_changed":false},"product_brand":[],"product_cat":[246,225],"product_tag":[397,396],"class_list":{"0":"post-7799","1":"product","2":"type-product","3":"status-publish","4":"has-post-thumbnail","6":"product_cat-laser-modules","7":"product_cat-fiber-coupled-lasers","8":"product_tag-100w-cw-laser","9":"product_tag-2000-nm","10":"pa_aerospace-defense-lidar-laser-technology","11":"pa_aerospace-defense-optical-pumping","12":"pa_aerospace-defense-security-target-acquisition","13":"pa_industrial-imaging","14":"pa_industrial-optical-pumping","15":"pa_industrial-sorting-in-food-industry","16":"pa_medical-aesthetics-aesthetics-dermatology","18":"first","19":"instock","20":"shipping-taxable","21":"product-type-simple"},"acf":[],"_links":{"self":[{"href":"https:\/\/monocrom.com\/es\/wp-json\/wp\/v2\/product\/7799","targetHints":{"allow":["GET"]}}],"collection":[{"href":"https:\/\/monocrom.com\/es\/wp-json\/wp\/v2\/product"}],"about":[{"href":"https:\/\/monocrom.com\/es\/wp-json\/wp\/v2\/types\/product"}],"wp:featuredmedia":[{"embeddable":true,"href":"https:\/\/monocrom.com\/es\/wp-json\/wp\/v2\/media\/7802"}],"wp:attachment":[{"href":"https:\/\/monocrom.com\/es\/wp-json\/wp\/v2\/media?parent=7799"}],"wp:term":[{"taxonomy":"product_brand","embeddable":true,"href":"https:\/\/monocrom.com\/es\/wp-json\/wp\/v2\/product_brand?post=7799"},{"taxonomy":"product_cat","embeddable":true,"href":"https:\/\/monocrom.com\/es\/wp-json\/wp\/v2\/product_cat?post=7799"},{"taxonomy":"product_tag","embeddable":true,"href":"https:\/\/monocrom.com\/es\/wp-json\/wp\/v2\/product_tag?post=7799"}],"curies":[{"name":"wp","href":"https:\/\/api.w.org\/{rel}","templated":true}]}}