{"id":8219,"date":"2023-11-22T12:20:40","date_gmt":"2023-11-22T12:20:40","guid":{"rendered":"http:\/\/monocrom.com\/?post_type=product&#038;p=8219"},"modified":"2024-02-06T13:39:37","modified_gmt":"2024-02-06T13:39:37","slug":"stack-diodo-laser-encapsulado-sin-puntera","status":"publish","type":"product","link":"https:\/\/monocrom.com\/es\/product\/encapsulated-diode-laser-stack-without-tip\/","title":{"rendered":"Pila de l\u00e1ser de diodo encapsulado sin punta"},"content":{"rendered":"<div class=\"wpb_text_column wpb_content_element \">\n<div class=\"wpb_wrapper\">\n<p><span style=\"color: #ffffff;\">Encapsulated Diode Laser Stack without Tip<\/span><\/p>\n<\/div>\n<\/div>\n<div class=\"wpb_text_column wpb_content_element tbl_specs no_mobile\">\n<div class=\"wpb_wrapper\">\n<div class=\"wpdt-c wdt-skin-light\">\n<div id=\"table_1_wrapper\" class=\"dataTables_wrapper no-footer wpDataTables wpDataTablesWrapper wpDataTableID-19 wpdt-pagination-right\">\n<table id=\"table_1\" class=\"display nowrap data-t data-t wpDataTable wpDataTableID-19 dataTable no-footer\" data-described-by=\"table_1_desc\" data-wpdatatable_id=\"19\">\n<tbody>\n<tr class=\"odd\">\n<td class=\" expand column-technicalspecifications\">Wavelength [nm]<\/td>\n<td class=\" column-wdtcolumn\">760, 808, 1064 (single or combined)<\/td>\n<\/tr>\n<tr class=\"even\">\n<td class=\" expand column-technicalspecifications\">Power [W]<\/td>\n<td class=\" column-wdtcolumn\">800 -6000<\/td>\n<\/tr>\n<tr class=\"odd\">\n<td class=\" expand column-technicalspecifications\">Cooling<\/td>\n<td class=\" column-wdtcolumn\">Active\/Conductive<\/td>\n<\/tr>\n<tr class=\"even\">\n<td class=\" expand column-technicalspecifications\">Operation mode<\/td>\n<td class=\" column-wdtcolumn\">QCW<\/td>\n<\/tr>\n<\/tbody>\n<\/table>\n<\/div>\n<\/div>\n<\/div>\n<\/div>\n","protected":false},"excerpt":{"rendered":"<p>Pila de l\u00e1ser de diodo encapsulado sin punta<\/p>\n<p>Suministramos m\u00f3dulos de diodo l\u00e1ser Plug &amp; Play con uno o varios<br \/>\npilas de l\u00e1ser (longitudes de onda simples o combinadas). L\u00e1ser encapsulado<br \/>\nLas pilas son m\u00e1s f\u00e1ciles de manejar porque la barra l\u00e1ser se guarda en un<br \/>\ncaja aislada del exterior. No son necesarias condiciones de sala limpia<br \/>\nal manipular estos dispositivos l\u00e1ser. Existe una gran variedad de puntas y \u00f3pticas<br \/>\ndisponible.<\/p>\n<p>M\u00f3dulos de diodo l\u00e1ser sin<br \/>\nM\u00f3dulos de diodo l\u00e1ser con punta<\/p>\n<p>&nbsp;<\/p>\n<p><a href=\"https:\/\/monocrom.com\/wp-admin\/admin-ajax.php?action=frm_forms_preview&amp;form=download_pdf_hairremovailstarterkit&amp;theme=1\" target=\"_blank\" rel=\"noopener\"><span style=\"color: #3366ff;\">Descargar el cat\u00e1logo de depilaci\u00f3n<\/span><\/a><span style=\"color: #3366ff;\"> &gt;&gt;<\/span><\/p>\n<p>***Opticas personalizadas disponibles bajo pedido<br \/>\nD36: \u00f8 36 mm - una pila por m\u00f3dulo<br \/>\nD49: \u00f8 49 mm - una o dos pilas de<br \/>\nmismas\/diferentes longitudes de onda<\/p>\n<p>&nbsp;<\/p>\n<p><span style=\"color: #3366ff;\"><a style=\"color: #3366ff;\" href=\"https:\/\/monocrom.com\/es\/mercados\/medicina-y-estetica\/estetica-y-dermatologia\/laseres-de-depilacion\/\" target=\"_blank\" rel=\"noopener\">M\u00e1s informaci\u00f3n &gt;&gt;<\/a><\/span><\/p>","protected":false},"featured_media":6057,"template":"","meta":{"_acf_changed":false},"product_brand":[],"product_cat":[93,408,246],"product_tag":[228,227,400,395],"class_list":{"0":"post-8219","1":"product","2":"type-product","3":"status-publish","4":"has-post-thumbnail","6":"product_cat-diode-lasers","7":"product_cat-encapsulated-diode-laser-stack-without-tip","8":"product_cat-laser-modules","9":"product_tag-clamping","10":"product_tag-diode-lasers","11":"product_tag-encapsulated","12":"product_tag-hair-removal","13":"pa_aerospace-defense-lidar-laser-technology","14":"pa_aerospace-defense-optical-pumping","15":"pa_aerospace-defense-security-target-acquisition","16":"pa_industrial-imaging","17":"pa_industrial-optical-pumping","18":"pa_industrial-sorting-in-food-industry","19":"pa_medical-aesthetics-aesthetics-dermatology","21":"first","22":"instock","23":"shipping-taxable","24":"product-type-simple"},"acf":[],"_links":{"self":[{"href":"https:\/\/monocrom.com\/es\/wp-json\/wp\/v2\/product\/8219","targetHints":{"allow":["GET"]}}],"collection":[{"href":"https:\/\/monocrom.com\/es\/wp-json\/wp\/v2\/product"}],"about":[{"href":"https:\/\/monocrom.com\/es\/wp-json\/wp\/v2\/types\/product"}],"wp:featuredmedia":[{"embeddable":true,"href":"https:\/\/monocrom.com\/es\/wp-json\/wp\/v2\/media\/6057"}],"wp:attachment":[{"href":"https:\/\/monocrom.com\/es\/wp-json\/wp\/v2\/media?parent=8219"}],"wp:term":[{"taxonomy":"product_brand","embeddable":true,"href":"https:\/\/monocrom.com\/es\/wp-json\/wp\/v2\/product_brand?post=8219"},{"taxonomy":"product_cat","embeddable":true,"href":"https:\/\/monocrom.com\/es\/wp-json\/wp\/v2\/product_cat?post=8219"},{"taxonomy":"product_tag","embeddable":true,"href":"https:\/\/monocrom.com\/es\/wp-json\/wp\/v2\/product_tag?post=8219"}],"curies":[{"name":"wp","href":"https:\/\/api.w.org\/{rel}","templated":true}]}}