{"id":8224,"date":"2023-11-22T13:06:32","date_gmt":"2023-11-22T13:06:32","guid":{"rendered":"http:\/\/monocrom.com\/?post_type=product&#038;p=8224"},"modified":"2024-02-06T13:39:17","modified_gmt":"2024-02-06T13:39:17","slug":"stack-diodo-laser-encapsulado-con-puntera","status":"publish","type":"product","link":"https:\/\/monocrom.com\/es\/product\/encapsulated-diode-laser-stack-with-tip\/","title":{"rendered":"Pila de l\u00e1ser de diodo encapsulado con punta"},"content":{"rendered":"<div class=\"wpb_text_column wpb_content_element tbl_specs no_mobile\">\n<div class=\"wpb_wrapper\">\n<div class=\"wpdt-c wdt-skin-light\">\n<div id=\"table_3_wrapper\" class=\"dataTables_wrapper no-footer wpDataTables wpDataTablesWrapper wpDataTableID-22 wpdt-pagination-right\">\n<table id=\"table_3\" class=\"display nowrap data-t data-t wpDataTable wpDataTableID-22 dataTable no-footer\" data-described-by=\"table_3_desc\" data-wpdatatable_id=\"22\">\n<tbody>\n<tr class=\"odd\">\n<td class=\" expand column-technicalspecifications\">Wavelength [nm]<\/td>\n<td class=\" column-wdtcolumn\">760\/808\/1064 (single or combined)<\/td>\n<\/tr>\n<tr class=\"even\">\n<td class=\" expand column-technicalspecifications\">Power [W]<\/td>\n<td class=\" column-wdtcolumn\">up to 2500<\/td>\n<\/tr>\n<tr class=\"odd\">\n<td class=\" expand column-technicalspecifications\">Pulse width [ms]<\/td>\n<td class=\" column-wdtcolumn\">up to 500<\/td>\n<\/tr>\n<tr class=\"even\">\n<td class=\" expand column-technicalspecifications\">Optical Transmission Efficiency [%]<\/td>\n<td class=\" column-wdtcolumn\">up to 90<\/td>\n<\/tr>\n<tr class=\"odd\">\n<td class=\" expand column-technicalspecifications\">Spot size [cm2]<\/td>\n<td class=\" column-wdtcolumn\">1,5 &#8211; 2,0<\/td>\n<\/tr>\n<tr class=\"even\">\n<td class=\" expand column-technicalspecifications\">Aiming beam (included as standard) [nm]<\/td>\n<td class=\" column-wdtcolumn\">520<\/td>\n<\/tr>\n<\/tbody>\n<\/table>\n<\/div>\n<\/div>\n<\/div>\n<\/div>\n<div class=\"vc_empty_space\"><\/div>\n","protected":false},"excerpt":{"rendered":"<p><span style=\"color: #ffffff;\">Pila de l\u00e1ser de diodo encapsulado con punta<\/span><\/p>\n<p>Suministramos m\u00f3dulos de diodo l\u00e1ser Plug &amp; Play con uno o varios<br \/>\npilas de l\u00e1ser (longitudes de onda simples o combinadas). L\u00e1ser encapsulado<br \/>\nLas pilas son m\u00e1s f\u00e1ciles de manejar porque la barra l\u00e1ser se guarda en un<br \/>\ncaja aislada del exterior. No son necesarias condiciones de sala limpia<br \/>\nal manipular estos dispositivos l\u00e1ser. Existe una gran variedad de puntas y \u00f3pticas<br \/>\ndisponible.<\/p>\n<p>&nbsp;<\/p>\n<p>M\u00f3dulos de diodo l\u00e1ser sin<br \/>\nM\u00f3dulos de diodo l\u00e1ser con punta<\/p>\n<p>&nbsp;<\/p>\n<p><a href=\"https:\/\/monocrom.com\/wp-admin\/admin-ajax.php?action=frm_forms_preview&amp;form=download_pdf_hairremovailstarterkit&amp;theme=1\" target=\"_blank\" rel=\"noopener\"><span style=\"color: #3366ff;\">Descargar el cat\u00e1logo de depilaci\u00f3n &gt;&gt;<\/span><\/a><\/p>\n<p>&nbsp;<\/p>\n<p>***Opticas personalizadas disponibles bajo pedido<br \/>\nD36: \u00f8 36 mm - una pila por m\u00f3dulo<br \/>\nD49: \u00f8 49 mm - una o dos pilas de longitudes de onda iguales\/diferentes<\/p>\n<p>&nbsp;<\/p>\n<p><span style=\"color: #3366ff;\"><a style=\"color: #3366ff;\" href=\"https:\/\/monocrom.com\/es\/mercados\/medicina-y-estetica\/estetica-y-dermatologia\/laseres-de-depilacion\/\" target=\"_blank\" rel=\"noopener\">M\u00e1s informaci\u00f3n &gt;&gt;<\/a><\/span><\/p>","protected":false},"featured_media":6059,"template":"","meta":{"_acf_changed":false},"product_brand":[],"product_cat":[93,407,246],"product_tag":[228,227,400,395,401],"class_list":{"0":"post-8224","1":"product","2":"type-product","3":"status-publish","4":"has-post-thumbnail","6":"product_cat-diode-lasers","7":"product_cat-encapsulated-diode-laser-stack-with-tip","8":"product_cat-laser-modules","9":"product_tag-clamping","10":"product_tag-diode-lasers","11":"product_tag-encapsulated","12":"product_tag-hair-removal","13":"product_tag-tip","14":"pa_aerospace-defense-lidar-laser-technology","15":"pa_aerospace-defense-optical-pumping","16":"pa_aerospace-defense-security-target-acquisition","17":"pa_industrial-imaging","18":"pa_industrial-optical-pumping","19":"pa_industrial-sorting-in-food-industry","20":"pa_medical-aesthetics-aesthetics-dermatology","22":"first","23":"instock","24":"shipping-taxable","25":"product-type-simple"},"acf":[],"_links":{"self":[{"href":"https:\/\/monocrom.com\/es\/wp-json\/wp\/v2\/product\/8224","targetHints":{"allow":["GET"]}}],"collection":[{"href":"https:\/\/monocrom.com\/es\/wp-json\/wp\/v2\/product"}],"about":[{"href":"https:\/\/monocrom.com\/es\/wp-json\/wp\/v2\/types\/product"}],"wp:featuredmedia":[{"embeddable":true,"href":"https:\/\/monocrom.com\/es\/wp-json\/wp\/v2\/media\/6059"}],"wp:attachment":[{"href":"https:\/\/monocrom.com\/es\/wp-json\/wp\/v2\/media?parent=8224"}],"wp:term":[{"taxonomy":"product_brand","embeddable":true,"href":"https:\/\/monocrom.com\/es\/wp-json\/wp\/v2\/product_brand?post=8224"},{"taxonomy":"product_cat","embeddable":true,"href":"https:\/\/monocrom.com\/es\/wp-json\/wp\/v2\/product_cat?post=8224"},{"taxonomy":"product_tag","embeddable":true,"href":"https:\/\/monocrom.com\/es\/wp-json\/wp\/v2\/product_tag?post=8224"}],"curies":[{"name":"wp","href":"https:\/\/api.w.org\/{rel}","templated":true}]}}