{"id":9457,"date":"2024-01-29T08:40:14","date_gmt":"2024-01-29T08:40:14","guid":{"rendered":"http:\/\/monocrom.com\/?post_type=product&#038;p=9457"},"modified":"2024-04-22T12:58:19","modified_gmt":"2024-04-22T12:58:19","slug":"serie-liom","status":"publish","type":"product","link":"https:\/\/monocrom.com\/es\/product\/liom-series\/","title":{"rendered":"Serie LiOM"},"content":{"rendered":"<div class=\"wpb_text_column wpb_content_element\">\n<div class=\"wpb_wrapper\">\n<p><span style=\"color: #3366ff;\"><a style=\"color: #3366ff;\" href=\"https:\/\/monocrom.com\/es\/mercados\/aeroespacial-y-defensa\/tecnologia-laser-lidar\/\" target=\"_blank\" rel=\"noopener\">Tecnolog\u00eda l\u00e1ser LiDAR<\/a><\/span><\/p>\n<h3><span style=\"color: #3366ff;\"><a style=\"color: #3366ff;\" href=\"https:\/\/monocrom.com\/es\/producto\/serie-liom\/\" target=\"_blank\" rel=\"noopener\">Serie LiOM<\/a><\/span><\/h3>\n<p>&nbsp;<\/p>\n<h3 class=\"contact-page-title\"><span style=\"font-size: 16px;\">LiOM S6<\/span><\/h3>\n<\/div>\n<\/div>\n<div class=\"wpb_text_column wpb_content_element\">\n<div class=\"wpb_wrapper\">\n<div class=\"wpb_text_column wpb_content_element\">\n<div class=\"wpb_wrapper\">\n<p><span style=\"color: #000000;\">Una variante m\u00e1s potente de nuestro modelo LiOM S9. La potencia m\u00e1xima es de 1000 W con una duraci\u00f3n de impulso de 100 ns. La mayor potencia y los pulsos m\u00e1s largos influyen en la frecuencia de repetici\u00f3n de pulsos, que es de 10 kHz. La aplicaci\u00f3n de dise\u00f1o es iToF (tiempo de vuelo indirecto). Ofrecemos este modelo en dos versiones: 500 W y 1000 W de potencia pico de salida de fibra.<\/span><\/p>\n<\/div>\n<\/div>\n<div class=\"vc_empty_space\"><\/div>\n<div class=\"wpb_text_column wpb_content_element vc_custom_1618921422097\">\n<div class=\"wpb_wrapper\">\n<ul>\n<li>Tiempo de vuelo indirecto (iToF)<\/li>\n<\/ul>\n<p><span style=\"color: #3366ff;\"><a style=\"color: #3366ff;\" href=\"https:\/\/monocrom.com\/wp-admin\/admin-ajax.php?action=frm_forms_preview&amp;form=lioms6&amp;theme=1\" target=\"_blank\" rel=\"noopener\"><span style=\"color: #000000;\">Ficha t\u00e9cnica<\/span> LiOM-S6\/7<\/a><\/span><\/p>\n<\/div>\n<\/div>\n<\/div>\n<\/div>\n<div>\n<h3><\/h3>\n<h3 class=\"contact-page-title\"><span style=\"font-size: 16px;\">LiOM S9<\/span><\/h3>\n<p>&nbsp;<\/p>\n<\/div>\n<div class=\"vc_empty_space\">El m\u00f3dulo l\u00e1ser est\u00e1 dise\u00f1ado para escanear LiDAR e impresiona por su corta duraci\u00f3n de pulso de 6,5 ns con una frecuencia de repetici\u00f3n de pulso de hasta 200 kHz. Los pulsos tienen una potencia m\u00e1xima de 200 W. Opcionalmente, podemos suministrar este m\u00f3dulo con \u00f3ptica de colimaci\u00f3n de fibra.<\/div>\n<div class=\"vc_empty_space\"><\/div>\n<div class=\"wpb_text_column wpb_content_element vc_custom_1618921452555\">\n<div class=\"wpb_wrapper\">\n<ul>\n<li>LiDAR de barrido<\/li>\n<\/ul>\n<p><span style=\"color: #3366ff;\"><span style=\"color: #000000;\">\u00a0<\/span><a style=\"color: #3366ff;\" href=\"https:\/\/monocrom.com\/wp-admin\/admin-ajax.php?action=frm_forms_preview&amp;form=lioms9&amp;theme=1\" target=\"_blank\" rel=\"noopener\"><span style=\"color: #000000;\">Ficha de datos<\/span> <span style=\"color: #3366ff;\">LiOM-S9<\/span><\/a><\/span><\/p>\n<\/div>\n<p>&nbsp;<\/p>\n<div class=\"wpb_wrapper\">\n<div class=\"wpb_text_column wpb_content_element\">\n<h3 class=\"contact-page-title\"><span style=\"font-size: 16px;\">LiOM S10<\/span><\/h3>\n<\/div>\n<\/div>\n<\/div>\n<div class=\"vc_empty_space\">Los requisitos de seguridad ocular e iluminaci\u00f3n homog\u00e9nea del \"campo de visi\u00f3n\" son decisivos en este caso. La aplicaci\u00f3n es la captura de im\u00e1genes con compuerta, que se aproxima al llamado flash LiDAR. Por ello, este m\u00f3dulo est\u00e1 equipado con una fibra cuadrada. El propio l\u00e1ser est\u00e1 dise\u00f1ado como CW y puede adaptarse a diferentes duraciones y velocidades de pulso con la electr\u00f3nica de controlador adecuada.<\/div>\n<div class=\"vc_empty_space\"><\/div>\n<div class=\"wpb_text_column wpb_content_element vc_custom_1618921347809\">\n<div class=\"wpb_wrapper\">\n<ul>\n<li>Im\u00e1genes cerradas<\/li>\n<li>Flash LiDAR<\/li>\n<\/ul>\n<p><span style=\"color: #3366ff;\"><span style=\"color: #000000;\">\u00a0<\/span><a style=\"color: #3366ff;\" href=\"https:\/\/monocrom.com\/wp-admin\/admin-ajax.php?action=frm_forms_preview&amp;form=lioms10&amp;theme=1\" target=\"_blank\" rel=\"noopener\"><span style=\"color: #000000;\">Ficha de datos <\/span>LiOM-S10\/<\/a><a style=\"color: #3366ff;\" href=\"https:\/\/monocrom.com\/wp-admin\/admin-ajax.php?action=frm_forms_preview&amp;form=lioms10&amp;theme=1\" target=\"_blank\" rel=\"noopener\">1<\/a><a style=\"color: #3366ff;\" href=\"https:\/\/monocrom.com\/wp-admin\/admin-ajax.php?action=frm_forms_preview&amp;form=lioms10&amp;theme=1\" target=\"_blank\" rel=\"noopener\">5<\/a><\/span><\/p>\n<\/div>\n<\/div>","protected":false},"excerpt":{"rendered":"<div class=\"wpb_text_column wpb_content_element\">\n<div class=\"wpb_wrapper\">\n<p>Presentaci\u00f3n de\u00a0<span style=\"color: #3366ff;\"><strong><a style=\"color: #3366ff;\" href=\"https:\/\/monocrom.com\/es\/mercados\/aeroespacial-y-defensa\/tecnologia-laser-lidar\/serie-liom\/\" target=\"_blank\" rel=\"noopener\">Serie LiOM<\/a>,<\/strong><\/span> S6, S9, S10 de l\u00e1seres muy especiales, de pulso corto, acoplados a fibra para <span style=\"color: #3366ff;\"><a style=\"color: #3366ff;\" href=\"https:\/\/monocrom.com\/es\/mercados\/aeroespacial-y-defensa\/tecnologia-laser-lidar\/\" target=\"_blank\" rel=\"noopener\">Aplicaciones LiDAR<\/a>.<\/span> Estos l\u00e1seres est\u00e1n dise\u00f1ados para aplicaciones LiDAR de barrido, flash o iToF, y tambi\u00e9n pueden utilizarse para otras. Todos estos m\u00f3dulos est\u00e1n alojados en la misma carcasa y equipados con una fibra \"desmontable\". La electr\u00f3nica del controlador se encuentra en la carcasa y el cliente s\u00f3lo tiene que suministrar la tensi\u00f3n continua necesaria para que el l\u00e1ser funcione.<\/p>\n<\/div>\n<\/div>","protected":false},"featured_media":10262,"template":"","meta":{"_acf_changed":false},"product_brand":[],"product_cat":[225,471,246],"product_tag":[439,438],"class_list":{"0":"post-9457","1":"product","2":"type-product","3":"status-publish","4":"has-post-thumbnail","6":"product_cat-fiber-coupled-lasers","7":"product_cat-liom-series","8":"product_cat-laser-modules","9":"product_tag-lidar","10":"product_tag-liom","12":"first","13":"instock","14":"featured","15":"shipping-taxable","16":"product-type-simple"},"acf":[],"_links":{"self":[{"href":"https:\/\/monocrom.com\/es\/wp-json\/wp\/v2\/product\/9457","targetHints":{"allow":["GET"]}}],"collection":[{"href":"https:\/\/monocrom.com\/es\/wp-json\/wp\/v2\/product"}],"about":[{"href":"https:\/\/monocrom.com\/es\/wp-json\/wp\/v2\/types\/product"}],"wp:featuredmedia":[{"embeddable":true,"href":"https:\/\/monocrom.com\/es\/wp-json\/wp\/v2\/media\/10262"}],"wp:attachment":[{"href":"https:\/\/monocrom.com\/es\/wp-json\/wp\/v2\/media?parent=9457"}],"wp:term":[{"taxonomy":"product_brand","embeddable":true,"href":"https:\/\/monocrom.com\/es\/wp-json\/wp\/v2\/product_brand?post=9457"},{"taxonomy":"product_cat","embeddable":true,"href":"https:\/\/monocrom.com\/es\/wp-json\/wp\/v2\/product_cat?post=9457"},{"taxonomy":"product_tag","embeddable":true,"href":"https:\/\/monocrom.com\/es\/wp-json\/wp\/v2\/product_tag?post=9457"}],"curies":[{"name":"wp","href":"https:\/\/api.w.org\/{rel}","templated":true}]}}